{"id":981,"date":"2021-08-30T06:16:24","date_gmt":"2021-08-30T06:16:24","guid":{"rendered":"http:\/\/pon-von-der-wuschelbande.de\/?page_id=981"},"modified":"2025-09-25T07:04:34","modified_gmt":"2025-09-25T07:04:34","slug":"bella-pon-von-sankt-wippertus","status":"publish","type":"page","link":"https:\/\/pon-von-der-wuschelbande.de\/?page_id=981","title":{"rendered":"Bella PON von Sankt Wippertus"},"content":{"rendered":"<div ><style id=\"wp_carousel_dynamic_css1543\">#sp-wp-carousel-free-id-1543 .wpcp-swiper-dots {margin: 40px 0px 0px 0px;}.wpcp-wrapper-1543 .swiper-wrapper .swiper-slide-kenburn, .wpcp-wrapper-1543 .swiper-wrapper, .wpcp-wrapper-1543 .wpcpro-row{align-items: center;}#sp-wp-carousel-free-id-1543 .wpcp-single-item {box-shadow: 0px 0px 0px 0px #dddddd;transition: all .3s;margin: 0px;}#sp-wp-carousel-free-id-1543.swiper-flip .wpcp-single-item{margin: 0!important;}#sp-wp-carousel-free-id-1543 .wpcp-single-item:hover {box-shadow: 0px 0px 0px 0px #dddddd;}#sp-wp-carousel-free-id-1543.sp-wpcp-1543 .wpcp-single-item {border: 1px solid #dddddd;}#sp-wp-carousel-free-id-1543.sp-wpcp-1543 .swiper-button-prev,#sp-wp-carousel-free-id-1543.sp-wpcp-1543 .swiper-button-next,#sp-wp-carousel-free-id-1543.sp-wpcp-1543 .swiper-button-prev:hover,#sp-wp-carousel-free-id-1543.sp-wpcp-1543 .swiper-button-next:hover {background: none;border: none;font-size: 30px;}#sp-wp-carousel-free-id-1543.sp-wpcp-1543 .swiper-button-prev i,#sp-wp-carousel-free-id-1543.sp-wpcp-1543 .swiper-button-next i {color: #aaa;}#sp-wp-carousel-free-id-1543.sp-wpcp-1543 .swiper-button-prev i:hover,#sp-wp-carousel-free-id-1543.sp-wpcp-1543 .swiper-button-next i:hover {color: #178087;}#sp-wp-carousel-free-id-1543.sp-wpcp-1543 .wpcp-swiper-dots .swiper-pagination-bullet {background-color: #cccccc;}#sp-wp-carousel-free-id-1543.sp-wpcp-1543 .wpcp-swiper-dots .swiper-pagination-bullet.swiper-pagination-bullet-active {background-color: #178087;} #sp-wp-carousel-free-id-1543.sp-wpcp-1543.wpcp-image-carousel .wpcp-single-item:hover img, #sp-wp-carousel-free-id-1543.sp-wpcp-1543.wpcp-post-carousel .wpcp-single-item:hover img, #sp-wp-carousel-free-id-1543.sp-wpcp-1543.wpcp-product-carousel .wpcp-single-item:hover img{-webkit-transform: scale(1.2);-moz-transform: scale(1.2);transform: scale(1.2);}#sp-wp-carousel-free-id-1543 .wpcpro-row>[class*=\"wpcpro-col-\"] { padding: 0 10px; padding-bottom: 20px;} #sp-wp-carousel-free-id-1543 .swiper-slide .single-item-fade:not(:last-child) { margin-right: 20px;}@media (min-width: 480px) { .wpcpro-row .wpcpro-col-sm-1 { flex: 0 0 100%; max-width: 100%; } .wpcpro-row .wpcpro-col-sm-2 { flex: 0 0 50%; max-width: 50%; } .wpcpro-row .wpcpro-col-sm-2-5 { flex: 0 0 75%; max-width: 75%; } .wpcpro-row .wpcpro-col-sm-3 { flex: 0 0 33.333%; max-width: 33.333%; } .wpcpro-row .wpcpro-col-sm-4 { flex: 0 0 25%; max-width: 25%; } .wpcpro-row .wpcpro-col-sm-5 { flex: 0 0 20%; max-width: 20%; } .wpcpro-row .wpcpro-col-sm-6 { flex: 0 0 16.66666666666667%; max-width: 16.66666666666667%; } .wpcpro-row .wpcpro-col-sm-7 { flex: 0 0 14.28571428%; max-width: 14.28571428%; } .wpcpro-row .wpcpro-col-sm-8 { flex: 0 0 12.5%; max-width: 12.5%; } } @media (max-width: 480px) { .wpcpro-row .wpcpro-col-xs-1 { flex: 0 0 100%; max-width: 100%; } .wpcpro-row .wpcpro-col-xs-2 { flex: 0 0 50%; max-width: 50%; } .wpcpro-row .wpcpro-col-xs-3 { flex: 0 0 33.222%; max-width: 33.222%; } .wpcpro-row .wpcpro-col-xs-4 { flex: 0 0 25%; max-width: 25%; } .wpcpro-row .wpcpro-col-xs-5 { flex: 0 0 20%; max-width: 20%; } .wpcpro-row .wpcpro-col-xs-6 { flex: 0 0 16.6667%; max-width: 16.6667%; } .wpcpro-row .wpcpro-col-xs-7 { flex: 0 0 14.28571428%; max-width: 14.28571428%; } .wpcpro-row .wpcpro-col-xs-8 { flex: 0 0 12.5%; max-width: 12.5%; } } @media (min-width: 736px) { .wpcpro-row .wpcpro-col-md-1 { flex: 0 0 100%; max-width: 100%; } .wpcpro-row .wpcpro-col-md-2 { flex: 0 0 50%; max-width: 50%; } .wpcpro-row .wpcpro-col-md-2-5 { flex: 0 0 75%; max-width: 75%; } .wpcpro-row .wpcpro-col-md-3 { flex: 0 0 33.333%; max-width: 33.333%; } .wpcpro-row .wpcpro-col-md-4 { flex: 0 0 25%; max-width: 25%; } .wpcpro-row .wpcpro-col-md-5 { flex: 0 0 20%; max-width: 20%; } .wpcpro-row .wpcpro-col-md-6 { flex: 0 0 16.66666666666667%; max-width: 16.66666666666667%; } .wpcpro-row .wpcpro-col-md-7 { flex: 0 0 14.28571428%; max-width: 14.28571428%; } .wpcpro-row .wpcpro-col-md-8 { flex: 0 0 12.5%; max-width: 12.5%; } } @media (min-width: 980px) { .wpcpro-row .wpcpro-col-lg-1 { flex: 0 0 100%; max-width: 100%; } .wpcpro-row .wpcpro-col-lg-2 { flex: 0 0 50%; max-width: 50%; } .wpcpro-row .wpcpro-col-lg-3 { flex: 0 0 33.222%; max-width: 33.222%; } .wpcpro-row .wpcpro-col-lg-4 { flex: 0 0 25%; max-width: 25%; } .wpcpro-row .wpcpro-col-lg-5 { flex: 0 0 20%; max-width: 20%; } .wpcpro-row .wpcpro-col-lg-6 { flex: 0 0 16.6667%; max-width: 16.6667%; } .wpcpro-row .wpcpro-col-lg-7 { flex: 0 0 14.28571428%; max-width: 14.28571428%; } .wpcpro-row .wpcpro-col-lg-8 { flex: 0 0 12.5%; max-width: 12.5%; } } @media (min-width: 1200px) { .wpcpro-row .wpcpro-col-xl-1 { flex: 0 0 100%; max-width: 100%; } .wpcpro-row .wpcpro-col-xl-2 { flex: 0 0 50%; max-width: 50%; } .wpcpro-row .wpcpro-col-xl-3 { flex: 0 0 33.22222222%; max-width: 33.22222222%; } .wpcpro-row .wpcpro-col-xl-4 { flex: 0 0 25%; max-width: 25%; } .wpcpro-row .wpcpro-col-xl-5 { flex: 0 0 20%; max-width: 20%; } .wpcpro-row .wpcpro-col-xl-6 { flex: 0 0 16.66667%; max-width: 16.66667%; } .wpcpro-row .wpcpro-col-xl-7 { flex: 0 0 14.28571428%; max-width: 14.28571428%; } .wpcpro-row .wpcpro-col-xl-8 { flex: 0 0 12.5%; max-width: 12.5%; } }<\/style><div class=\"wpcp-carousel-wrapper wpcp-wrapper-1543\">\n\t<div id=\"wpcp-preloader-1543\" class=\"wpcp-carousel-preloader\"><img decoding=\"async\" src=\"https:\/\/pon-von-der-wuschelbande.de\/wp-content\/plugins\/wp-carousel-free\/public\/css\/spinner.svg\" alt=\"Preloader Image\" \/><\/div>\t<div class=\"wpcp-carousel-content-wrapper\">\n\t<div id=\"sp-wp-carousel-free-id-1543\" class=\"wpcp-carousel-section sp-wpcp-1543  nav-vertical-center wpcp-image-carousel wpcp-preloader wpcp-standard\" data-swiper='{ &quot;accessibility&quot;:true, &quot;spaceBetween&quot;:20, &quot;arrows&quot;:true, &quot;freeMode&quot;: false, &quot;autoplay&quot;:true, &quot;effect&quot;: &quot;&quot;, &quot;centerMode&quot;: false, &quot;autoplaySpeed&quot;:3000, &quot;dots&quot;:true, &quot;infinite&quot;:true, &quot;speed&quot;:600, &quot;pauseOnHover&quot;:true,\n\t\t\t&quot;slidesToShow&quot;:{&quot;lg_desktop&quot;:5, &quot;desktop&quot;: 4, &quot;laptop&quot;: 3, &quot;tablet&quot;: 2, &quot;mobile&quot;: 1}, &quot;responsive&quot;:{&quot;desktop&quot;:1200, &quot;laptop&quot;: 980, &quot;tablet&quot;: 736, &quot;mobile&quot;: 480}, &quot;rtl&quot;:false, &quot;lazyLoad&quot;: &quot;false&quot;, &quot;swipe&quot;: true, &quot;draggable&quot;: true, &quot;swipeToSlide&quot;:false }' dir=\"ltr\">\n\t\t<div class=\"swiper-wrapper\">\n\t\t<div class=\"swiper-slide\">\n\t<div class=\"wpcp-single-item\">\n\t\t\t<a class=\"wcp-light-box\" data-buttons='[\"close\"]' data-wpc_url='https:\/\/pon-von-der-wuschelbande.de\/wp-content\/uploads\/2021\/08\/IMG_7130.jpg' href=\"https:\/\/pon-von-der-wuschelbande.de\/wp-content\/uploads\/2021\/08\/IMG_7130.jpg\" data-fancybox=\"wpcp_view\">\n\t\t<figure>\n\t\t\t<img loading=\"lazy\" decoding=\"async\" class=\"skip-lazy\" src=\"https:\/\/pon-von-der-wuschelbande.de\/wp-content\/uploads\/2021\/08\/IMG_7130.jpg\" alt=\"IMG_7130\" width=\"2016\" height=\"1512\">\t\t<\/figure>\n\t<\/a>\n\t\t<\/div>\n<\/div>\n\t<div class=\"swiper-slide\">\n\t<div class=\"wpcp-single-item\">\n\t\t\t<a class=\"wcp-light-box\" data-buttons='[\"close\"]' data-wpc_url='https:\/\/pon-von-der-wuschelbande.de\/wp-content\/uploads\/2021\/08\/IMG_7123.jpg' href=\"https:\/\/pon-von-der-wuschelbande.de\/wp-content\/uploads\/2021\/08\/IMG_7123.jpg\" data-fancybox=\"wpcp_view\">\n\t\t<figure>\n\t\t\t<img loading=\"lazy\" decoding=\"async\" class=\"skip-lazy\" src=\"https:\/\/pon-von-der-wuschelbande.de\/wp-content\/uploads\/2021\/08\/IMG_7123.jpg\" alt=\"IMG_7123\" width=\"2016\" height=\"1512\">\t\t<\/figure>\n\t<\/a>\n\t\t<\/div>\n<\/div>\n\t<div class=\"swiper-slide\">\n\t<div class=\"wpcp-single-item\">\n\t\t\t<a class=\"wcp-light-box\" data-buttons='[\"close\"]' data-wpc_url='https:\/\/pon-von-der-wuschelbande.de\/wp-content\/uploads\/2021\/08\/IMG_7084.jpg' href=\"https:\/\/pon-von-der-wuschelbande.de\/wp-content\/uploads\/2021\/08\/IMG_7084.jpg\" data-fancybox=\"wpcp_view\">\n\t\t<figure>\n\t\t\t<img loading=\"lazy\" decoding=\"async\" class=\"skip-lazy\" src=\"https:\/\/pon-von-der-wuschelbande.de\/wp-content\/uploads\/2021\/08\/IMG_7084.jpg\" alt=\"IMG_7084\" width=\"2016\" height=\"1512\">\t\t<\/figure>\n\t<\/a>\n\t\t<\/div>\n<\/div>\n\t<div class=\"swiper-slide\">\n\t<div class=\"wpcp-single-item\">\n\t\t\t<a class=\"wcp-light-box\" data-buttons='[\"close\"]' data-wpc_url='https:\/\/pon-von-der-wuschelbande.de\/wp-content\/uploads\/2021\/08\/IMG_6634.jpg' href=\"https:\/\/pon-von-der-wuschelbande.de\/wp-content\/uploads\/2021\/08\/IMG_6634.jpg\" data-fancybox=\"wpcp_view\">\n\t\t<figure>\n\t\t\t<img loading=\"lazy\" decoding=\"async\" class=\"skip-lazy\" src=\"https:\/\/pon-von-der-wuschelbande.de\/wp-content\/uploads\/2021\/08\/IMG_6634.jpg\" alt=\"IMG_6634\" width=\"2016\" height=\"1512\">\t\t<\/figure>\n\t<\/a>\n\t\t<\/div>\n<\/div>\n\t<div class=\"swiper-slide\">\n\t<div class=\"wpcp-single-item\">\n\t\t\t<a class=\"wcp-light-box\" data-buttons='[\"close\"]' data-wpc_url='https:\/\/pon-von-der-wuschelbande.de\/wp-content\/uploads\/2021\/08\/IMG_6321.jpg' href=\"https:\/\/pon-von-der-wuschelbande.de\/wp-content\/uploads\/2021\/08\/IMG_6321.jpg\" data-fancybox=\"wpcp_view\">\n\t\t<figure>\n\t\t\t<img loading=\"lazy\" decoding=\"async\" class=\"skip-lazy\" src=\"https:\/\/pon-von-der-wuschelbande.de\/wp-content\/uploads\/2021\/08\/IMG_6321.jpg\" alt=\"IMG_6321\" width=\"1510\" height=\"1656\">\t\t<\/figure>\n\t<\/a>\n\t\t<\/div>\n<\/div>\n\t<div class=\"swiper-slide\">\n\t<div class=\"wpcp-single-item\">\n\t\t\t<a class=\"wcp-light-box\" data-buttons='[\"close\"]' data-wpc_url='https:\/\/pon-von-der-wuschelbande.de\/wp-content\/uploads\/2021\/08\/IMG_6313.jpg' href=\"https:\/\/pon-von-der-wuschelbande.de\/wp-content\/uploads\/2021\/08\/IMG_6313.jpg\" data-fancybox=\"wpcp_view\">\n\t\t<figure>\n\t\t\t<img loading=\"lazy\" decoding=\"async\" class=\"skip-lazy\" src=\"https:\/\/pon-von-der-wuschelbande.de\/wp-content\/uploads\/2021\/08\/IMG_6313.jpg\" alt=\"IMG_6313\" width=\"2016\" height=\"1512\">\t\t<\/figure>\n\t<\/a>\n\t\t<\/div>\n<\/div>\n\t\t\t<\/div>\n\t\t\t\t\t<div class=\"wpcp-swiper-dots swiper-pagination\"><\/div>\n\t\t\t\t<!-- If we need navigation buttons -->\n\t\t\t\t\t<div class=\"wpcp-prev-button swiper-button-prev\"><i class=\"fa fa-angle-left\"><\/i><\/div>\n\t\t\t<div class=\"wpcp-next-button swiper-button-next\"><i class=\"fa fa-angle-right\"><\/i><\/div>\n\t\t\t<\/div>\n\t<\/div>\n<\/div>\n<\/div>\n\n\n<h2 class=\"wp-block-heading\">Bella PON<\/h2>\n\n\n<p><strong><br \/><\/strong>unsere kleine Mausi Bella-Lotta verst\u00e4rkt nun das Wuschelbanden Rudel. Sie ist eine sehr offene H\u00fcndin, die mich mit ihrem Charm eingefangen hat. Zuhause kuschelt sie sehr gerne und sucht die N\u00e4he zu uns. Im Gr\u00fcnen unterwegs ist sie eine kleine Powermaus, eine Flitzepon und ein Balljunkie sowie ein Clown und eine Komikerin.<\/p>\n<ul>\n<li>Bella wird nicht zur Zucht eingesetzt, sie ist und bleibt Familien- und Sporthund.\u00a0<\/li>\n<\/ul>\n\n\n<h2 class=\"wp-block-heading\">Die Eltern von Bella<\/h2>\n\n\n\n<p><strong>Vater: Zielnik via Rivendall + Mutter: Lenka Dziechcinek<\/strong><\/p>\n\n\n\n<figure class=\"wp-block-gallery has-nested-images columns-default is-cropped wp-block-gallery-1 is-layout-flex wp-block-gallery-is-layout-flex\">\n<figure class=\"wp-block-image size-large\"><img loading=\"lazy\" decoding=\"async\" width=\"275\" height=\"196\" data-id=\"985\" src=\"https:\/\/pon-von-der-wuschelbande.de\/wp-content\/uploads\/2021\/08\/zielnik-200.jpg\" alt=\"\" class=\"wp-image-985\"\/><figcaption class=\"wp-element-caption\">Zielnik<\/figcaption><\/figure>\n\n\n\n<figure class=\"wp-block-image size-large\"><img loading=\"lazy\" decoding=\"async\" width=\"275\" height=\"182\" data-id=\"990\" src=\"https:\/\/pon-von-der-wuschelbande.de\/wp-content\/uploads\/2021\/08\/lenka.jpg\" alt=\"\" class=\"wp-image-990\"\/><figcaption class=\"wp-element-caption\">Lenka<\/figcaption><\/figure>\n<\/figure>\n\n\n\n<h2 class=\"wp-block-heading\">Bella<\/h2>\n\n\n\n<ul class=\"wp-block-list\">\n<li>APH \/ VDH\/ FCI geboren am 26.06.2021<\/li>\n\n\n\n<li>Welpen-Herzultraschall vor Abgabe o.b.B<\/li>\n\n\n\n<li>Farbe:&nbsp; braun-beige-grau-wei\u00df<\/li>\n\n\n\n<li>Augen: rcd4PRA N\/N frei<\/li>\n\n\n\n<li>NZB 13.11. 2022 in Brandenburg<\/li>\n\n\n\n<li>WH: 45 cm<\/li>\n<\/ul>\n\n\n\n<figure class=\"wp-block-image size-large\"><img loading=\"lazy\" decoding=\"async\" width=\"1024\" height=\"768\" src=\"https:\/\/pon-von-der-wuschelbande.de\/wp-content\/uploads\/2021\/08\/IMG_6313-1024x768.jpg\" alt=\"\" class=\"wp-image-1382\" srcset=\"https:\/\/pon-von-der-wuschelbande.de\/wp-content\/uploads\/2021\/08\/IMG_6313-1024x768.jpg 1024w, https:\/\/pon-von-der-wuschelbande.de\/wp-content\/uploads\/2021\/08\/IMG_6313-300x225.jpg 300w, https:\/\/pon-von-der-wuschelbande.de\/wp-content\/uploads\/2021\/08\/IMG_6313-768x576.jpg 768w, https:\/\/pon-von-der-wuschelbande.de\/wp-content\/uploads\/2021\/08\/IMG_6313.jpg 2016w\" sizes=\"auto, (max-width: 706px) 89vw, (max-width: 767px) 82vw, 740px\" \/><\/figure>\n\n\n\n<h2 class=\"wp-block-heading\">Ausstellungen<\/h2>\n\n\n\n<details class=\"wp-block-details is-layout-flow wp-block-details-is-layout-flow\"><summary>2. September 2023 &#8211; Leipzig &#8211; V1, FCI RCACIB, ANW.Dt.Ch., CAC Judge: Jochen Eberhardt<br>3. September 2023 &#8211; Leipzig &#8211; V2, Reserve Anwn. Dt.Ch, Judge: S.Sinko<br>2.Juni 2024 &#8211; Rieden Kreuth &#8211; V1, Anw. Dt. Ch., CAC VDH, Judge: W. G\u00fcllix<\/summary>\n<p><\/p>\n\n\n\n<p><\/p>\n<\/details>\n","protected":false},"excerpt":{"rendered":"<p>Bella PON unsere kleine Mausi Bella-Lotta verst\u00e4rkt nun das Wuschelbanden Rudel. Sie ist eine sehr offene H\u00fcndin, die mich mit ihrem Charm eingefangen hat. Zuhause kuschelt sie sehr gerne und sucht die N\u00e4he zu uns. Im Gr\u00fcnen unterwegs ist sie eine kleine Powermaus, eine Flitzepon und ein Balljunkie sowie ein Clown und eine Komikerin. Bella &hellip; <\/p>\n<p class=\"link-more\"><a href=\"https:\/\/pon-von-der-wuschelbande.de\/?page_id=981\" class=\"more-link\"><span class=\"screen-reader-text\">\u201eBella PON von Sankt Wippertus\u201c<\/span> weiterlesen<\/a><\/p>\n","protected":false},"author":1,"featured_media":1198,"parent":10,"menu_order":0,"comment_status":"closed","ping_status":"closed","template":"","meta":{"footnotes":""},"class_list":["post-981","page","type-page","status-publish","has-post-thumbnail","hentry"],"yoast_head":"<!-- This site is optimized with the Yoast SEO plugin v24.4 - https:\/\/yoast.com\/wordpress\/plugins\/seo\/ -->\n<title>Bella PON von Sankt Wippertus - PON von der Wuschelbande<\/title>\n<meta name=\"robots\" content=\"index, follow, max-snippet:-1, max-image-preview:large, max-video-preview:-1\" \/>\n<link rel=\"canonical\" href=\"https:\/\/pon-von-der-wuschelbande.de\/?page_id=981\" \/>\n<meta property=\"og:locale\" content=\"de_DE\" \/>\n<meta property=\"og:type\" content=\"article\" \/>\n<meta property=\"og:title\" content=\"Bella PON von Sankt Wippertus - PON von der Wuschelbande\" \/>\n<meta property=\"og:description\" content=\"Bella PON unsere kleine Mausi Bella-Lotta verst\u00e4rkt nun das Wuschelbanden Rudel. Sie ist eine sehr offene H\u00fcndin, die mich mit ihrem Charm eingefangen hat. Zuhause kuschelt sie sehr gerne und sucht die N\u00e4he zu uns. Im Gr\u00fcnen unterwegs ist sie eine kleine Powermaus, eine Flitzepon und ein Balljunkie sowie ein Clown und eine Komikerin. Bella &hellip; \u201eBella PON von Sankt Wippertus\u201c weiterlesen\" \/>\n<meta property=\"og:url\" content=\"https:\/\/pon-von-der-wuschelbande.de\/?page_id=981\" \/>\n<meta property=\"og:site_name\" content=\"PON von der Wuschelbande\" \/>\n<meta property=\"article:modified_time\" content=\"2025-09-25T07:04:34+00:00\" \/>\n<meta property=\"og:image\" content=\"https:\/\/pon-von-der-wuschelbande.de\/wp-content\/uploads\/2021\/08\/DSC1913.jpg\" \/>\n\t<meta property=\"og:image:width\" content=\"1860\" \/>\n\t<meta property=\"og:image:height\" content=\"1242\" \/>\n\t<meta property=\"og:image:type\" content=\"image\/jpeg\" \/>\n<meta name=\"twitter:card\" content=\"summary_large_image\" \/>\n<meta name=\"twitter:label1\" content=\"Gesch\u00e4tzte Lesezeit\" \/>\n\t<meta name=\"twitter:data1\" content=\"2\u00a0Minuten\" \/>\n<script type=\"application\/ld+json\" class=\"yoast-schema-graph\">{\"@context\":\"https:\/\/schema.org\",\"@graph\":[{\"@type\":\"WebPage\",\"@id\":\"https:\/\/pon-von-der-wuschelbande.de\/?page_id=981\",\"url\":\"https:\/\/pon-von-der-wuschelbande.de\/?page_id=981\",\"name\":\"Bella PON von Sankt Wippertus - PON von der Wuschelbande\",\"isPartOf\":{\"@id\":\"https:\/\/pon-von-der-wuschelbande.de\/#website\"},\"primaryImageOfPage\":{\"@id\":\"https:\/\/pon-von-der-wuschelbande.de\/?page_id=981#primaryimage\"},\"image\":{\"@id\":\"https:\/\/pon-von-der-wuschelbande.de\/?page_id=981#primaryimage\"},\"thumbnailUrl\":\"https:\/\/pon-von-der-wuschelbande.de\/wp-content\/uploads\/2021\/08\/DSC1913.jpg\",\"datePublished\":\"2021-08-30T06:16:24+00:00\",\"dateModified\":\"2025-09-25T07:04:34+00:00\",\"breadcrumb\":{\"@id\":\"https:\/\/pon-von-der-wuschelbande.de\/?page_id=981#breadcrumb\"},\"inLanguage\":\"de\",\"potentialAction\":[{\"@type\":\"ReadAction\",\"target\":[\"https:\/\/pon-von-der-wuschelbande.de\/?page_id=981\"]}]},{\"@type\":\"ImageObject\",\"inLanguage\":\"de\",\"@id\":\"https:\/\/pon-von-der-wuschelbande.de\/?page_id=981#primaryimage\",\"url\":\"https:\/\/pon-von-der-wuschelbande.de\/wp-content\/uploads\/2021\/08\/DSC1913.jpg\",\"contentUrl\":\"https:\/\/pon-von-der-wuschelbande.de\/wp-content\/uploads\/2021\/08\/DSC1913.jpg\",\"width\":1860,\"height\":1242},{\"@type\":\"BreadcrumbList\",\"@id\":\"https:\/\/pon-von-der-wuschelbande.de\/?page_id=981#breadcrumb\",\"itemListElement\":[{\"@type\":\"ListItem\",\"position\":1,\"name\":\"Startseite\",\"item\":\"https:\/\/pon-von-der-wuschelbande.de\/\"},{\"@type\":\"ListItem\",\"position\":2,\"name\":\"Unsere PON\",\"item\":\"https:\/\/pon-von-der-wuschelbande.de\/?page_id=10\"},{\"@type\":\"ListItem\",\"position\":3,\"name\":\"Bella PON von Sankt Wippertus\"}]},{\"@type\":\"WebSite\",\"@id\":\"https:\/\/pon-von-der-wuschelbande.de\/#website\",\"url\":\"https:\/\/pon-von-der-wuschelbande.de\/\",\"name\":\"PON von der Wuschelbande\",\"description\":\"PON Welpen Polski Owczarek Nizinny APH \/ VDH \/  FCI\",\"potentialAction\":[{\"@type\":\"SearchAction\",\"target\":{\"@type\":\"EntryPoint\",\"urlTemplate\":\"https:\/\/pon-von-der-wuschelbande.de\/?s={search_term_string}\"},\"query-input\":{\"@type\":\"PropertyValueSpecification\",\"valueRequired\":true,\"valueName\":\"search_term_string\"}}],\"inLanguage\":\"de\"}]}<\/script>\n<!-- \/ Yoast SEO plugin. -->","yoast_head_json":{"title":"Bella PON von Sankt Wippertus - PON von der Wuschelbande","robots":{"index":"index","follow":"follow","max-snippet":"max-snippet:-1","max-image-preview":"max-image-preview:large","max-video-preview":"max-video-preview:-1"},"canonical":"https:\/\/pon-von-der-wuschelbande.de\/?page_id=981","og_locale":"de_DE","og_type":"article","og_title":"Bella PON von Sankt Wippertus - PON von der Wuschelbande","og_description":"Bella PON unsere kleine Mausi Bella-Lotta verst\u00e4rkt nun das Wuschelbanden Rudel. Sie ist eine sehr offene H\u00fcndin, die mich mit ihrem Charm eingefangen hat. Zuhause kuschelt sie sehr gerne und sucht die N\u00e4he zu uns. Im Gr\u00fcnen unterwegs ist sie eine kleine Powermaus, eine Flitzepon und ein Balljunkie sowie ein Clown und eine Komikerin. Bella &hellip; \u201eBella PON von Sankt Wippertus\u201c weiterlesen","og_url":"https:\/\/pon-von-der-wuschelbande.de\/?page_id=981","og_site_name":"PON von der Wuschelbande","article_modified_time":"2025-09-25T07:04:34+00:00","og_image":[{"width":1860,"height":1242,"url":"https:\/\/pon-von-der-wuschelbande.de\/wp-content\/uploads\/2021\/08\/DSC1913.jpg","type":"image\/jpeg"}],"twitter_card":"summary_large_image","twitter_misc":{"Gesch\u00e4tzte Lesezeit":"2\u00a0Minuten"},"schema":{"@context":"https:\/\/schema.org","@graph":[{"@type":"WebPage","@id":"https:\/\/pon-von-der-wuschelbande.de\/?page_id=981","url":"https:\/\/pon-von-der-wuschelbande.de\/?page_id=981","name":"Bella PON von Sankt Wippertus - PON von der Wuschelbande","isPartOf":{"@id":"https:\/\/pon-von-der-wuschelbande.de\/#website"},"primaryImageOfPage":{"@id":"https:\/\/pon-von-der-wuschelbande.de\/?page_id=981#primaryimage"},"image":{"@id":"https:\/\/pon-von-der-wuschelbande.de\/?page_id=981#primaryimage"},"thumbnailUrl":"https:\/\/pon-von-der-wuschelbande.de\/wp-content\/uploads\/2021\/08\/DSC1913.jpg","datePublished":"2021-08-30T06:16:24+00:00","dateModified":"2025-09-25T07:04:34+00:00","breadcrumb":{"@id":"https:\/\/pon-von-der-wuschelbande.de\/?page_id=981#breadcrumb"},"inLanguage":"de","potentialAction":[{"@type":"ReadAction","target":["https:\/\/pon-von-der-wuschelbande.de\/?page_id=981"]}]},{"@type":"ImageObject","inLanguage":"de","@id":"https:\/\/pon-von-der-wuschelbande.de\/?page_id=981#primaryimage","url":"https:\/\/pon-von-der-wuschelbande.de\/wp-content\/uploads\/2021\/08\/DSC1913.jpg","contentUrl":"https:\/\/pon-von-der-wuschelbande.de\/wp-content\/uploads\/2021\/08\/DSC1913.jpg","width":1860,"height":1242},{"@type":"BreadcrumbList","@id":"https:\/\/pon-von-der-wuschelbande.de\/?page_id=981#breadcrumb","itemListElement":[{"@type":"ListItem","position":1,"name":"Startseite","item":"https:\/\/pon-von-der-wuschelbande.de\/"},{"@type":"ListItem","position":2,"name":"Unsere PON","item":"https:\/\/pon-von-der-wuschelbande.de\/?page_id=10"},{"@type":"ListItem","position":3,"name":"Bella PON von Sankt Wippertus"}]},{"@type":"WebSite","@id":"https:\/\/pon-von-der-wuschelbande.de\/#website","url":"https:\/\/pon-von-der-wuschelbande.de\/","name":"PON von der Wuschelbande","description":"PON Welpen Polski Owczarek Nizinny APH \/ VDH \/  FCI","potentialAction":[{"@type":"SearchAction","target":{"@type":"EntryPoint","urlTemplate":"https:\/\/pon-von-der-wuschelbande.de\/?s={search_term_string}"},"query-input":{"@type":"PropertyValueSpecification","valueRequired":true,"valueName":"search_term_string"}}],"inLanguage":"de"}]}},"jetpack_sharing_enabled":true,"_links":{"self":[{"href":"https:\/\/pon-von-der-wuschelbande.de\/index.php?rest_route=\/wp\/v2\/pages\/981","targetHints":{"allow":["GET"]}}],"collection":[{"href":"https:\/\/pon-von-der-wuschelbande.de\/index.php?rest_route=\/wp\/v2\/pages"}],"about":[{"href":"https:\/\/pon-von-der-wuschelbande.de\/index.php?rest_route=\/wp\/v2\/types\/page"}],"author":[{"embeddable":true,"href":"https:\/\/pon-von-der-wuschelbande.de\/index.php?rest_route=\/wp\/v2\/users\/1"}],"replies":[{"embeddable":true,"href":"https:\/\/pon-von-der-wuschelbande.de\/index.php?rest_route=%2Fwp%2Fv2%2Fcomments&post=981"}],"version-history":[{"count":38,"href":"https:\/\/pon-von-der-wuschelbande.de\/index.php?rest_route=\/wp\/v2\/pages\/981\/revisions"}],"predecessor-version":[{"id":1861,"href":"https:\/\/pon-von-der-wuschelbande.de\/index.php?rest_route=\/wp\/v2\/pages\/981\/revisions\/1861"}],"up":[{"embeddable":true,"href":"https:\/\/pon-von-der-wuschelbande.de\/index.php?rest_route=\/wp\/v2\/pages\/10"}],"wp:featuredmedia":[{"embeddable":true,"href":"https:\/\/pon-von-der-wuschelbande.de\/index.php?rest_route=\/wp\/v2\/media\/1198"}],"wp:attachment":[{"href":"https:\/\/pon-von-der-wuschelbande.de\/index.php?rest_route=%2Fwp%2Fv2%2Fmedia&parent=981"}],"curies":[{"name":"wp","href":"https:\/\/api.w.org\/{rel}","templated":true}]}}