{"id":90,"date":"2016-02-29T15:01:57","date_gmt":"2016-02-29T15:01:57","guid":{"rendered":"http:\/\/pon-von-der-wuschelbande.de\/?page_id=90"},"modified":"2025-02-18T10:37:15","modified_gmt":"2025-02-18T10:37:15","slug":"pon-zucht-pon-zuechter-pon-welpen","status":"publish","type":"page","link":"https:\/\/pon-von-der-wuschelbande.de\/?page_id=90","title":{"rendered":"Zucht"},"content":{"rendered":"<p>Es ist sehr lehrreich eine nat\u00fcrliche Geburt erleben zu d\u00fcrfen und ein Geschenk, wenn uns unsere H\u00fcndinnen gesunde Welpen zur Welt bringen. Inspiriert von Eberhart Trumler kann ich immer wieder beobachten, dass sehr viel Urinstinkt in der Rasse steckt. Beginnend mit einem normalen Rudelverhalten in der L\u00e4ufigkeit, wo uns angezeigt wird \u2013 wann der richtige Deckzeitpunkt ist. Der Deckakt verl\u00e4uft bei unseren H\u00fcndinnen ebenso nat\u00fcrlich, bei Symphatie zwischen dem P\u00e4rchen kommt es sehr schnell zum erw\u00fcnschten Deckakt. Zwangsverpaarungen lehne ich grunds\u00e4tzlich ab, m\u00f6chte sich eine H\u00fcndin nicht decken lassen \u2013 hat das immer einen Grund. In der freien Natur w\u00fcrde sie dann keine Welpen zur Welt bringen.<\/p>\n<p>Nach ca.63 Tagen erblicken die Welpen das Licht der Welt, sie werden von der Mutter abgenabelt und trocken geleckt, vom Z\u00fcchter gewogen und begutachtet \u2013 dieser Erstkontakt mit dem Menschen ist zu diesem Zeitpunkt schon wichtig. Eine gute Zuchth\u00fcndin wird das akzeptieren und stressfrei damit umgehen. Ansonsten lenken wir unsere ganze Aufmerksamkeit, in den ersten Tagen, auf die Mutterh\u00fcndin \u2013 sorgen f\u00fcr einen ruhigen, harmonischen Tagesablauf. Da in den ersten Tagen das Wurflager nur zum entleeren verlassen wird &#8211; gibt es die Mahlzeiten in der Wurfkiste. Die<strong> vegetative Phase<\/strong> ist eine Fortsetzung des Lebens im Mutterleib, ein Zeitraum, der nur dem Wachstum und der Gewichtszunahme dient. Die Leistungsf\u00e4higkeit, Intelligenz ist zu ca. 35% angeboren, die restlichen 65% h\u00e4ngen von der Ern\u00e4hrung, dem Umgang und der Pr\u00e4gung ab.<\/p>\n<p>Am Ende der dritten Lebenswoche beginnt eine neue Lebensphase, die <strong>\u00dcbergangsphase.<\/strong> Nach 10-14 Tagen \u00f6ffnen sich die Augen der Welpen, sehen k\u00f6nnen sie allerdings noch nicht. Die Sehf\u00e4higkeit, das Geh\u00f6r ebenso die Nase scheinen um den 18.Tag erst richtig zu erwachen. Um diese Zeit beginnen die Welpen sich gegenseitig zu untersuchen und zu belecken. Die Welpen lernen sich mit den Geschwistern und der Mutter zu arrangieren. Der Z\u00fcchter nutzt diese Lernphase um die Welpen mit fremden Menschen aller Altersklassen vertraut zu machen. Die Mutterh\u00fcndin lockert den engen Kontakt zu den Welpen und gestattet es dem Restrudel &#8211; die Welpen mit versorgen zu d\u00fcrfen. Waren alle im Rudel lebenden H\u00fcndinnen zur gleichen Zeit l\u00e4ufig &#8211; wird sich auch bei dem Restrudel Milchbildung einstellen. Ganz nat\u00fcrlich \u2013 denn im Wildhunderudel nutzt die Mutterh\u00fcndin die Zeit zur Futteraufnahme. Es kann sein, dass die Mutterh\u00fcndin mit der Zuf\u00fctterung der Welpen beginnt und w\u00fcrgt halbverdautes Futter vor.<\/p>\n<p>Die<strong> Pr\u00e4gephase<\/strong> 4-7 Lebenswoche nutzen wir sehr vielseitig. Der Kontakt mit fremden Menschen ist sehr wichtig. Man geht davon aus, dass die Welpen \u00fcber den Geruchsinn auf unterschiedliche Menschenger\u00fcche gepr\u00e4gt werden. Auch die Ern\u00e4hrung der Welpen spielt jetzt eine gro\u00dfe Rolle, lernen es die Welpen nicht &#8211; in dieser Zeit z.B. rohes Fleisch zu fressen \u2013 werden sie es sp\u00e4ter meist ablehnen.<\/p>\n<p>Die Welpen verlassen die Wurfkiste und suchen sich einen L\u00f6seplatz au\u00dferhalb des Schlafplatzes, diese Phase nutzen wir und geben diesem Platz einen anderen Untergrund. Ganz selbst\u00e4ndig suchen die Welpen zuk\u00fcnftig diese Pipiecke auf. Wenn sie dann in der <strong>f\u00fcnften Lebenswoche<\/strong> aus der Wurfkiste im Wohnzimmer\u00a0 in unsere K\u00fcche umziehen (unser Lebensumfeld \u2013 da spielt sich alles ab) setze ich die Welpen schon in den Garten, zum l\u00f6sen. Auch das funktioniert nach ein paar Tagen schon sehr gut. Auch hier biete ich den Welpen Rasen, Erde oder Terrassenbelag an \u2013 auch das pr\u00e4gt sich f\u00fcr sp\u00e4ter ein.<\/p>\n<p>Tags\u00fcber bekommen die Welpen im Wohnbereich das Altagsleben mit, gew\u00f6hnen sich schon an alles, was im Haushalt passiert. Nach ausgibigen Spielchen im Welpengarten schlafen sie am liebsten in der K\u00fcche.<\/p>\n<p><a href=\"http:\/\/pon-von-der-wuschelbande.de\/wp-content\/uploads\/2016\/02\/IMG_2476.jpg\"><img loading=\"lazy\" decoding=\"async\" class=\"alignleft size-large wp-image-957\" src=\"http:\/\/pon-von-der-wuschelbande.de\/wp-content\/uploads\/2016\/02\/IMG_2476-1024x683.jpg\" alt=\"\" width=\"700\" height=\"467\" srcset=\"https:\/\/pon-von-der-wuschelbande.de\/wp-content\/uploads\/2016\/02\/IMG_2476-1024x683.jpg 1024w, https:\/\/pon-von-der-wuschelbande.de\/wp-content\/uploads\/2016\/02\/IMG_2476-300x200.jpg 300w, https:\/\/pon-von-der-wuschelbande.de\/wp-content\/uploads\/2016\/02\/IMG_2476-768x512.jpg 768w\" sizes=\"auto, (max-width: 700px) 100vw, 700px\" \/><\/a><\/p>\n<p>Hobbit &#8211; im K\u00fcchenregal eingeschlafen<\/p>\n<p>Da wir sehr l\u00e4ndlich wohnen beginnen wir in der 4. Lebenswoche mit der Ger\u00e4uschekulisse \u201eDon\u2019tbe afraid\u201c \u2013 erst ganz leise und dezent lassen wir die CD nebenbei laufen. Somit werden die Welpen mit sehr vielen Ger\u00e4uschen, die ich in der Welpenzeit nicht dienen kann, berieselt.<\/p>\n<p>Unser Welpenspielplatz dient der Pr\u00e4gung auf unterschiedliche Bodengegebenheiten \u2013 Wackelbrett, Wippe, Tunnel und B\u00e4llebad. So lernt der Welpe spielerisch, sp\u00e4ter keine Angst vor verschiedenen Untergr\u00fcnden zu haben &#8211; was sehr wichtig ist, denn viele Welpeninteressenten wollen sp\u00e4ter zum Hundesport oder Agility oder einfach nur einen alltagstauglichen Hund. (<a href=\"https:\/\/pon-von-der-wuschelbande.de\/?page_id=410\">Mehr im Video G&amp;H Wurf<\/a>)<\/p>\n<p>Unser Spielplatz wird w\u00f6chentlich ver\u00e4ndert, erg\u00e4nzt oder erweitert oder alles nur umgestellt \u2013 so werden unsere Welpen noch weiter auf r\u00e4umliche Ver\u00e4nderungen eingestellt und die Sinnesorgane angekurbelt.<\/p>\n<p><em>Der Welpenspielpatz mu\u00df frei von Pflanzen sein, auf gar keinen Fall d\u00fcrfen Giftplanzen, wie Rhododendron, Orleander, Buchs, Eibe und Thuia sowie auch Efeu, Tulpe, Holunder in der N\u00e4he stehen und auf keinen\u00a0 Fall Pflanzenteile angeknappert werden. Ab 1g Pflanzenteile wird es sehr gef\u00e4hrlich. Sp\u00e4tfolgen sind nicht ausgeschlossen.\u00a0 Buchempfehlung: Ihr Hobby Hunde Z\u00fcchten von Claudia H\u00e4ndel. <a href=\"http:\/\/pon-von-der-wuschelbande.de\/?page_id=311\">MEHR auf der Seite Gift<\/a><\/em><\/p>\n<h5><\/h5>\n<p>Im Einzeltraining filtern und f\u00f6rdern wir die Energie eines jeden Welpen heraus. Die Futteraufnahme dient schon des nat\u00fcrlichen Lernprozesses, die Welpengruppe kommt schon gerannt &#8211; wenn der immer gleich klingende Futterruf ert\u00f6nt. Der einzelne Welpe macht selbstst\u00e4ndig Sitz &#8211; wenn ich den Napf in der Hand halte, dies nutze ich schon und gebe das Kommando \u201eSitz\u201c<\/p>\n<p>Der gemeinsame Futternapf hat eine bedeutsame soziale Funktion und dient schon der Sozialisierung f\u00fcrs Rudel. Ein Welpe, der nicht gelernt hat im Rudel zu fressen, wird es auch sp\u00e4ter nicht gerne tun.<\/p>\n<p>Die <strong>Sozialisierungsphase<\/strong> 8-12 Woche<\/p>\n<p>Die Welpen sind mit ihrer eng verbundenen Umgebung sehr vertraut \u2013 wir bereiten sie auf den Auszug vor. Wir gew\u00f6hnen die Welpen mit 8 Wochen an Halsband, Geschirr und Leine, unternehmen kleine, ganz kurze Spazierg\u00e4nge, fahren mit dem Auto oder mit dem Wohnmobil \u2013 erst in der Welpengruppe und mit Mama, dann mit jedem Welpen einzeln. Bei den ersten Unternehmungen ist es wichtig die Mutterh\u00fcndin dabei zu haben.<\/p>\n<p>Wir versuchen Begegnungen mit anderen Tieren, Kindern und evtl. Katzen, vorbeifahrenden Autos (Ger\u00e4usche), zu arrangieren, noch mit uns Z\u00fcchter als Vertrauensperson. Nun gibt es auch das Futter aus Einzeln\u00e4pfen.<\/p>\n<p>Diese Phase ist f\u00fcr den Z\u00fcchter sehr kurz, deshalb geben wir Pr\u00e4ge-Tipps an die Welpenk\u00e4ufer mit auf den Weg.<\/p>\n<p>Wir z\u00fcchten seit \u00fcber 30 Jahren und sind bis heute mit Leidenschaft dabei. Jeder Wurf ist f\u00fcr uns etwas ganz besonderes und wir freuen uns jedes Mal darauf. Aber nicht nur Liebhaberei und Freude geh\u00f6ren zu einer soliden Zuchtarbeit. Z\u00fcchten bedeutet Verantwortung und es geh\u00f6rt auch eine gro\u00dfe Portion an Interesse und Vernunft dazu. Wir legen daher gro\u00dfen Wert darauf, dass wir uns st\u00e4ndig weiterbilden und unseren Welpen das Bestm\u00f6glichste an Erfahrung und den neuesten Erkenntnissen zukommen lassen. Gleicherma\u00dfen ist uns eine gute Betreuung auch nach der Abgabe wichtig, deshalb bleiben wir Ansprechpartner in allen Fragen, sei es Ern\u00e4hrung, Gesundheit oder Ausbildung der Welpen.<\/p>\n<p>Unsere Welpen werden mit 8 Wochen gechipt, altersgem\u00e4\u00df und mit Kontrolle der maternalten Antik\u00f6rper &#8211; geimpft. Vor Abgabe bekommen die Welpen eine Herzuntersuchung mit Farbdoppler, bevor sie mit 9 Wochen umziehen d\u00fcrfen.<\/p>\n","protected":false},"excerpt":{"rendered":"<p>Es ist sehr lehrreich eine nat\u00fcrliche Geburt erleben zu d\u00fcrfen und ein Geschenk, wenn uns unsere H\u00fcndinnen gesunde Welpen zur Welt bringen. Inspiriert von Eberhart Trumler kann ich immer wieder beobachten, dass sehr viel Urinstinkt in der Rasse steckt. Beginnend mit einem normalen Rudelverhalten in der L\u00e4ufigkeit, wo uns angezeigt wird \u2013 wann der richtige &hellip; <\/p>\n<p class=\"link-more\"><a href=\"https:\/\/pon-von-der-wuschelbande.de\/?page_id=90\" class=\"more-link\"><span class=\"screen-reader-text\">\u201eZucht\u201c<\/span> weiterlesen<\/a><\/p>\n","protected":false},"author":1,"featured_media":902,"parent":20,"menu_order":2,"comment_status":"closed","ping_status":"closed","template":"","meta":{"footnotes":""},"class_list":["post-90","page","type-page","status-publish","has-post-thumbnail","hentry"],"yoast_head":"<!-- This site is optimized with the Yoast SEO plugin v24.4 - https:\/\/yoast.com\/wordpress\/plugins\/seo\/ -->\n<title>Zucht - PON von der Wuschelbande<\/title>\n<meta name=\"description\" content=\"PON Welpen, PON Z\u00fcchter, PON\" \/>\n<meta name=\"robots\" content=\"index, follow, max-snippet:-1, max-image-preview:large, max-video-preview:-1\" \/>\n<link rel=\"canonical\" href=\"https:\/\/pon-von-der-wuschelbande.de\/?page_id=90\" \/>\n<meta property=\"og:locale\" content=\"de_DE\" \/>\n<meta property=\"og:type\" content=\"article\" \/>\n<meta property=\"og:title\" content=\"Zucht - PON von der Wuschelbande\" \/>\n<meta property=\"og:description\" content=\"PON Welpen, PON Z\u00fcchter, PON\" \/>\n<meta property=\"og:url\" content=\"https:\/\/pon-von-der-wuschelbande.de\/?page_id=90\" \/>\n<meta property=\"og:site_name\" content=\"PON von der Wuschelbande\" \/>\n<meta property=\"article:modified_time\" content=\"2025-02-18T10:37:15+00:00\" \/>\n<meta property=\"og:image\" content=\"https:\/\/pon-von-der-wuschelbande.de\/wp-content\/uploads\/2016\/02\/IMG_0813-1024x683.jpg\" \/>\n\t<meta property=\"og:image:width\" content=\"1024\" \/>\n\t<meta property=\"og:image:height\" content=\"683\" \/>\n\t<meta property=\"og:image:type\" content=\"image\/jpeg\" \/>\n<meta name=\"twitter:card\" content=\"summary_large_image\" \/>\n<meta name=\"twitter:label1\" content=\"Gesch\u00e4tzte Lesezeit\" \/>\n\t<meta name=\"twitter:data1\" content=\"7\u00a0Minuten\" \/>\n<script type=\"application\/ld+json\" class=\"yoast-schema-graph\">{\"@context\":\"https:\/\/schema.org\",\"@graph\":[{\"@type\":\"WebPage\",\"@id\":\"https:\/\/pon-von-der-wuschelbande.de\/?page_id=90\",\"url\":\"https:\/\/pon-von-der-wuschelbande.de\/?page_id=90\",\"name\":\"Zucht - PON von der Wuschelbande\",\"isPartOf\":{\"@id\":\"https:\/\/pon-von-der-wuschelbande.de\/#website\"},\"primaryImageOfPage\":{\"@id\":\"https:\/\/pon-von-der-wuschelbande.de\/?page_id=90#primaryimage\"},\"image\":{\"@id\":\"https:\/\/pon-von-der-wuschelbande.de\/?page_id=90#primaryimage\"},\"thumbnailUrl\":\"https:\/\/pon-von-der-wuschelbande.de\/wp-content\/uploads\/2016\/02\/IMG_0813.jpg\",\"datePublished\":\"2016-02-29T15:01:57+00:00\",\"dateModified\":\"2025-02-18T10:37:15+00:00\",\"description\":\"PON Welpen, PON Z\u00fcchter, PON\",\"breadcrumb\":{\"@id\":\"https:\/\/pon-von-der-wuschelbande.de\/?page_id=90#breadcrumb\"},\"inLanguage\":\"de\",\"potentialAction\":[{\"@type\":\"ReadAction\",\"target\":[\"https:\/\/pon-von-der-wuschelbande.de\/?page_id=90\"]}]},{\"@type\":\"ImageObject\",\"inLanguage\":\"de\",\"@id\":\"https:\/\/pon-von-der-wuschelbande.de\/?page_id=90#primaryimage\",\"url\":\"https:\/\/pon-von-der-wuschelbande.de\/wp-content\/uploads\/2016\/02\/IMG_0813.jpg\",\"contentUrl\":\"https:\/\/pon-von-der-wuschelbande.de\/wp-content\/uploads\/2016\/02\/IMG_0813.jpg\",\"width\":3888,\"height\":2592},{\"@type\":\"BreadcrumbList\",\"@id\":\"https:\/\/pon-von-der-wuschelbande.de\/?page_id=90#breadcrumb\",\"itemListElement\":[{\"@type\":\"ListItem\",\"position\":1,\"name\":\"Startseite\",\"item\":\"https:\/\/pon-von-der-wuschelbande.de\/\"},{\"@type\":\"ListItem\",\"position\":2,\"name\":\"PON Welpen\",\"item\":\"https:\/\/pon-von-der-wuschelbande.de\/?page_id=20\"},{\"@type\":\"ListItem\",\"position\":3,\"name\":\"Zucht\"}]},{\"@type\":\"WebSite\",\"@id\":\"https:\/\/pon-von-der-wuschelbande.de\/#website\",\"url\":\"https:\/\/pon-von-der-wuschelbande.de\/\",\"name\":\"PON von der Wuschelbande\",\"description\":\"PON Welpen Polski Owczarek Nizinny APH \/ VDH \/  FCI\",\"potentialAction\":[{\"@type\":\"SearchAction\",\"target\":{\"@type\":\"EntryPoint\",\"urlTemplate\":\"https:\/\/pon-von-der-wuschelbande.de\/?s={search_term_string}\"},\"query-input\":{\"@type\":\"PropertyValueSpecification\",\"valueRequired\":true,\"valueName\":\"search_term_string\"}}],\"inLanguage\":\"de\"}]}<\/script>\n<!-- \/ Yoast SEO plugin. -->","yoast_head_json":{"title":"Zucht - PON von der Wuschelbande","description":"PON Welpen, PON Z\u00fcchter, PON","robots":{"index":"index","follow":"follow","max-snippet":"max-snippet:-1","max-image-preview":"max-image-preview:large","max-video-preview":"max-video-preview:-1"},"canonical":"https:\/\/pon-von-der-wuschelbande.de\/?page_id=90","og_locale":"de_DE","og_type":"article","og_title":"Zucht - PON von der Wuschelbande","og_description":"PON Welpen, PON Z\u00fcchter, PON","og_url":"https:\/\/pon-von-der-wuschelbande.de\/?page_id=90","og_site_name":"PON von der Wuschelbande","article_modified_time":"2025-02-18T10:37:15+00:00","og_image":[{"width":1024,"height":683,"url":"https:\/\/pon-von-der-wuschelbande.de\/wp-content\/uploads\/2016\/02\/IMG_0813-1024x683.jpg","type":"image\/jpeg"}],"twitter_card":"summary_large_image","twitter_misc":{"Gesch\u00e4tzte Lesezeit":"7\u00a0Minuten"},"schema":{"@context":"https:\/\/schema.org","@graph":[{"@type":"WebPage","@id":"https:\/\/pon-von-der-wuschelbande.de\/?page_id=90","url":"https:\/\/pon-von-der-wuschelbande.de\/?page_id=90","name":"Zucht - PON von der Wuschelbande","isPartOf":{"@id":"https:\/\/pon-von-der-wuschelbande.de\/#website"},"primaryImageOfPage":{"@id":"https:\/\/pon-von-der-wuschelbande.de\/?page_id=90#primaryimage"},"image":{"@id":"https:\/\/pon-von-der-wuschelbande.de\/?page_id=90#primaryimage"},"thumbnailUrl":"https:\/\/pon-von-der-wuschelbande.de\/wp-content\/uploads\/2016\/02\/IMG_0813.jpg","datePublished":"2016-02-29T15:01:57+00:00","dateModified":"2025-02-18T10:37:15+00:00","description":"PON Welpen, PON Z\u00fcchter, PON","breadcrumb":{"@id":"https:\/\/pon-von-der-wuschelbande.de\/?page_id=90#breadcrumb"},"inLanguage":"de","potentialAction":[{"@type":"ReadAction","target":["https:\/\/pon-von-der-wuschelbande.de\/?page_id=90"]}]},{"@type":"ImageObject","inLanguage":"de","@id":"https:\/\/pon-von-der-wuschelbande.de\/?page_id=90#primaryimage","url":"https:\/\/pon-von-der-wuschelbande.de\/wp-content\/uploads\/2016\/02\/IMG_0813.jpg","contentUrl":"https:\/\/pon-von-der-wuschelbande.de\/wp-content\/uploads\/2016\/02\/IMG_0813.jpg","width":3888,"height":2592},{"@type":"BreadcrumbList","@id":"https:\/\/pon-von-der-wuschelbande.de\/?page_id=90#breadcrumb","itemListElement":[{"@type":"ListItem","position":1,"name":"Startseite","item":"https:\/\/pon-von-der-wuschelbande.de\/"},{"@type":"ListItem","position":2,"name":"PON Welpen","item":"https:\/\/pon-von-der-wuschelbande.de\/?page_id=20"},{"@type":"ListItem","position":3,"name":"Zucht"}]},{"@type":"WebSite","@id":"https:\/\/pon-von-der-wuschelbande.de\/#website","url":"https:\/\/pon-von-der-wuschelbande.de\/","name":"PON von der Wuschelbande","description":"PON Welpen Polski Owczarek Nizinny APH \/ VDH \/  FCI","potentialAction":[{"@type":"SearchAction","target":{"@type":"EntryPoint","urlTemplate":"https:\/\/pon-von-der-wuschelbande.de\/?s={search_term_string}"},"query-input":{"@type":"PropertyValueSpecification","valueRequired":true,"valueName":"search_term_string"}}],"inLanguage":"de"}]}},"jetpack_sharing_enabled":true,"_links":{"self":[{"href":"https:\/\/pon-von-der-wuschelbande.de\/index.php?rest_route=\/wp\/v2\/pages\/90","targetHints":{"allow":["GET"]}}],"collection":[{"href":"https:\/\/pon-von-der-wuschelbande.de\/index.php?rest_route=\/wp\/v2\/pages"}],"about":[{"href":"https:\/\/pon-von-der-wuschelbande.de\/index.php?rest_route=\/wp\/v2\/types\/page"}],"author":[{"embeddable":true,"href":"https:\/\/pon-von-der-wuschelbande.de\/index.php?rest_route=\/wp\/v2\/users\/1"}],"replies":[{"embeddable":true,"href":"https:\/\/pon-von-der-wuschelbande.de\/index.php?rest_route=%2Fwp%2Fv2%2Fcomments&post=90"}],"version-history":[{"count":26,"href":"https:\/\/pon-von-der-wuschelbande.de\/index.php?rest_route=\/wp\/v2\/pages\/90\/revisions"}],"predecessor-version":[{"id":1522,"href":"https:\/\/pon-von-der-wuschelbande.de\/index.php?rest_route=\/wp\/v2\/pages\/90\/revisions\/1522"}],"up":[{"embeddable":true,"href":"https:\/\/pon-von-der-wuschelbande.de\/index.php?rest_route=\/wp\/v2\/pages\/20"}],"wp:featuredmedia":[{"embeddable":true,"href":"https:\/\/pon-von-der-wuschelbande.de\/index.php?rest_route=\/wp\/v2\/media\/902"}],"wp:attachment":[{"href":"https:\/\/pon-von-der-wuschelbande.de\/index.php?rest_route=%2Fwp%2Fv2%2Fmedia&parent=90"}],"curies":[{"name":"wp","href":"https:\/\/api.w.org\/{rel}","templated":true}]}}