{"id":61,"date":"2016-02-29T11:56:20","date_gmt":"2016-02-29T11:56:20","guid":{"rendered":"http:\/\/pon-von-der-wuschelbande.de\/?page_id=61"},"modified":"2025-02-18T12:00:53","modified_gmt":"2025-02-18T12:00:53","slug":"links","status":"publish","type":"page","link":"https:\/\/pon-von-der-wuschelbande.de\/?page_id=61","title":{"rendered":"Links"},"content":{"rendered":"<p>PON Seiten:<\/p>\n<p>\u00a0<\/p>\n<p><a href=\"http:\/\/pon-nothilfe.de\/\" target=\"_blank\" rel=\"noopener\">PON Nothilfe &#8211; PON IN NOT<\/a><\/p>\n<p>\u00a0<\/p>\n<p>\u00a0<\/p>\n<p>Unsere PON Kinder:<\/p>\n<p><br \/><a href=\"http:\/\/www.unser-mio.de\/\" target=\"_blank\" rel=\"noopener\">Czarek-Mio vom Hohen Stein<\/a><br \/><br \/><a href=\"http:\/\/www.pon-vom-roxypon.de\/\" target=\"_blank\" rel=\"noopener\">Grusza vom Hohen Stein<\/a><br \/><br \/><\/p>\n<p>\u00a0<\/p>\n<p>Verb\u00e4nde und Vereine :<\/p>\n<p><a href=\"http:\/\/www.pon-op.de\/\" target=\"_blank\" rel=\"noopener\">Allgemeiner Klub f\u00fcr Polnische Hunderassen APH e.V.<\/a><\/p>\n<p><a href=\"http:\/\/www.vdh.de\/home\/\" target=\"_blank\" rel=\"noopener\">Verband f\u00fcr das deutsche Hundewesen<\/a><\/p>\n<p><a href=\"http:\/\/www.fci.be\/de\/\" target=\"_blank\" rel=\"noopener\">FCI &#8211; Federation Cynologique International<\/a><\/p>\n\n\n<p>Sonstiges:<\/p>\n\n\n\n<p><\/p>\n","protected":false},"excerpt":{"rendered":"<p>PON Seiten: \u00a0 PON Nothilfe &#8211; PON IN NOT \u00a0 \u00a0 Unsere PON Kinder: Czarek-Mio vom Hohen Stein Grusza vom Hohen Stein \u00a0 Verb\u00e4nde und Vereine : Allgemeiner Klub f\u00fcr Polnische Hunderassen APH e.V. Verband f\u00fcr das deutsche Hundewesen FCI &#8211; Federation Cynologique International Sonstiges:<\/p>\n","protected":false},"author":1,"featured_media":913,"parent":26,"menu_order":0,"comment_status":"closed","ping_status":"closed","template":"","meta":{"footnotes":""},"class_list":["post-61","page","type-page","status-publish","has-post-thumbnail","hentry"],"yoast_head":"<!-- This site is optimized with the Yoast SEO plugin v24.4 - https:\/\/yoast.com\/wordpress\/plugins\/seo\/ -->\n<title>Links - PON von der Wuschelbande<\/title>\n<meta name=\"robots\" content=\"index, follow, max-snippet:-1, max-image-preview:large, max-video-preview:-1\" \/>\n<link rel=\"canonical\" href=\"https:\/\/pon-von-der-wuschelbande.de\/?page_id=61\" \/>\n<meta property=\"og:locale\" content=\"de_DE\" \/>\n<meta property=\"og:type\" content=\"article\" \/>\n<meta property=\"og:title\" content=\"Links - PON von der Wuschelbande\" \/>\n<meta property=\"og:description\" content=\"PON Seiten: \u00a0 PON Nothilfe &#8211; PON IN NOT \u00a0 \u00a0 Unsere PON Kinder: Czarek-Mio vom Hohen Stein Grusza vom Hohen Stein \u00a0 Verb\u00e4nde und Vereine : Allgemeiner Klub f\u00fcr Polnische Hunderassen APH e.V. Verband f\u00fcr das deutsche Hundewesen FCI &#8211; Federation Cynologique International Sonstiges:\" \/>\n<meta property=\"og:url\" content=\"https:\/\/pon-von-der-wuschelbande.de\/?page_id=61\" \/>\n<meta property=\"og:site_name\" content=\"PON von der Wuschelbande\" \/>\n<meta property=\"article:modified_time\" content=\"2025-02-18T12:00:53+00:00\" \/>\n<meta property=\"og:image\" content=\"https:\/\/pon-von-der-wuschelbande.de\/wp-content\/uploads\/2016\/02\/Leila-01-1024x681.jpg\" \/>\n\t<meta property=\"og:image:width\" content=\"1024\" \/>\n\t<meta property=\"og:image:height\" content=\"681\" \/>\n\t<meta property=\"og:image:type\" content=\"image\/jpeg\" \/>\n<meta name=\"twitter:card\" content=\"summary_large_image\" \/>\n<meta name=\"twitter:label1\" content=\"Gesch\u00e4tzte Lesezeit\" \/>\n\t<meta name=\"twitter:data1\" content=\"1\u00a0Minute\" \/>\n<script type=\"application\/ld+json\" class=\"yoast-schema-graph\">{\"@context\":\"https:\/\/schema.org\",\"@graph\":[{\"@type\":\"WebPage\",\"@id\":\"https:\/\/pon-von-der-wuschelbande.de\/?page_id=61\",\"url\":\"https:\/\/pon-von-der-wuschelbande.de\/?page_id=61\",\"name\":\"Links - PON von der Wuschelbande\",\"isPartOf\":{\"@id\":\"https:\/\/pon-von-der-wuschelbande.de\/#website\"},\"primaryImageOfPage\":{\"@id\":\"https:\/\/pon-von-der-wuschelbande.de\/?page_id=61#primaryimage\"},\"image\":{\"@id\":\"https:\/\/pon-von-der-wuschelbande.de\/?page_id=61#primaryimage\"},\"thumbnailUrl\":\"https:\/\/pon-von-der-wuschelbande.de\/wp-content\/uploads\/2016\/02\/Leila-01.jpg\",\"datePublished\":\"2016-02-29T11:56:20+00:00\",\"dateModified\":\"2025-02-18T12:00:53+00:00\",\"breadcrumb\":{\"@id\":\"https:\/\/pon-von-der-wuschelbande.de\/?page_id=61#breadcrumb\"},\"inLanguage\":\"de\",\"potentialAction\":[{\"@type\":\"ReadAction\",\"target\":[\"https:\/\/pon-von-der-wuschelbande.de\/?page_id=61\"]}]},{\"@type\":\"ImageObject\",\"inLanguage\":\"de\",\"@id\":\"https:\/\/pon-von-der-wuschelbande.de\/?page_id=61#primaryimage\",\"url\":\"https:\/\/pon-von-der-wuschelbande.de\/wp-content\/uploads\/2016\/02\/Leila-01.jpg\",\"contentUrl\":\"https:\/\/pon-von-der-wuschelbande.de\/wp-content\/uploads\/2016\/02\/Leila-01.jpg\",\"width\":4256,\"height\":2832},{\"@type\":\"BreadcrumbList\",\"@id\":\"https:\/\/pon-von-der-wuschelbande.de\/?page_id=61#breadcrumb\",\"itemListElement\":[{\"@type\":\"ListItem\",\"position\":1,\"name\":\"Startseite\",\"item\":\"https:\/\/pon-von-der-wuschelbande.de\/\"},{\"@type\":\"ListItem\",\"position\":2,\"name\":\"Kontakt\",\"item\":\"https:\/\/pon-von-der-wuschelbande.de\/?page_id=26\"},{\"@type\":\"ListItem\",\"position\":3,\"name\":\"Links\"}]},{\"@type\":\"WebSite\",\"@id\":\"https:\/\/pon-von-der-wuschelbande.de\/#website\",\"url\":\"https:\/\/pon-von-der-wuschelbande.de\/\",\"name\":\"PON von der Wuschelbande\",\"description\":\"PON Welpen Polski Owczarek Nizinny APH \/ VDH \/  FCI\",\"potentialAction\":[{\"@type\":\"SearchAction\",\"target\":{\"@type\":\"EntryPoint\",\"urlTemplate\":\"https:\/\/pon-von-der-wuschelbande.de\/?s={search_term_string}\"},\"query-input\":{\"@type\":\"PropertyValueSpecification\",\"valueRequired\":true,\"valueName\":\"search_term_string\"}}],\"inLanguage\":\"de\"}]}<\/script>\n<!-- \/ Yoast SEO plugin. -->","yoast_head_json":{"title":"Links - PON von der Wuschelbande","robots":{"index":"index","follow":"follow","max-snippet":"max-snippet:-1","max-image-preview":"max-image-preview:large","max-video-preview":"max-video-preview:-1"},"canonical":"https:\/\/pon-von-der-wuschelbande.de\/?page_id=61","og_locale":"de_DE","og_type":"article","og_title":"Links - PON von der Wuschelbande","og_description":"PON Seiten: \u00a0 PON Nothilfe &#8211; PON IN NOT \u00a0 \u00a0 Unsere PON Kinder: Czarek-Mio vom Hohen Stein Grusza vom Hohen Stein \u00a0 Verb\u00e4nde und Vereine : Allgemeiner Klub f\u00fcr Polnische Hunderassen APH e.V. Verband f\u00fcr das deutsche Hundewesen FCI &#8211; Federation Cynologique International Sonstiges:","og_url":"https:\/\/pon-von-der-wuschelbande.de\/?page_id=61","og_site_name":"PON von der Wuschelbande","article_modified_time":"2025-02-18T12:00:53+00:00","og_image":[{"width":1024,"height":681,"url":"https:\/\/pon-von-der-wuschelbande.de\/wp-content\/uploads\/2016\/02\/Leila-01-1024x681.jpg","type":"image\/jpeg"}],"twitter_card":"summary_large_image","twitter_misc":{"Gesch\u00e4tzte Lesezeit":"1\u00a0Minute"},"schema":{"@context":"https:\/\/schema.org","@graph":[{"@type":"WebPage","@id":"https:\/\/pon-von-der-wuschelbande.de\/?page_id=61","url":"https:\/\/pon-von-der-wuschelbande.de\/?page_id=61","name":"Links - PON von der Wuschelbande","isPartOf":{"@id":"https:\/\/pon-von-der-wuschelbande.de\/#website"},"primaryImageOfPage":{"@id":"https:\/\/pon-von-der-wuschelbande.de\/?page_id=61#primaryimage"},"image":{"@id":"https:\/\/pon-von-der-wuschelbande.de\/?page_id=61#primaryimage"},"thumbnailUrl":"https:\/\/pon-von-der-wuschelbande.de\/wp-content\/uploads\/2016\/02\/Leila-01.jpg","datePublished":"2016-02-29T11:56:20+00:00","dateModified":"2025-02-18T12:00:53+00:00","breadcrumb":{"@id":"https:\/\/pon-von-der-wuschelbande.de\/?page_id=61#breadcrumb"},"inLanguage":"de","potentialAction":[{"@type":"ReadAction","target":["https:\/\/pon-von-der-wuschelbande.de\/?page_id=61"]}]},{"@type":"ImageObject","inLanguage":"de","@id":"https:\/\/pon-von-der-wuschelbande.de\/?page_id=61#primaryimage","url":"https:\/\/pon-von-der-wuschelbande.de\/wp-content\/uploads\/2016\/02\/Leila-01.jpg","contentUrl":"https:\/\/pon-von-der-wuschelbande.de\/wp-content\/uploads\/2016\/02\/Leila-01.jpg","width":4256,"height":2832},{"@type":"BreadcrumbList","@id":"https:\/\/pon-von-der-wuschelbande.de\/?page_id=61#breadcrumb","itemListElement":[{"@type":"ListItem","position":1,"name":"Startseite","item":"https:\/\/pon-von-der-wuschelbande.de\/"},{"@type":"ListItem","position":2,"name":"Kontakt","item":"https:\/\/pon-von-der-wuschelbande.de\/?page_id=26"},{"@type":"ListItem","position":3,"name":"Links"}]},{"@type":"WebSite","@id":"https:\/\/pon-von-der-wuschelbande.de\/#website","url":"https:\/\/pon-von-der-wuschelbande.de\/","name":"PON von der Wuschelbande","description":"PON Welpen Polski Owczarek Nizinny APH \/ VDH \/  FCI","potentialAction":[{"@type":"SearchAction","target":{"@type":"EntryPoint","urlTemplate":"https:\/\/pon-von-der-wuschelbande.de\/?s={search_term_string}"},"query-input":{"@type":"PropertyValueSpecification","valueRequired":true,"valueName":"search_term_string"}}],"inLanguage":"de"}]}},"jetpack_sharing_enabled":true,"_links":{"self":[{"href":"https:\/\/pon-von-der-wuschelbande.de\/index.php?rest_route=\/wp\/v2\/pages\/61","targetHints":{"allow":["GET"]}}],"collection":[{"href":"https:\/\/pon-von-der-wuschelbande.de\/index.php?rest_route=\/wp\/v2\/pages"}],"about":[{"href":"https:\/\/pon-von-der-wuschelbande.de\/index.php?rest_route=\/wp\/v2\/types\/page"}],"author":[{"embeddable":true,"href":"https:\/\/pon-von-der-wuschelbande.de\/index.php?rest_route=\/wp\/v2\/users\/1"}],"replies":[{"embeddable":true,"href":"https:\/\/pon-von-der-wuschelbande.de\/index.php?rest_route=%2Fwp%2Fv2%2Fcomments&post=61"}],"version-history":[{"count":9,"href":"https:\/\/pon-von-der-wuschelbande.de\/index.php?rest_route=\/wp\/v2\/pages\/61\/revisions"}],"predecessor-version":[{"id":1538,"href":"https:\/\/pon-von-der-wuschelbande.de\/index.php?rest_route=\/wp\/v2\/pages\/61\/revisions\/1538"}],"up":[{"embeddable":true,"href":"https:\/\/pon-von-der-wuschelbande.de\/index.php?rest_route=\/wp\/v2\/pages\/26"}],"wp:featuredmedia":[{"embeddable":true,"href":"https:\/\/pon-von-der-wuschelbande.de\/index.php?rest_route=\/wp\/v2\/media\/913"}],"wp:attachment":[{"href":"https:\/\/pon-von-der-wuschelbande.de\/index.php?rest_route=%2Fwp%2Fv2%2Fmedia&parent=61"}],"curies":[{"name":"wp","href":"https:\/\/api.w.org\/{rel}","templated":true}]}}