{"id":410,"date":"2016-06-19T08:45:53","date_gmt":"2016-06-19T08:45:53","guid":{"rendered":"http:\/\/pon-von-der-wuschelbande.de\/?page_id=410"},"modified":"2021-07-21T06:20:37","modified_gmt":"2021-07-21T06:20:37","slug":"video-unserer-welpen","status":"publish","type":"page","link":"https:\/\/pon-von-der-wuschelbande.de\/?page_id=410","title":{"rendered":"Video G-Wurf &#038; H-Wurf"},"content":{"rendered":"<p>&nbsp;<\/p>\n<p>Welpengarten.<\/p>\n<p>Video vom H-Wurf und unsere Omi Bonny liegt mit 13 Jahren immer noch mittendrin!<\/p>\n<p>Alle Nachbart sind mit Gartenarbeiten besch\u00e4ftigt, die Welpen sind die L\u00e4rmkullise gew\u00f6hnt. Der Fellnasenspielplatz wird gut bespielt, die Welpen lieben es. Zum Schlafen wollen sie allerdings ins Haus und suchen ihren Platz im Wohnzimmer und in der K\u00fcche auf.<\/p>\n<p><iframe loading=\"lazy\" title=\"PON-WELPEN H-Wurf vom Hohen Stein\" width=\"525\" height=\"394\" src=\"https:\/\/www.youtube.com\/embed\/CU9JSLivFiA?feature=oembed\" frameborder=\"0\" allow=\"accelerometer; autoplay; clipboard-write; encrypted-media; gyroscope; picture-in-picture; web-share\" referrerpolicy=\"strict-origin-when-cross-origin\" allowfullscreen><\/iframe><\/p>\n<p>Video vom G-Wurf<\/p>\n<p><iframe loading=\"lazy\" title=\"PON Welpen G-Wurf vom Hohen Stein\" width=\"525\" height=\"394\" src=\"https:\/\/www.youtube.com\/embed\/vkOOhDs7-zc?feature=oembed\" frameborder=\"0\" allow=\"accelerometer; autoplay; clipboard-write; encrypted-media; gyroscope; picture-in-picture; web-share\" referrerpolicy=\"strict-origin-when-cross-origin\" allowfullscreen><\/iframe><\/p>\n<p>&nbsp;<\/p>\n","protected":false},"excerpt":{"rendered":"<p>&nbsp; Welpengarten. Video vom H-Wurf und unsere Omi Bonny liegt mit 13 Jahren immer noch mittendrin! Alle Nachbart sind mit Gartenarbeiten besch\u00e4ftigt, die Welpen sind die L\u00e4rmkullise gew\u00f6hnt. Der Fellnasenspielplatz wird gut bespielt, die Welpen lieben es. Zum Schlafen wollen sie allerdings ins Haus und suchen ihren Platz im Wohnzimmer und in der K\u00fcche auf. &hellip; <\/p>\n<p class=\"link-more\"><a href=\"https:\/\/pon-von-der-wuschelbande.de\/?page_id=410\" class=\"more-link\"><span class=\"screen-reader-text\">\u201eVideo G-Wurf &#038; H-Wurf\u201c<\/span> weiterlesen<\/a><\/p>\n","protected":false},"author":1,"featured_media":910,"parent":20,"menu_order":3,"comment_status":"closed","ping_status":"closed","template":"","meta":{"footnotes":""},"class_list":["post-410","page","type-page","status-publish","has-post-thumbnail","hentry"],"yoast_head":"<!-- This site is optimized with the Yoast SEO plugin v24.4 - https:\/\/yoast.com\/wordpress\/plugins\/seo\/ -->\n<title>Video G-Wurf &amp; H-Wurf - PON von der Wuschelbande<\/title>\n<meta name=\"robots\" content=\"index, follow, max-snippet:-1, max-image-preview:large, max-video-preview:-1\" \/>\n<link rel=\"canonical\" href=\"https:\/\/pon-von-der-wuschelbande.de\/?page_id=410\" \/>\n<meta property=\"og:locale\" content=\"de_DE\" \/>\n<meta property=\"og:type\" content=\"article\" \/>\n<meta property=\"og:title\" content=\"Video G-Wurf &amp; H-Wurf - PON von der Wuschelbande\" \/>\n<meta property=\"og:description\" content=\"&nbsp; Welpengarten. Video vom H-Wurf und unsere Omi Bonny liegt mit 13 Jahren immer noch mittendrin! Alle Nachbart sind mit Gartenarbeiten besch\u00e4ftigt, die Welpen sind die L\u00e4rmkullise gew\u00f6hnt. Der Fellnasenspielplatz wird gut bespielt, die Welpen lieben es. Zum Schlafen wollen sie allerdings ins Haus und suchen ihren Platz im Wohnzimmer und in der K\u00fcche auf. &hellip; \u201eVideo G-Wurf &#038; H-Wurf\u201c weiterlesen\" \/>\n<meta property=\"og:url\" content=\"https:\/\/pon-von-der-wuschelbande.de\/?page_id=410\" \/>\n<meta property=\"og:site_name\" content=\"PON von der Wuschelbande\" \/>\n<meta property=\"article:modified_time\" content=\"2021-07-21T06:20:37+00:00\" \/>\n<meta property=\"og:image\" content=\"https:\/\/pon-von-der-wuschelbande.de\/wp-content\/uploads\/2018\/06\/IMG_0703-1024x683.jpg\" \/>\n\t<meta property=\"og:image:width\" content=\"1024\" \/>\n\t<meta property=\"og:image:height\" content=\"683\" \/>\n\t<meta property=\"og:image:type\" content=\"image\/jpeg\" \/>\n<meta name=\"twitter:card\" content=\"summary_large_image\" \/>\n<script type=\"application\/ld+json\" class=\"yoast-schema-graph\">{\"@context\":\"https:\/\/schema.org\",\"@graph\":[{\"@type\":\"WebPage\",\"@id\":\"https:\/\/pon-von-der-wuschelbande.de\/?page_id=410\",\"url\":\"https:\/\/pon-von-der-wuschelbande.de\/?page_id=410\",\"name\":\"Video G-Wurf & H-Wurf - PON von der Wuschelbande\",\"isPartOf\":{\"@id\":\"https:\/\/pon-von-der-wuschelbande.de\/#website\"},\"primaryImageOfPage\":{\"@id\":\"https:\/\/pon-von-der-wuschelbande.de\/?page_id=410#primaryimage\"},\"image\":{\"@id\":\"https:\/\/pon-von-der-wuschelbande.de\/?page_id=410#primaryimage\"},\"thumbnailUrl\":\"https:\/\/pon-von-der-wuschelbande.de\/wp-content\/uploads\/2018\/06\/IMG_0703.jpg\",\"datePublished\":\"2016-06-19T08:45:53+00:00\",\"dateModified\":\"2021-07-21T06:20:37+00:00\",\"breadcrumb\":{\"@id\":\"https:\/\/pon-von-der-wuschelbande.de\/?page_id=410#breadcrumb\"},\"inLanguage\":\"de\",\"potentialAction\":[{\"@type\":\"ReadAction\",\"target\":[\"https:\/\/pon-von-der-wuschelbande.de\/?page_id=410\"]}]},{\"@type\":\"ImageObject\",\"inLanguage\":\"de\",\"@id\":\"https:\/\/pon-von-der-wuschelbande.de\/?page_id=410#primaryimage\",\"url\":\"https:\/\/pon-von-der-wuschelbande.de\/wp-content\/uploads\/2018\/06\/IMG_0703.jpg\",\"contentUrl\":\"https:\/\/pon-von-der-wuschelbande.de\/wp-content\/uploads\/2018\/06\/IMG_0703.jpg\",\"width\":3888,\"height\":2592},{\"@type\":\"BreadcrumbList\",\"@id\":\"https:\/\/pon-von-der-wuschelbande.de\/?page_id=410#breadcrumb\",\"itemListElement\":[{\"@type\":\"ListItem\",\"position\":1,\"name\":\"Startseite\",\"item\":\"https:\/\/pon-von-der-wuschelbande.de\/\"},{\"@type\":\"ListItem\",\"position\":2,\"name\":\"PON Welpen\",\"item\":\"https:\/\/pon-von-der-wuschelbande.de\/?page_id=20\"},{\"@type\":\"ListItem\",\"position\":3,\"name\":\"Video G-Wurf &#038; H-Wurf\"}]},{\"@type\":\"WebSite\",\"@id\":\"https:\/\/pon-von-der-wuschelbande.de\/#website\",\"url\":\"https:\/\/pon-von-der-wuschelbande.de\/\",\"name\":\"PON von der Wuschelbande\",\"description\":\"PON Welpen Polski Owczarek Nizinny APH \/ VDH \/  FCI\",\"potentialAction\":[{\"@type\":\"SearchAction\",\"target\":{\"@type\":\"EntryPoint\",\"urlTemplate\":\"https:\/\/pon-von-der-wuschelbande.de\/?s={search_term_string}\"},\"query-input\":{\"@type\":\"PropertyValueSpecification\",\"valueRequired\":true,\"valueName\":\"search_term_string\"}}],\"inLanguage\":\"de\"}]}<\/script>\n<!-- \/ Yoast SEO plugin. -->","yoast_head_json":{"title":"Video G-Wurf & H-Wurf - PON von der Wuschelbande","robots":{"index":"index","follow":"follow","max-snippet":"max-snippet:-1","max-image-preview":"max-image-preview:large","max-video-preview":"max-video-preview:-1"},"canonical":"https:\/\/pon-von-der-wuschelbande.de\/?page_id=410","og_locale":"de_DE","og_type":"article","og_title":"Video G-Wurf & H-Wurf - PON von der Wuschelbande","og_description":"&nbsp; Welpengarten. Video vom H-Wurf und unsere Omi Bonny liegt mit 13 Jahren immer noch mittendrin! Alle Nachbart sind mit Gartenarbeiten besch\u00e4ftigt, die Welpen sind die L\u00e4rmkullise gew\u00f6hnt. Der Fellnasenspielplatz wird gut bespielt, die Welpen lieben es. Zum Schlafen wollen sie allerdings ins Haus und suchen ihren Platz im Wohnzimmer und in der K\u00fcche auf. &hellip; \u201eVideo G-Wurf &#038; H-Wurf\u201c weiterlesen","og_url":"https:\/\/pon-von-der-wuschelbande.de\/?page_id=410","og_site_name":"PON von der Wuschelbande","article_modified_time":"2021-07-21T06:20:37+00:00","og_image":[{"width":1024,"height":683,"url":"https:\/\/pon-von-der-wuschelbande.de\/wp-content\/uploads\/2018\/06\/IMG_0703-1024x683.jpg","type":"image\/jpeg"}],"twitter_card":"summary_large_image","schema":{"@context":"https:\/\/schema.org","@graph":[{"@type":"WebPage","@id":"https:\/\/pon-von-der-wuschelbande.de\/?page_id=410","url":"https:\/\/pon-von-der-wuschelbande.de\/?page_id=410","name":"Video G-Wurf & H-Wurf - PON von der Wuschelbande","isPartOf":{"@id":"https:\/\/pon-von-der-wuschelbande.de\/#website"},"primaryImageOfPage":{"@id":"https:\/\/pon-von-der-wuschelbande.de\/?page_id=410#primaryimage"},"image":{"@id":"https:\/\/pon-von-der-wuschelbande.de\/?page_id=410#primaryimage"},"thumbnailUrl":"https:\/\/pon-von-der-wuschelbande.de\/wp-content\/uploads\/2018\/06\/IMG_0703.jpg","datePublished":"2016-06-19T08:45:53+00:00","dateModified":"2021-07-21T06:20:37+00:00","breadcrumb":{"@id":"https:\/\/pon-von-der-wuschelbande.de\/?page_id=410#breadcrumb"},"inLanguage":"de","potentialAction":[{"@type":"ReadAction","target":["https:\/\/pon-von-der-wuschelbande.de\/?page_id=410"]}]},{"@type":"ImageObject","inLanguage":"de","@id":"https:\/\/pon-von-der-wuschelbande.de\/?page_id=410#primaryimage","url":"https:\/\/pon-von-der-wuschelbande.de\/wp-content\/uploads\/2018\/06\/IMG_0703.jpg","contentUrl":"https:\/\/pon-von-der-wuschelbande.de\/wp-content\/uploads\/2018\/06\/IMG_0703.jpg","width":3888,"height":2592},{"@type":"BreadcrumbList","@id":"https:\/\/pon-von-der-wuschelbande.de\/?page_id=410#breadcrumb","itemListElement":[{"@type":"ListItem","position":1,"name":"Startseite","item":"https:\/\/pon-von-der-wuschelbande.de\/"},{"@type":"ListItem","position":2,"name":"PON Welpen","item":"https:\/\/pon-von-der-wuschelbande.de\/?page_id=20"},{"@type":"ListItem","position":3,"name":"Video G-Wurf &#038; H-Wurf"}]},{"@type":"WebSite","@id":"https:\/\/pon-von-der-wuschelbande.de\/#website","url":"https:\/\/pon-von-der-wuschelbande.de\/","name":"PON von der Wuschelbande","description":"PON Welpen Polski Owczarek Nizinny APH \/ VDH \/  FCI","potentialAction":[{"@type":"SearchAction","target":{"@type":"EntryPoint","urlTemplate":"https:\/\/pon-von-der-wuschelbande.de\/?s={search_term_string}"},"query-input":{"@type":"PropertyValueSpecification","valueRequired":true,"valueName":"search_term_string"}}],"inLanguage":"de"}]}},"jetpack_sharing_enabled":true,"_links":{"self":[{"href":"https:\/\/pon-von-der-wuschelbande.de\/index.php?rest_route=\/wp\/v2\/pages\/410","targetHints":{"allow":["GET"]}}],"collection":[{"href":"https:\/\/pon-von-der-wuschelbande.de\/index.php?rest_route=\/wp\/v2\/pages"}],"about":[{"href":"https:\/\/pon-von-der-wuschelbande.de\/index.php?rest_route=\/wp\/v2\/types\/page"}],"author":[{"embeddable":true,"href":"https:\/\/pon-von-der-wuschelbande.de\/index.php?rest_route=\/wp\/v2\/users\/1"}],"replies":[{"embeddable":true,"href":"https:\/\/pon-von-der-wuschelbande.de\/index.php?rest_route=%2Fwp%2Fv2%2Fcomments&post=410"}],"version-history":[{"count":11,"href":"https:\/\/pon-von-der-wuschelbande.de\/index.php?rest_route=\/wp\/v2\/pages\/410\/revisions"}],"predecessor-version":[{"id":933,"href":"https:\/\/pon-von-der-wuschelbande.de\/index.php?rest_route=\/wp\/v2\/pages\/410\/revisions\/933"}],"up":[{"embeddable":true,"href":"https:\/\/pon-von-der-wuschelbande.de\/index.php?rest_route=\/wp\/v2\/pages\/20"}],"wp:featuredmedia":[{"embeddable":true,"href":"https:\/\/pon-von-der-wuschelbande.de\/index.php?rest_route=\/wp\/v2\/media\/910"}],"wp:attachment":[{"href":"https:\/\/pon-von-der-wuschelbande.de\/index.php?rest_route=%2Fwp%2Fv2%2Fmedia&parent=410"}],"curies":[{"name":"wp","href":"https:\/\/api.w.org\/{rel}","templated":true}]}}