{"id":389,"date":"2016-06-17T17:17:48","date_gmt":"2016-06-17T17:17:48","guid":{"rendered":"http:\/\/pon-von-der-wuschelbande.de\/?page_id=389"},"modified":"2021-04-28T07:02:49","modified_gmt":"2021-04-28T07:02:49","slug":"das-pon-buch","status":"publish","type":"page","link":"https:\/\/pon-von-der-wuschelbande.de\/?page_id=389","title":{"rendered":"Das PON Buch"},"content":{"rendered":"<p>Das Buch zur Rasse PON<\/p>\n<p>Seit 2014 gibt es neues Buch \u00fcber die beiden polnischen Hunderassen Rassen Polski Owczarek Nizinny (PON) und Polski Owczarek Podhalanski (OP), hrsg. vom \u201eAllgemeinen Klub f\u00fcr polnische Hunderassen e.V.\u201c (APH)<\/p>\n<p>Eine Reihe von erfahrenen Autoren geben auf 142 Seiten sehr ausf\u00fchrlich Einblicke in die Rasse PON. Den interessierten Leser erwartet ein facettenreiches Bild \u00fcber die typischen Eigenarten dieses kompakten Zottels, der einst auf den Bauernh\u00f6fen des polnischen Tieflandes h\u00fctete und wachte. Dank seiner Robustheit, Intelligenz und ausgepr\u00e4gten F\u00e4higkeit zur Anpassung genie\u00dft er inzwischen auch bei uns den Status als gesch\u00e4tzter Familien- und Begleithund.<\/p>\n<p>Das Buch informiert \u00fcber die Urspr\u00fcnge der Rasse und enth\u00e4lt Wissenswertes zur Haltung, Welpenaufzucht, Erziehung, Gesundheit und Pflege. Zu Wort gekommen sind auch etliche PON Enthusiasten, die \u00fcber ihre ganz pers\u00f6nlichen Erfahrungen artgerechter Besch\u00e4ftigung berichten.<\/p>\n<p>Bezugsquelle:<br \/>\nDas Buch k\u00f6nnen Sie auf der Seite des Allgemeinen Klub f\u00fcr polnische Hunderassen bestellen. APH &#8211; Hier finden Sie die n\u00f6tigen Kontaktdaten und einen Ansprechpartner, gleich auf der Startseite.<\/p>\n<p><img loading=\"lazy\" decoding=\"async\" class=\"alignnone size-full wp-image-392\" src=\"http:\/\/pon-von-der-wuschelbande.de\/wp-content\/uploads\/2016\/06\/poncoverpin-e1466184175987.jpg\" alt=\"x_cover_OP_PON_31y14\" width=\"1300\" height=\"1260\" \/><\/p>\n","protected":false},"excerpt":{"rendered":"<p>Das Buch zur Rasse PON Seit 2014 gibt es neues Buch \u00fcber die beiden polnischen Hunderassen Rassen Polski Owczarek Nizinny (PON) und Polski Owczarek Podhalanski (OP), hrsg. vom \u201eAllgemeinen Klub f\u00fcr polnische Hunderassen e.V.\u201c (APH) Eine Reihe von erfahrenen Autoren geben auf 142 Seiten sehr ausf\u00fchrlich Einblicke in die Rasse PON. Den interessierten Leser erwartet &hellip; <\/p>\n<p class=\"link-more\"><a href=\"https:\/\/pon-von-der-wuschelbande.de\/?page_id=389\" class=\"more-link\"><span class=\"screen-reader-text\">\u201eDas PON Buch\u201c<\/span> weiterlesen<\/a><\/p>\n","protected":false},"author":1,"featured_media":917,"parent":18,"menu_order":1,"comment_status":"closed","ping_status":"closed","template":"","meta":{"footnotes":""},"class_list":["post-389","page","type-page","status-publish","has-post-thumbnail","hentry"],"yoast_head":"<!-- This site is optimized with the Yoast SEO plugin v24.4 - https:\/\/yoast.com\/wordpress\/plugins\/seo\/ -->\n<title>Das PON Buch - PON von der Wuschelbande<\/title>\n<meta name=\"robots\" content=\"index, follow, max-snippet:-1, max-image-preview:large, max-video-preview:-1\" \/>\n<link rel=\"canonical\" href=\"https:\/\/pon-von-der-wuschelbande.de\/?page_id=389\" \/>\n<meta property=\"og:locale\" content=\"de_DE\" \/>\n<meta property=\"og:type\" content=\"article\" \/>\n<meta property=\"og:title\" content=\"Das PON Buch - PON von der Wuschelbande\" \/>\n<meta property=\"og:description\" content=\"Das Buch zur Rasse PON Seit 2014 gibt es neues Buch \u00fcber die beiden polnischen Hunderassen Rassen Polski Owczarek Nizinny (PON) und Polski Owczarek Podhalanski (OP), hrsg. vom \u201eAllgemeinen Klub f\u00fcr polnische Hunderassen e.V.\u201c (APH) Eine Reihe von erfahrenen Autoren geben auf 142 Seiten sehr ausf\u00fchrlich Einblicke in die Rasse PON. Den interessierten Leser erwartet &hellip; \u201eDas PON Buch\u201c weiterlesen\" \/>\n<meta property=\"og:url\" content=\"https:\/\/pon-von-der-wuschelbande.de\/?page_id=389\" \/>\n<meta property=\"og:site_name\" content=\"PON von der Wuschelbande\" \/>\n<meta property=\"article:modified_time\" content=\"2021-04-28T07:02:49+00:00\" \/>\n<meta property=\"og:image\" content=\"https:\/\/pon-von-der-wuschelbande.de\/wp-content\/uploads\/2016\/06\/Leila-18-1024x681.jpg\" \/>\n\t<meta property=\"og:image:width\" content=\"1024\" \/>\n\t<meta property=\"og:image:height\" content=\"681\" \/>\n\t<meta property=\"og:image:type\" content=\"image\/jpeg\" \/>\n<meta name=\"twitter:card\" content=\"summary_large_image\" \/>\n<meta name=\"twitter:label1\" content=\"Gesch\u00e4tzte Lesezeit\" \/>\n\t<meta name=\"twitter:data1\" content=\"1\u00a0Minute\" \/>\n<script type=\"application\/ld+json\" class=\"yoast-schema-graph\">{\"@context\":\"https:\/\/schema.org\",\"@graph\":[{\"@type\":\"WebPage\",\"@id\":\"https:\/\/pon-von-der-wuschelbande.de\/?page_id=389\",\"url\":\"https:\/\/pon-von-der-wuschelbande.de\/?page_id=389\",\"name\":\"Das PON Buch - PON von der Wuschelbande\",\"isPartOf\":{\"@id\":\"https:\/\/pon-von-der-wuschelbande.de\/#website\"},\"primaryImageOfPage\":{\"@id\":\"https:\/\/pon-von-der-wuschelbande.de\/?page_id=389#primaryimage\"},\"image\":{\"@id\":\"https:\/\/pon-von-der-wuschelbande.de\/?page_id=389#primaryimage\"},\"thumbnailUrl\":\"https:\/\/pon-von-der-wuschelbande.de\/wp-content\/uploads\/2016\/06\/Leila-18.jpg\",\"datePublished\":\"2016-06-17T17:17:48+00:00\",\"dateModified\":\"2021-04-28T07:02:49+00:00\",\"breadcrumb\":{\"@id\":\"https:\/\/pon-von-der-wuschelbande.de\/?page_id=389#breadcrumb\"},\"inLanguage\":\"de\",\"potentialAction\":[{\"@type\":\"ReadAction\",\"target\":[\"https:\/\/pon-von-der-wuschelbande.de\/?page_id=389\"]}]},{\"@type\":\"ImageObject\",\"inLanguage\":\"de\",\"@id\":\"https:\/\/pon-von-der-wuschelbande.de\/?page_id=389#primaryimage\",\"url\":\"https:\/\/pon-von-der-wuschelbande.de\/wp-content\/uploads\/2016\/06\/Leila-18.jpg\",\"contentUrl\":\"https:\/\/pon-von-der-wuschelbande.de\/wp-content\/uploads\/2016\/06\/Leila-18.jpg\",\"width\":4256,\"height\":2832},{\"@type\":\"BreadcrumbList\",\"@id\":\"https:\/\/pon-von-der-wuschelbande.de\/?page_id=389#breadcrumb\",\"itemListElement\":[{\"@type\":\"ListItem\",\"position\":1,\"name\":\"Startseite\",\"item\":\"https:\/\/pon-von-der-wuschelbande.de\/\"},{\"@type\":\"ListItem\",\"position\":2,\"name\":\"Der PON\",\"item\":\"https:\/\/pon-von-der-wuschelbande.de\/?page_id=18\"},{\"@type\":\"ListItem\",\"position\":3,\"name\":\"Das PON Buch\"}]},{\"@type\":\"WebSite\",\"@id\":\"https:\/\/pon-von-der-wuschelbande.de\/#website\",\"url\":\"https:\/\/pon-von-der-wuschelbande.de\/\",\"name\":\"PON von der Wuschelbande\",\"description\":\"PON Welpen Polski Owczarek Nizinny APH \/ VDH \/  FCI\",\"potentialAction\":[{\"@type\":\"SearchAction\",\"target\":{\"@type\":\"EntryPoint\",\"urlTemplate\":\"https:\/\/pon-von-der-wuschelbande.de\/?s={search_term_string}\"},\"query-input\":{\"@type\":\"PropertyValueSpecification\",\"valueRequired\":true,\"valueName\":\"search_term_string\"}}],\"inLanguage\":\"de\"}]}<\/script>\n<!-- \/ Yoast SEO plugin. -->","yoast_head_json":{"title":"Das PON Buch - PON von der Wuschelbande","robots":{"index":"index","follow":"follow","max-snippet":"max-snippet:-1","max-image-preview":"max-image-preview:large","max-video-preview":"max-video-preview:-1"},"canonical":"https:\/\/pon-von-der-wuschelbande.de\/?page_id=389","og_locale":"de_DE","og_type":"article","og_title":"Das PON Buch - PON von der Wuschelbande","og_description":"Das Buch zur Rasse PON Seit 2014 gibt es neues Buch \u00fcber die beiden polnischen Hunderassen Rassen Polski Owczarek Nizinny (PON) und Polski Owczarek Podhalanski (OP), hrsg. vom \u201eAllgemeinen Klub f\u00fcr polnische Hunderassen e.V.\u201c (APH) Eine Reihe von erfahrenen Autoren geben auf 142 Seiten sehr ausf\u00fchrlich Einblicke in die Rasse PON. Den interessierten Leser erwartet &hellip; \u201eDas PON Buch\u201c weiterlesen","og_url":"https:\/\/pon-von-der-wuschelbande.de\/?page_id=389","og_site_name":"PON von der Wuschelbande","article_modified_time":"2021-04-28T07:02:49+00:00","og_image":[{"width":1024,"height":681,"url":"https:\/\/pon-von-der-wuschelbande.de\/wp-content\/uploads\/2016\/06\/Leila-18-1024x681.jpg","type":"image\/jpeg"}],"twitter_card":"summary_large_image","twitter_misc":{"Gesch\u00e4tzte Lesezeit":"1\u00a0Minute"},"schema":{"@context":"https:\/\/schema.org","@graph":[{"@type":"WebPage","@id":"https:\/\/pon-von-der-wuschelbande.de\/?page_id=389","url":"https:\/\/pon-von-der-wuschelbande.de\/?page_id=389","name":"Das PON Buch - PON von der Wuschelbande","isPartOf":{"@id":"https:\/\/pon-von-der-wuschelbande.de\/#website"},"primaryImageOfPage":{"@id":"https:\/\/pon-von-der-wuschelbande.de\/?page_id=389#primaryimage"},"image":{"@id":"https:\/\/pon-von-der-wuschelbande.de\/?page_id=389#primaryimage"},"thumbnailUrl":"https:\/\/pon-von-der-wuschelbande.de\/wp-content\/uploads\/2016\/06\/Leila-18.jpg","datePublished":"2016-06-17T17:17:48+00:00","dateModified":"2021-04-28T07:02:49+00:00","breadcrumb":{"@id":"https:\/\/pon-von-der-wuschelbande.de\/?page_id=389#breadcrumb"},"inLanguage":"de","potentialAction":[{"@type":"ReadAction","target":["https:\/\/pon-von-der-wuschelbande.de\/?page_id=389"]}]},{"@type":"ImageObject","inLanguage":"de","@id":"https:\/\/pon-von-der-wuschelbande.de\/?page_id=389#primaryimage","url":"https:\/\/pon-von-der-wuschelbande.de\/wp-content\/uploads\/2016\/06\/Leila-18.jpg","contentUrl":"https:\/\/pon-von-der-wuschelbande.de\/wp-content\/uploads\/2016\/06\/Leila-18.jpg","width":4256,"height":2832},{"@type":"BreadcrumbList","@id":"https:\/\/pon-von-der-wuschelbande.de\/?page_id=389#breadcrumb","itemListElement":[{"@type":"ListItem","position":1,"name":"Startseite","item":"https:\/\/pon-von-der-wuschelbande.de\/"},{"@type":"ListItem","position":2,"name":"Der PON","item":"https:\/\/pon-von-der-wuschelbande.de\/?page_id=18"},{"@type":"ListItem","position":3,"name":"Das PON Buch"}]},{"@type":"WebSite","@id":"https:\/\/pon-von-der-wuschelbande.de\/#website","url":"https:\/\/pon-von-der-wuschelbande.de\/","name":"PON von der Wuschelbande","description":"PON Welpen Polski Owczarek Nizinny APH \/ VDH \/  FCI","potentialAction":[{"@type":"SearchAction","target":{"@type":"EntryPoint","urlTemplate":"https:\/\/pon-von-der-wuschelbande.de\/?s={search_term_string}"},"query-input":{"@type":"PropertyValueSpecification","valueRequired":true,"valueName":"search_term_string"}}],"inLanguage":"de"}]}},"jetpack_sharing_enabled":true,"_links":{"self":[{"href":"https:\/\/pon-von-der-wuschelbande.de\/index.php?rest_route=\/wp\/v2\/pages\/389","targetHints":{"allow":["GET"]}}],"collection":[{"href":"https:\/\/pon-von-der-wuschelbande.de\/index.php?rest_route=\/wp\/v2\/pages"}],"about":[{"href":"https:\/\/pon-von-der-wuschelbande.de\/index.php?rest_route=\/wp\/v2\/types\/page"}],"author":[{"embeddable":true,"href":"https:\/\/pon-von-der-wuschelbande.de\/index.php?rest_route=\/wp\/v2\/users\/1"}],"replies":[{"embeddable":true,"href":"https:\/\/pon-von-der-wuschelbande.de\/index.php?rest_route=%2Fwp%2Fv2%2Fcomments&post=389"}],"version-history":[{"count":3,"href":"https:\/\/pon-von-der-wuschelbande.de\/index.php?rest_route=\/wp\/v2\/pages\/389\/revisions"}],"predecessor-version":[{"id":394,"href":"https:\/\/pon-von-der-wuschelbande.de\/index.php?rest_route=\/wp\/v2\/pages\/389\/revisions\/394"}],"up":[{"embeddable":true,"href":"https:\/\/pon-von-der-wuschelbande.de\/index.php?rest_route=\/wp\/v2\/pages\/18"}],"wp:featuredmedia":[{"embeddable":true,"href":"https:\/\/pon-von-der-wuschelbande.de\/index.php?rest_route=\/wp\/v2\/media\/917"}],"wp:attachment":[{"href":"https:\/\/pon-von-der-wuschelbande.de\/index.php?rest_route=%2Fwp%2Fv2%2Fmedia&parent=389"}],"curies":[{"name":"wp","href":"https:\/\/api.w.org\/{rel}","templated":true}]}}