{"id":317,"date":"2016-06-17T05:58:29","date_gmt":"2016-06-17T05:58:29","guid":{"rendered":"http:\/\/pon-von-der-wuschelbande.de\/?page_id=317"},"modified":"2021-10-06T06:11:57","modified_gmt":"2021-10-06T06:11:57","slug":"zeckenmittel","status":"publish","type":"page","link":"https:\/\/pon-von-der-wuschelbande.de\/?page_id=317","title":{"rendered":"Zeckenmittel"},"content":{"rendered":"<p>Zeckenschutzmittel<\/p>\n<p>Seit vielen Jahren sind chemische Zeckenschutzmittel, Antiparasitenmittel zum Auftr\u00e4ufeln, Spot on Produkte bzw. Mittel zum Aufspr\u00fchen und Halsb\u00e4nder weit verbreitet.<\/p>\n<p>Sie enthalten belastende Substanzen, die \u00fcber die Haut in den Blutkreislauf des Hundes gelangen und in verschiedenen Organen abgelagert werden k\u00f6nnen. Beginnen die Parasiten dann Blut zu saugen, werden sie vergiftet und abget\u00f6tet. Was f\u00fcr die widerstandsf\u00e4higen Parasiten t\u00f6dlich endet, ist nat\u00fcrlich auch f\u00fcr das Immunsystem und den Stoffwechsel des Hundes stark belastend.<\/p>\n<p>Viele verschiedene Krankheitssymptome k\u00f6nnen ausgel\u00f6st werden, wenn die chemischen Pr\u00e4parate den Organismus des Hundes erst mal gesch\u00e4digt haben. Diese Erkrankungen k\u00f6nnen kurz nach der ersten Anwendung auftreten aber meist erst nach mehrmaligen Anwendungen, da die chemischen Gifte im K\u00f6rper angereichert werden bis der Organismus die Belastung nicht mehr symptomfrei kompensieren kann. Leider werden diese Krankheitssymptome nur von den wenigsten Besitzern mit chemischen Antiparasitika in Verbindung gebracht.<\/p>\n<p>Da die Zeckenpopulationen immer h\u00e4ufiger Resistenz gegen\u00fcber chemischen Substanzen zeigt, erreicht man mit vielen Pr\u00e4paraten keinen Schutz mehr und das bedeutet, dass die Gesundheit unserer Hunde ganz umsonst mit Giftstoffen gesch\u00e4digt wird, ohne dass ein guter Schutz besteht. Kommt es in diesen F\u00e4llen wirklich zu einem Befall mit Borreliose\u00fcbertr\u00e4gern, hat das belastete und geschw\u00e4chte Immunssystem fast keine Chance mehr, einer Erkrankung zu entgehen.<\/p>\n<p>Zeckenbefall:<br \/>\nGibt man Hunden reglm\u00e4\u00dfig Cistus-Sud oder die mit etwas kochend Wasser erweichte Cistusbl\u00e4tter zum Nassfutter, hat dies vermindertem Zeckenbefall zur Folge. Aber auch Borreliose kann damit gelindert bzw. geheilt werden.<\/p>\n<p>Der schnelle gef\u00e4hrliche \u201eSCHUTZ\u201c vor Zecken!<\/p>\n<p>Permethrin, Fipronil und Deltamethrin \u2013 die Wirkstoffe der Spot-on Produkte und neu Fluranaler der Wirkstoff der \u201eleckeren Kautablette\u201c<\/p>\n<p>Gegen alle m\u00f6glichen und unm\u00f6glichen Besucher, die sich auf unseren haarigen Begleitern herumtummeln \u201ek\u00f6nnten\u201c, ist der f\u00fcrsorgliche Hundebesitzer, meist nicht besonders zimperlich, wenn es um den Einsatz von <strong>Sch\u00e4dlingsbek\u00e4mpfungsmitteln<\/strong> geht.<\/p>\n<p>Die Hersteller dieser Produkte schw\u00f6ren auf eine zuverl\u00e4ssige Wirkung, bei geringem gesundheitlichem Risiko f\u00fcr Mensch und Tier. \u201eUmweltfreundlich\u201c sollen die Produkte sein.<\/p>\n<p>Zuverl\u00e4ssige Wirkung?<\/p>\n<p>Diese wird von den Herstellern schon mal ausgeschlossen, weil:<\/p>\n<p>Vereinzelt kann es auch bei behandelten Tieren zum Ansaugen von Zecken kommen. Unter ung\u00fcnstigen Bedingungen kann daher eine \u00dcbertragung von Infektionskrankheiten nicht ausgeschlossen werden.<\/p>\n<p>Das bedeutet, dass die Gesundheit unserer Hunde ganz umsonst mit Giftstoffen gesch\u00e4digt wird, ohne dass ein guter Schutz besteht. Kommt es in diesen F\u00e4llen wirklich zu einem Befall mit Borreliose\u00fcbertr\u00e4gern, hat das belastete und geschw\u00e4chte Immunssystem durch das Gift, fast keine Chance mehr, einer Erkrankung zu entgehen.<\/p>\n<p>Der Markt bietet verschiedene Anwendungsm\u00f6glichkeiten in Form von Spray, Halsb\u00e4nder, Spot-on- oder Oral-Pr\u00e4paraten.<\/p>\n<p>Was passiert nach der Anwendung:<\/p>\n<p>Unabh\u00e4ngig vom Produkt zeigen die meisten Pr\u00e4parate eine identische Wirkungsweise.<\/p>\n<p>Die Insektizide verteilen sich allm\u00e4hlich \u00fcber Haarkleid und Haut des Hundes und reichern sich in jeder einzelnen Talgdr\u00fcsen an. Im Talg l\u00f6sen sie sich auf und werden kontinuierlich \u00fcber mehrere Wochen an das Haar und die oberen Hautschichten abgegeben.<\/p>\n<p>Bei der neuen leckeren Kautablette wird unter Pharmakokinetik angegeben, dass sich der Wirkstoff Fluranaler haupts\u00e4chlich im Fettgewebe des Hundes anreichert, daneben in der Leber, der Niere und in Muskeln des Hundes.<\/p>\n<p>Welche Folgerung schlie\u00dfe ich als Hundebesitzer daraus?<\/p>\n<p>Im Talg l\u00f6sen sich die Insektizide auf und werden kontinuierlich an das Haar und die oberen Hautschichten abgegeben.<\/p>\n<p>Wie kann es sein, dass ein Insektizid, ein Nervengift, welches \u00fcber mehrere Wochen kontinuierlich in Hundefell und auf seiner Haut nachweisbar ist, f\u00fcr Mensch-Hund-Kontakte v\u00f6llig unbedenklich ist, besser gesagt sein soll? D\u00fcrfen wir unsere \u201epr\u00e4parierten\u201c Hunde nur noch mit Einmalhandschuhen anfassen.<\/p>\n<p>Warnhinweise der Produkte:<\/p>\n<p>Frisch behandelte Tiere sollen sich nicht gegenseitig ablecken. W\u00e4hrend der Anwendung nicht essen, trinken oder rauchen. Nach Gebrauch H\u00e4nde sorgf\u00e4ltig waschen. Arzneimittelreste auf der Haut mit Wasser und Seife abwaschen. Oder gar Schutzkleidung tragen. Engen Kontakt mit frisch behandelten Tieren meiden. Kleinkinder von entsprechenden behandelnden Hunden und Halsb\u00e4ndern fernhalten. Darf nicht in Gew\u00e4sser gelangen, da es sch\u00e4dlich f\u00fcr Wasserorganismen ist.<\/p>\n<p>Sind solche Angaben nicht schon Grund genug, auf solche Produkte zu verzichten?<\/p>\n<p>Welche Nebenwirkungen werden angegeben:<\/p>\n<p>Advantix: Zusammensetzung: Imidacloprid*, Permethrin**, E 321, Excip. ad solut. M\u00f6glich: Vor\u00fcbergehender Haarausfall, Juckreiz und entz\u00fcndliche Reaktion an der Applikationsstelle. Bei \u00dcberdosierung bzw. Ablecken Anzeichen von Unruhe, Inkoordination, vermehrt Speichelfluss, Zittern, Zuckungen, Ataxie, Pupillenerweiterung -verengung, Lethargie, Depression.<\/p>\n<p>Expot: Zusammensetzung, Permethrin, Excipiens ad solutionem &#8211; Permethrin irritiert empfindliche Hautpartien, Schleimh\u00e4ute, Augen (lokalisierter Juckreiz\/ Entz\u00fcndungen). In seltenen F\u00e4llen kann es zur Sensibilisierung und nach Spraybehandlung zu asthmatischen Zust\u00e4nden kommen. Kontraindikation. Nicht bei unter 2 Wochen alten Welpen, kranken oder rekonvaleszenten Hunden, nicht bei Hautl\u00e4sionen, besonders im R\u00fcckenbereich anwenden.<\/p>\n<p>Scalibor- Zusammensetzung: Deltamethrin, E 171, Triphenylphosphat 5- Selten \u00f6rtlich begrenzte Hautver\u00e4nderungen, \u00f6rtlich begrenzte Dermatitis oder Erytheme, Pruritus und Haarverlust.<br \/>\n\u00c4u\u00dferst selten neurologische Symptome, wie Tremor und Lethargie. In diesem Fall sollte das Halsband entfernt werden.<\/p>\n<p>Fipronil: Das Auftragen auf Schleimh\u00e4ute oder im Bereich der K\u00f6rper\u00f6ffnungen sollte vermieden werden. \u00dcberdosierungen k\u00f6nnen zu reversiblen neuro-toxischen Symptomen, wie \u00dcbererregung, Tremor und Kr\u00e4mpfe f\u00fchren. Kontraindikation: Fipronil-Spray nicht bei geschw\u00e4chten oder sehr jungen Tieren anwenden, da die Aspiration des als L\u00f6sungsmittel verwendeten Isopropanols ausnahmsweise zum Tod f\u00fchren kann.<\/p>\n<p>Sp\u00e4tfolgen bei der regelm\u00e4\u00dfigen Verabreichung der Nervengifte reichen von Allergien, Magen &#8211; Darmproblemen bis hin zu Nieren- Leberst\u00f6rungen und Krebs.<\/p>\n<p>Angelika Richter-Faber &#8211; ver\u00f6ffentlicht in den IGH-Nachrichten und der Klubzeitschrift PON-Club der Schweiz<\/p>\n","protected":false},"excerpt":{"rendered":"<p>Zeckenschutzmittel Seit vielen Jahren sind chemische Zeckenschutzmittel, Antiparasitenmittel zum Auftr\u00e4ufeln, Spot on Produkte bzw. Mittel zum Aufspr\u00fchen und Halsb\u00e4nder weit verbreitet. Sie enthalten belastende Substanzen, die \u00fcber die Haut in den Blutkreislauf des Hundes gelangen und in verschiedenen Organen abgelagert werden k\u00f6nnen. Beginnen die Parasiten dann Blut zu saugen, werden sie vergiftet und abget\u00f6tet. Was &hellip; <\/p>\n<p class=\"link-more\"><a href=\"https:\/\/pon-von-der-wuschelbande.de\/?page_id=317\" class=\"more-link\"><span class=\"screen-reader-text\">\u201eZeckenmittel\u201c<\/span> weiterlesen<\/a><\/p>\n","protected":false},"author":1,"featured_media":906,"parent":24,"menu_order":5,"comment_status":"closed","ping_status":"closed","template":"","meta":{"footnotes":""},"class_list":["post-317","page","type-page","status-publish","has-post-thumbnail","hentry"],"yoast_head":"<!-- This site is optimized with the Yoast SEO plugin v24.4 - https:\/\/yoast.com\/wordpress\/plugins\/seo\/ -->\n<title>Zeckenmittel - PON von der Wuschelbande<\/title>\n<meta name=\"robots\" content=\"index, follow, max-snippet:-1, max-image-preview:large, max-video-preview:-1\" \/>\n<link rel=\"canonical\" href=\"https:\/\/pon-von-der-wuschelbande.de\/?page_id=317\" \/>\n<meta property=\"og:locale\" content=\"de_DE\" \/>\n<meta property=\"og:type\" content=\"article\" \/>\n<meta property=\"og:title\" content=\"Zeckenmittel - PON von der Wuschelbande\" \/>\n<meta property=\"og:description\" content=\"Zeckenschutzmittel Seit vielen Jahren sind chemische Zeckenschutzmittel, Antiparasitenmittel zum Auftr\u00e4ufeln, Spot on Produkte bzw. Mittel zum Aufspr\u00fchen und Halsb\u00e4nder weit verbreitet. Sie enthalten belastende Substanzen, die \u00fcber die Haut in den Blutkreislauf des Hundes gelangen und in verschiedenen Organen abgelagert werden k\u00f6nnen. Beginnen die Parasiten dann Blut zu saugen, werden sie vergiftet und abget\u00f6tet. Was &hellip; \u201eZeckenmittel\u201c weiterlesen\" \/>\n<meta property=\"og:url\" content=\"https:\/\/pon-von-der-wuschelbande.de\/?page_id=317\" \/>\n<meta property=\"og:site_name\" content=\"PON von der Wuschelbande\" \/>\n<meta property=\"article:modified_time\" content=\"2021-10-06T06:11:57+00:00\" \/>\n<meta property=\"og:image\" content=\"https:\/\/pon-von-der-wuschelbande.de\/wp-content\/uploads\/2016\/06\/IMG_6264-1024x683.jpg\" \/>\n\t<meta property=\"og:image:width\" content=\"1024\" \/>\n\t<meta property=\"og:image:height\" content=\"683\" \/>\n\t<meta property=\"og:image:type\" content=\"image\/jpeg\" \/>\n<meta name=\"twitter:card\" content=\"summary_large_image\" \/>\n<meta name=\"twitter:label1\" content=\"Gesch\u00e4tzte Lesezeit\" \/>\n\t<meta name=\"twitter:data1\" content=\"5\u00a0Minuten\" \/>\n<script type=\"application\/ld+json\" class=\"yoast-schema-graph\">{\"@context\":\"https:\/\/schema.org\",\"@graph\":[{\"@type\":\"WebPage\",\"@id\":\"https:\/\/pon-von-der-wuschelbande.de\/?page_id=317\",\"url\":\"https:\/\/pon-von-der-wuschelbande.de\/?page_id=317\",\"name\":\"Zeckenmittel - PON von der Wuschelbande\",\"isPartOf\":{\"@id\":\"https:\/\/pon-von-der-wuschelbande.de\/#website\"},\"primaryImageOfPage\":{\"@id\":\"https:\/\/pon-von-der-wuschelbande.de\/?page_id=317#primaryimage\"},\"image\":{\"@id\":\"https:\/\/pon-von-der-wuschelbande.de\/?page_id=317#primaryimage\"},\"thumbnailUrl\":\"https:\/\/pon-von-der-wuschelbande.de\/wp-content\/uploads\/2016\/06\/IMG_6264.jpg\",\"datePublished\":\"2016-06-17T05:58:29+00:00\",\"dateModified\":\"2021-10-06T06:11:57+00:00\",\"breadcrumb\":{\"@id\":\"https:\/\/pon-von-der-wuschelbande.de\/?page_id=317#breadcrumb\"},\"inLanguage\":\"de\",\"potentialAction\":[{\"@type\":\"ReadAction\",\"target\":[\"https:\/\/pon-von-der-wuschelbande.de\/?page_id=317\"]}]},{\"@type\":\"ImageObject\",\"inLanguage\":\"de\",\"@id\":\"https:\/\/pon-von-der-wuschelbande.de\/?page_id=317#primaryimage\",\"url\":\"https:\/\/pon-von-der-wuschelbande.de\/wp-content\/uploads\/2016\/06\/IMG_6264.jpg\",\"contentUrl\":\"https:\/\/pon-von-der-wuschelbande.de\/wp-content\/uploads\/2016\/06\/IMG_6264.jpg\",\"width\":3888,\"height\":2592},{\"@type\":\"BreadcrumbList\",\"@id\":\"https:\/\/pon-von-der-wuschelbande.de\/?page_id=317#breadcrumb\",\"itemListElement\":[{\"@type\":\"ListItem\",\"position\":1,\"name\":\"Startseite\",\"item\":\"https:\/\/pon-von-der-wuschelbande.de\/\"},{\"@type\":\"ListItem\",\"position\":2,\"name\":\"Wissenswert\",\"item\":\"https:\/\/pon-von-der-wuschelbande.de\/?page_id=24\"},{\"@type\":\"ListItem\",\"position\":3,\"name\":\"Zeckenmittel\"}]},{\"@type\":\"WebSite\",\"@id\":\"https:\/\/pon-von-der-wuschelbande.de\/#website\",\"url\":\"https:\/\/pon-von-der-wuschelbande.de\/\",\"name\":\"PON von der Wuschelbande\",\"description\":\"PON Welpen Polski Owczarek Nizinny APH \/ VDH \/  FCI\",\"potentialAction\":[{\"@type\":\"SearchAction\",\"target\":{\"@type\":\"EntryPoint\",\"urlTemplate\":\"https:\/\/pon-von-der-wuschelbande.de\/?s={search_term_string}\"},\"query-input\":{\"@type\":\"PropertyValueSpecification\",\"valueRequired\":true,\"valueName\":\"search_term_string\"}}],\"inLanguage\":\"de\"}]}<\/script>\n<!-- \/ Yoast SEO plugin. -->","yoast_head_json":{"title":"Zeckenmittel - PON von der Wuschelbande","robots":{"index":"index","follow":"follow","max-snippet":"max-snippet:-1","max-image-preview":"max-image-preview:large","max-video-preview":"max-video-preview:-1"},"canonical":"https:\/\/pon-von-der-wuschelbande.de\/?page_id=317","og_locale":"de_DE","og_type":"article","og_title":"Zeckenmittel - PON von der Wuschelbande","og_description":"Zeckenschutzmittel Seit vielen Jahren sind chemische Zeckenschutzmittel, Antiparasitenmittel zum Auftr\u00e4ufeln, Spot on Produkte bzw. Mittel zum Aufspr\u00fchen und Halsb\u00e4nder weit verbreitet. Sie enthalten belastende Substanzen, die \u00fcber die Haut in den Blutkreislauf des Hundes gelangen und in verschiedenen Organen abgelagert werden k\u00f6nnen. Beginnen die Parasiten dann Blut zu saugen, werden sie vergiftet und abget\u00f6tet. Was &hellip; \u201eZeckenmittel\u201c weiterlesen","og_url":"https:\/\/pon-von-der-wuschelbande.de\/?page_id=317","og_site_name":"PON von der Wuschelbande","article_modified_time":"2021-10-06T06:11:57+00:00","og_image":[{"width":1024,"height":683,"url":"https:\/\/pon-von-der-wuschelbande.de\/wp-content\/uploads\/2016\/06\/IMG_6264-1024x683.jpg","type":"image\/jpeg"}],"twitter_card":"summary_large_image","twitter_misc":{"Gesch\u00e4tzte Lesezeit":"5\u00a0Minuten"},"schema":{"@context":"https:\/\/schema.org","@graph":[{"@type":"WebPage","@id":"https:\/\/pon-von-der-wuschelbande.de\/?page_id=317","url":"https:\/\/pon-von-der-wuschelbande.de\/?page_id=317","name":"Zeckenmittel - PON von der Wuschelbande","isPartOf":{"@id":"https:\/\/pon-von-der-wuschelbande.de\/#website"},"primaryImageOfPage":{"@id":"https:\/\/pon-von-der-wuschelbande.de\/?page_id=317#primaryimage"},"image":{"@id":"https:\/\/pon-von-der-wuschelbande.de\/?page_id=317#primaryimage"},"thumbnailUrl":"https:\/\/pon-von-der-wuschelbande.de\/wp-content\/uploads\/2016\/06\/IMG_6264.jpg","datePublished":"2016-06-17T05:58:29+00:00","dateModified":"2021-10-06T06:11:57+00:00","breadcrumb":{"@id":"https:\/\/pon-von-der-wuschelbande.de\/?page_id=317#breadcrumb"},"inLanguage":"de","potentialAction":[{"@type":"ReadAction","target":["https:\/\/pon-von-der-wuschelbande.de\/?page_id=317"]}]},{"@type":"ImageObject","inLanguage":"de","@id":"https:\/\/pon-von-der-wuschelbande.de\/?page_id=317#primaryimage","url":"https:\/\/pon-von-der-wuschelbande.de\/wp-content\/uploads\/2016\/06\/IMG_6264.jpg","contentUrl":"https:\/\/pon-von-der-wuschelbande.de\/wp-content\/uploads\/2016\/06\/IMG_6264.jpg","width":3888,"height":2592},{"@type":"BreadcrumbList","@id":"https:\/\/pon-von-der-wuschelbande.de\/?page_id=317#breadcrumb","itemListElement":[{"@type":"ListItem","position":1,"name":"Startseite","item":"https:\/\/pon-von-der-wuschelbande.de\/"},{"@type":"ListItem","position":2,"name":"Wissenswert","item":"https:\/\/pon-von-der-wuschelbande.de\/?page_id=24"},{"@type":"ListItem","position":3,"name":"Zeckenmittel"}]},{"@type":"WebSite","@id":"https:\/\/pon-von-der-wuschelbande.de\/#website","url":"https:\/\/pon-von-der-wuschelbande.de\/","name":"PON von der Wuschelbande","description":"PON Welpen Polski Owczarek Nizinny APH \/ VDH \/  FCI","potentialAction":[{"@type":"SearchAction","target":{"@type":"EntryPoint","urlTemplate":"https:\/\/pon-von-der-wuschelbande.de\/?s={search_term_string}"},"query-input":{"@type":"PropertyValueSpecification","valueRequired":true,"valueName":"search_term_string"}}],"inLanguage":"de"}]}},"jetpack_sharing_enabled":true,"_links":{"self":[{"href":"https:\/\/pon-von-der-wuschelbande.de\/index.php?rest_route=\/wp\/v2\/pages\/317","targetHints":{"allow":["GET"]}}],"collection":[{"href":"https:\/\/pon-von-der-wuschelbande.de\/index.php?rest_route=\/wp\/v2\/pages"}],"about":[{"href":"https:\/\/pon-von-der-wuschelbande.de\/index.php?rest_route=\/wp\/v2\/types\/page"}],"author":[{"embeddable":true,"href":"https:\/\/pon-von-der-wuschelbande.de\/index.php?rest_route=\/wp\/v2\/users\/1"}],"replies":[{"embeddable":true,"href":"https:\/\/pon-von-der-wuschelbande.de\/index.php?rest_route=%2Fwp%2Fv2%2Fcomments&post=317"}],"version-history":[{"count":4,"href":"https:\/\/pon-von-der-wuschelbande.de\/index.php?rest_route=\/wp\/v2\/pages\/317\/revisions"}],"predecessor-version":[{"id":1056,"href":"https:\/\/pon-von-der-wuschelbande.de\/index.php?rest_route=\/wp\/v2\/pages\/317\/revisions\/1056"}],"up":[{"embeddable":true,"href":"https:\/\/pon-von-der-wuschelbande.de\/index.php?rest_route=\/wp\/v2\/pages\/24"}],"wp:featuredmedia":[{"embeddable":true,"href":"https:\/\/pon-von-der-wuschelbande.de\/index.php?rest_route=\/wp\/v2\/media\/906"}],"wp:attachment":[{"href":"https:\/\/pon-von-der-wuschelbande.de\/index.php?rest_route=%2Fwp%2Fv2%2Fmedia&parent=317"}],"curies":[{"name":"wp","href":"https:\/\/api.w.org\/{rel}","templated":true}]}}