{"id":315,"date":"2016-06-17T05:53:36","date_gmt":"2016-06-17T05:53:36","guid":{"rendered":"http:\/\/pon-von-der-wuschelbande.de\/?page_id=315"},"modified":"2024-05-03T07:14:30","modified_gmt":"2024-05-03T07:14:30","slug":"impfungen","status":"publish","type":"page","link":"https:\/\/pon-von-der-wuschelbande.de\/?page_id=315","title":{"rendered":"Impfungen"},"content":{"rendered":"<p>Neue Richtlinien zur Welpenimpfung durch den WSAVA &#8211; World Small Animal Veterinary Association &#8211; <strong>Weltverband der Kleintier\u00e4rzte (2013)<br \/>\n<\/strong><\/p>\n<p>Hier die wichtigsten Aussagen:<\/p>\n<p>Welpen sollten ihre letzte Impfung mit den core vaccines (= <strong>Staupe-Hepatitis-Parvo = SHP = Impfstoffe<\/strong>, die alle Welpen erhalten sollten) mit 14 bis 16 Wochen bekommen. <em>(Solange maternale Antik\u00f6rper der Mutter vorhanden sind, kann die Impfung nicht greifen)<\/em><br \/>\n<strong>98 Prozent der Welpen<\/strong> sind damit f\u00fcr viele Jahre und <strong>wahrscheinlich sogar lebenslang gegen Staupe-Hepatitis-Parvo gesch\u00fctzt.<\/strong><\/p>\n<p>Um sicher zu sein, dass ein Impfschutz aufgebaut werden konnte und der Welpe nicht unter den<strong> 2% der ungesch\u00fctzten Hunde ist,<\/strong> sollte eine <strong>Titerkontrolle<\/strong> nach der Impfung statt finden. (empfohlen)<\/p>\n<p>Die empfohlene erneute SHP-Impfung der Junghunde mit <strong>einem Jahr<\/strong> ist KEINE Auffrischimpfung. Sie ist vielmehr als Catch-up-Impfung gedacht f\u00fcr diejenigen Junghunde, bei denen die <strong>letzte Welpenimpfung nicht gegriffen hat.<\/strong><\/p>\n<p><strong>Die WSAVA<\/strong> sagt, dass man gegen SHP nicht h\u00e4ufiger als alle drei Jahre impfen soll. Dies werde oft dahingehend missverstanden, dass man alle drei Jahre nachimpfen solle. Aber das ist nicht der Fall, hei\u00dft es <strong>ausdr\u00fccklich in der Richtlinie. Und zwar deshalb: Wenn der Hund bereits Immunit\u00e4t gegen SHP besitzt, wird diese Immunit\u00e4t durch Nachimpfungen NICHT ERH\u00d6HT.<\/strong><br \/>\nDie <strong>WSAVA unterst\u00fctzt die Nutzung von Titerbestimmungen,<\/strong> um unn\u00f6tige Impfungen zu vermeiden. Hier w\u00e4re der Ansatz, die Welpen im Alter von 5-6 Wochen stichprobenartig (1-2 Welpen pro Wurf) zu testen und den <strong>idealen Impfzeitpunkt zu bestimmen, eine zuverl\u00e4ssige und sinnvolle Ma\u00dfnahme.<\/strong><\/p>\n<p><strong>Das Labor Laboklin gibt bei Titerkontrolle der Welpen den richtigen Impfzeitpunkt an, damit eine einmalige Impfung ausreichend ist.<\/strong><br \/>\n<strong> \u00a0<\/strong><br \/>\nEs sollten nur so <strong>wenige Impfungen wie m\u00f6glich gegeben werden,<\/strong> um Nebenwirkungen zu vermeiden. Diese reichen von leichten Nebenwirkungen wie Fieber, Appetitlosigkeit bis hin zu schweren wie Epilepsie, Arthritis, Autoimmunh\u00e4molytischer An\u00e4mie und Allergien.<br \/>\nHier der Originaltext PDF &#8211;\u00a0 <a href=\"http:\/\/pon-von-der-wuschelbande.de\/wp-content\/uploads\/2016\/06\/new_puppy_owner_vaccination_guidelines_may_2013.pdf\">new 2013<\/a> Vaccination Guidelines for New Puppy Owners<\/p>\n<p>&nbsp;<\/p>\n<p><strong>Leptospirose<\/strong>: Die WSAVA (Weltverband der Kleintier\u00e4rzte) empfiehlt, die Impfung<strong> nur in Risikogebieten,<\/strong> da dieser Impfstoff stark mit <strong>Nebenwirkungen<\/strong> verbunden sein kann.<\/p>\n<p>Was ist Leptospirose? Bakterien der Ordnung Spirochaetataceae und der familie Leptospiraceae. Sie k\u00f6nnen viele Tierarten und auch Menschen befallen. Haupt\u00fcbertr\u00e4ger in Deutschland d\u00fcrften M\u00e4use und Ratten sein, respektive deren Urin. \u00dcbertragen werden die Erreger durch kontaminieretes Wasser. Es gibt \u00fcber <strong>200<\/strong> Untertypen der Leptospiren, der zu diesem Zeitpunkt modernste Impfstoff (Nobivac L4) sch\u00fctzt nur gegen <strong>vier<\/strong> der h\u00e4ufiger vorkommenden Untertypen, nicht aber gegen den Rest.<br \/>\nEs ist also sehr wichtig, sich dar\u00fcber im Klaren zu sein, dass auch ein geimpfter Hund sehr wohl an einer Leptospirose erkranken kann.<br \/>\nLeider wird diese neue L4 Impfung neuerdings vor Wurfabgabe von der <strong>Stiko<\/strong> f\u00fcr die Welpen vorgeschrieben. Daf\u00fcr ist die Hepatitisimpfung weggefallen.<br \/>\nDer Weltverband der Kleintier\u00e4rzte <strong>(WSAVA, von englisch World Small Animal Veterinary Association<\/strong>) widerspricht dieser Empfehlung und warnt davor, dass der Impfstoff besonders f\u00fcr Welpen unter 12 Wochen riskant sei. Der L4-Impfstoff wird mit genauso vielen, wenn nicht mit mehr Nebenwirkungen assoziiert wie jede andere freiwillige Impfung, so der <strong>WSAVA.<\/strong><\/p>\n<p>&nbsp;<\/p>\n","protected":false},"excerpt":{"rendered":"<p>Neue Richtlinien zur Welpenimpfung durch den WSAVA &#8211; World Small Animal Veterinary Association &#8211; Weltverband der Kleintier\u00e4rzte (2013) Hier die wichtigsten Aussagen: Welpen sollten ihre letzte Impfung mit den core vaccines (= Staupe-Hepatitis-Parvo = SHP = Impfstoffe, die alle Welpen erhalten sollten) mit 14 bis 16 Wochen bekommen. (Solange maternale Antik\u00f6rper der Mutter vorhanden sind, &hellip; <\/p>\n<p class=\"link-more\"><a href=\"https:\/\/pon-von-der-wuschelbande.de\/?page_id=315\" class=\"more-link\"><span class=\"screen-reader-text\">\u201eImpfungen\u201c<\/span> weiterlesen<\/a><\/p>\n","protected":false},"author":1,"featured_media":907,"parent":24,"menu_order":4,"comment_status":"closed","ping_status":"closed","template":"","meta":{"footnotes":""},"class_list":["post-315","page","type-page","status-publish","has-post-thumbnail","hentry"],"yoast_head":"<!-- This site is optimized with the Yoast SEO plugin v24.4 - https:\/\/yoast.com\/wordpress\/plugins\/seo\/ -->\n<title>Impfungen - PON von der Wuschelbande<\/title>\n<meta name=\"robots\" content=\"index, follow, max-snippet:-1, max-image-preview:large, max-video-preview:-1\" \/>\n<link rel=\"canonical\" href=\"https:\/\/pon-von-der-wuschelbande.de\/?page_id=315\" \/>\n<meta property=\"og:locale\" content=\"de_DE\" \/>\n<meta property=\"og:type\" content=\"article\" \/>\n<meta property=\"og:title\" content=\"Impfungen - PON von der Wuschelbande\" \/>\n<meta property=\"og:description\" content=\"Neue Richtlinien zur Welpenimpfung durch den WSAVA &#8211; World Small Animal Veterinary Association &#8211; Weltverband der Kleintier\u00e4rzte (2013) Hier die wichtigsten Aussagen: Welpen sollten ihre letzte Impfung mit den core vaccines (= Staupe-Hepatitis-Parvo = SHP = Impfstoffe, die alle Welpen erhalten sollten) mit 14 bis 16 Wochen bekommen. (Solange maternale Antik\u00f6rper der Mutter vorhanden sind, &hellip; \u201eImpfungen\u201c weiterlesen\" \/>\n<meta property=\"og:url\" content=\"https:\/\/pon-von-der-wuschelbande.de\/?page_id=315\" \/>\n<meta property=\"og:site_name\" content=\"PON von der Wuschelbande\" \/>\n<meta property=\"article:modified_time\" content=\"2024-05-03T07:14:30+00:00\" \/>\n<meta property=\"og:image\" content=\"https:\/\/pon-von-der-wuschelbande.de\/wp-content\/uploads\/2016\/06\/IMG_6254-1024x683.jpg\" \/>\n\t<meta property=\"og:image:width\" content=\"1024\" \/>\n\t<meta property=\"og:image:height\" content=\"683\" \/>\n\t<meta property=\"og:image:type\" content=\"image\/jpeg\" \/>\n<meta name=\"twitter:card\" content=\"summary_large_image\" \/>\n<meta name=\"twitter:label1\" content=\"Gesch\u00e4tzte Lesezeit\" \/>\n\t<meta name=\"twitter:data1\" content=\"3\u00a0Minuten\" \/>\n<script type=\"application\/ld+json\" class=\"yoast-schema-graph\">{\"@context\":\"https:\/\/schema.org\",\"@graph\":[{\"@type\":\"WebPage\",\"@id\":\"https:\/\/pon-von-der-wuschelbande.de\/?page_id=315\",\"url\":\"https:\/\/pon-von-der-wuschelbande.de\/?page_id=315\",\"name\":\"Impfungen - PON von der Wuschelbande\",\"isPartOf\":{\"@id\":\"https:\/\/pon-von-der-wuschelbande.de\/#website\"},\"primaryImageOfPage\":{\"@id\":\"https:\/\/pon-von-der-wuschelbande.de\/?page_id=315#primaryimage\"},\"image\":{\"@id\":\"https:\/\/pon-von-der-wuschelbande.de\/?page_id=315#primaryimage\"},\"thumbnailUrl\":\"https:\/\/pon-von-der-wuschelbande.de\/wp-content\/uploads\/2016\/06\/IMG_6254.jpg\",\"datePublished\":\"2016-06-17T05:53:36+00:00\",\"dateModified\":\"2024-05-03T07:14:30+00:00\",\"breadcrumb\":{\"@id\":\"https:\/\/pon-von-der-wuschelbande.de\/?page_id=315#breadcrumb\"},\"inLanguage\":\"de\",\"potentialAction\":[{\"@type\":\"ReadAction\",\"target\":[\"https:\/\/pon-von-der-wuschelbande.de\/?page_id=315\"]}]},{\"@type\":\"ImageObject\",\"inLanguage\":\"de\",\"@id\":\"https:\/\/pon-von-der-wuschelbande.de\/?page_id=315#primaryimage\",\"url\":\"https:\/\/pon-von-der-wuschelbande.de\/wp-content\/uploads\/2016\/06\/IMG_6254.jpg\",\"contentUrl\":\"https:\/\/pon-von-der-wuschelbande.de\/wp-content\/uploads\/2016\/06\/IMG_6254.jpg\",\"width\":3888,\"height\":2592},{\"@type\":\"BreadcrumbList\",\"@id\":\"https:\/\/pon-von-der-wuschelbande.de\/?page_id=315#breadcrumb\",\"itemListElement\":[{\"@type\":\"ListItem\",\"position\":1,\"name\":\"Startseite\",\"item\":\"https:\/\/pon-von-der-wuschelbande.de\/\"},{\"@type\":\"ListItem\",\"position\":2,\"name\":\"Wissenswert\",\"item\":\"https:\/\/pon-von-der-wuschelbande.de\/?page_id=24\"},{\"@type\":\"ListItem\",\"position\":3,\"name\":\"Impfungen\"}]},{\"@type\":\"WebSite\",\"@id\":\"https:\/\/pon-von-der-wuschelbande.de\/#website\",\"url\":\"https:\/\/pon-von-der-wuschelbande.de\/\",\"name\":\"PON von der Wuschelbande\",\"description\":\"PON Welpen Polski Owczarek Nizinny APH \/ VDH \/  FCI\",\"potentialAction\":[{\"@type\":\"SearchAction\",\"target\":{\"@type\":\"EntryPoint\",\"urlTemplate\":\"https:\/\/pon-von-der-wuschelbande.de\/?s={search_term_string}\"},\"query-input\":{\"@type\":\"PropertyValueSpecification\",\"valueRequired\":true,\"valueName\":\"search_term_string\"}}],\"inLanguage\":\"de\"}]}<\/script>\n<!-- \/ Yoast SEO plugin. -->","yoast_head_json":{"title":"Impfungen - PON von der Wuschelbande","robots":{"index":"index","follow":"follow","max-snippet":"max-snippet:-1","max-image-preview":"max-image-preview:large","max-video-preview":"max-video-preview:-1"},"canonical":"https:\/\/pon-von-der-wuschelbande.de\/?page_id=315","og_locale":"de_DE","og_type":"article","og_title":"Impfungen - PON von der Wuschelbande","og_description":"Neue Richtlinien zur Welpenimpfung durch den WSAVA &#8211; World Small Animal Veterinary Association &#8211; Weltverband der Kleintier\u00e4rzte (2013) Hier die wichtigsten Aussagen: Welpen sollten ihre letzte Impfung mit den core vaccines (= Staupe-Hepatitis-Parvo = SHP = Impfstoffe, die alle Welpen erhalten sollten) mit 14 bis 16 Wochen bekommen. (Solange maternale Antik\u00f6rper der Mutter vorhanden sind, &hellip; \u201eImpfungen\u201c weiterlesen","og_url":"https:\/\/pon-von-der-wuschelbande.de\/?page_id=315","og_site_name":"PON von der Wuschelbande","article_modified_time":"2024-05-03T07:14:30+00:00","og_image":[{"width":1024,"height":683,"url":"https:\/\/pon-von-der-wuschelbande.de\/wp-content\/uploads\/2016\/06\/IMG_6254-1024x683.jpg","type":"image\/jpeg"}],"twitter_card":"summary_large_image","twitter_misc":{"Gesch\u00e4tzte Lesezeit":"3\u00a0Minuten"},"schema":{"@context":"https:\/\/schema.org","@graph":[{"@type":"WebPage","@id":"https:\/\/pon-von-der-wuschelbande.de\/?page_id=315","url":"https:\/\/pon-von-der-wuschelbande.de\/?page_id=315","name":"Impfungen - PON von der Wuschelbande","isPartOf":{"@id":"https:\/\/pon-von-der-wuschelbande.de\/#website"},"primaryImageOfPage":{"@id":"https:\/\/pon-von-der-wuschelbande.de\/?page_id=315#primaryimage"},"image":{"@id":"https:\/\/pon-von-der-wuschelbande.de\/?page_id=315#primaryimage"},"thumbnailUrl":"https:\/\/pon-von-der-wuschelbande.de\/wp-content\/uploads\/2016\/06\/IMG_6254.jpg","datePublished":"2016-06-17T05:53:36+00:00","dateModified":"2024-05-03T07:14:30+00:00","breadcrumb":{"@id":"https:\/\/pon-von-der-wuschelbande.de\/?page_id=315#breadcrumb"},"inLanguage":"de","potentialAction":[{"@type":"ReadAction","target":["https:\/\/pon-von-der-wuschelbande.de\/?page_id=315"]}]},{"@type":"ImageObject","inLanguage":"de","@id":"https:\/\/pon-von-der-wuschelbande.de\/?page_id=315#primaryimage","url":"https:\/\/pon-von-der-wuschelbande.de\/wp-content\/uploads\/2016\/06\/IMG_6254.jpg","contentUrl":"https:\/\/pon-von-der-wuschelbande.de\/wp-content\/uploads\/2016\/06\/IMG_6254.jpg","width":3888,"height":2592},{"@type":"BreadcrumbList","@id":"https:\/\/pon-von-der-wuschelbande.de\/?page_id=315#breadcrumb","itemListElement":[{"@type":"ListItem","position":1,"name":"Startseite","item":"https:\/\/pon-von-der-wuschelbande.de\/"},{"@type":"ListItem","position":2,"name":"Wissenswert","item":"https:\/\/pon-von-der-wuschelbande.de\/?page_id=24"},{"@type":"ListItem","position":3,"name":"Impfungen"}]},{"@type":"WebSite","@id":"https:\/\/pon-von-der-wuschelbande.de\/#website","url":"https:\/\/pon-von-der-wuschelbande.de\/","name":"PON von der Wuschelbande","description":"PON Welpen Polski Owczarek Nizinny APH \/ VDH \/  FCI","potentialAction":[{"@type":"SearchAction","target":{"@type":"EntryPoint","urlTemplate":"https:\/\/pon-von-der-wuschelbande.de\/?s={search_term_string}"},"query-input":{"@type":"PropertyValueSpecification","valueRequired":true,"valueName":"search_term_string"}}],"inLanguage":"de"}]}},"jetpack_sharing_enabled":true,"_links":{"self":[{"href":"https:\/\/pon-von-der-wuschelbande.de\/index.php?rest_route=\/wp\/v2\/pages\/315","targetHints":{"allow":["GET"]}}],"collection":[{"href":"https:\/\/pon-von-der-wuschelbande.de\/index.php?rest_route=\/wp\/v2\/pages"}],"about":[{"href":"https:\/\/pon-von-der-wuschelbande.de\/index.php?rest_route=\/wp\/v2\/types\/page"}],"author":[{"embeddable":true,"href":"https:\/\/pon-von-der-wuschelbande.de\/index.php?rest_route=\/wp\/v2\/users\/1"}],"replies":[{"embeddable":true,"href":"https:\/\/pon-von-der-wuschelbande.de\/index.php?rest_route=%2Fwp%2Fv2%2Fcomments&post=315"}],"version-history":[{"count":12,"href":"https:\/\/pon-von-der-wuschelbande.de\/index.php?rest_route=\/wp\/v2\/pages\/315\/revisions"}],"predecessor-version":[{"id":1322,"href":"https:\/\/pon-von-der-wuschelbande.de\/index.php?rest_route=\/wp\/v2\/pages\/315\/revisions\/1322"}],"up":[{"embeddable":true,"href":"https:\/\/pon-von-der-wuschelbande.de\/index.php?rest_route=\/wp\/v2\/pages\/24"}],"wp:featuredmedia":[{"embeddable":true,"href":"https:\/\/pon-von-der-wuschelbande.de\/index.php?rest_route=\/wp\/v2\/media\/907"}],"wp:attachment":[{"href":"https:\/\/pon-von-der-wuschelbande.de\/index.php?rest_route=%2Fwp%2Fv2%2Fmedia&parent=315"}],"curies":[{"name":"wp","href":"https:\/\/api.w.org\/{rel}","templated":true}]}}