{"id":313,"date":"2016-06-17T05:46:57","date_gmt":"2016-06-17T05:46:57","guid":{"rendered":"http:\/\/pon-von-der-wuschelbande.de\/?page_id=313"},"modified":"2021-04-28T06:35:02","modified_gmt":"2021-04-28T06:35:02","slug":"herbstgrasmilben","status":"publish","type":"page","link":"https:\/\/pon-von-der-wuschelbande.de\/?page_id=313","title":{"rendered":"Herbstgrasmilben"},"content":{"rendered":"<p>Die Temperaturen erreichen derzeit kaum mehr als 16\u02daC \u2013 ideale Bedingungen f\u00fcr die Herbstgrasmilbe, auch unter Trivialnamen wie Grasmilbe, Erntemilbe, Stachelbeermilbe oder Herbstlaus bzw. Erdlaus bekannt. Fast alles Bezeichnungen, die sich auf die Jahreszeit beziehen: Die Larven dieser zu den sog. Laufmilben geh\u00f6renden Art werden im Herbst (Mitte Juli bis Ende Oktober), insbesondere an sonnigen, trockenen Nachmittagen aktiv. Neotrombicula autumnalis ist die bedeutendste Laufmilbenart in Europa.<\/p>\n<p>Entwicklung<\/p>\n<p>Die Eier werden im feuchten Boden abgelegt. Nach dem Schlupf wandern die 6-beinigen, orange- bis ziegelroten, ca. 0,2 bis 0,3 mm langen Larven an Grashalmen hinauf. Auch auf gefallenem Laub sammeln sie sich an. Dort warten sie \u2013 oft versammelt zu Hunderten bis Tausenden von Einzeltieren \u2013 am h\u00f6chsten Punkt ihres Standortes auf Opfer. Bez\u00fcglich ihres Wirtes sind sie nicht sonderlich w\u00e4hlerisch \u2013 vor allem Nagetiere werden befallen, aber auch Hunde, Katzen, Pferde, V\u00f6gel und der Mensch sind vor ihnen nicht sicher.<\/p>\n<p>Die Milbenlarven heften sich an die Haut der vorbeilaufenden Wirtstiere und durchschneiden mit ihren Mundwerkzeugen die oberste Hautschicht. Das durch Speichelsekret angedaute Wirtsgewebe dient ihnen als Nahrung. Im Gegensatz zu Zecken nehmen sie selten Blut auf. Nach einer Dauer von mindestens drei Tagen fallen die ges\u00e4ttigten Larven zu Boden und entwickeln sich zu den ca. 1 bis 2 mm langen Adultformen (erwachsene Milben). Im gem\u00e4\u00dfigten Klima tritt meist nur eine Generation im Jahr auf \u2013 eben im Sp\u00e4tsommer und Herbst.<\/p>\n<p>Nur die Larven leben parasit\u00e4r, die Milben nicht. Die Erwachsenenformen ern\u00e4hren sich u.a. r\u00e4uberisch von anderen Gliederf\u00fc\u00dflern. Aufgrund ihrer Lichtorientierung sind sie nachts inaktiv.<\/p>\n<p>Die Milbe f\u00fchlt sich in verwilderten G\u00e4rten, an Waldr\u00e4ndern und auf Wiesen wohl. In Deutschland war sie als Symptomverursacher l\u00e4stigen Juckreizes und qu\u00e4lender Allergien lange kaum bekannt, denn fr\u00fcher waren die Hauptverbreitungsgebiete S\u00fcdosteuropa, Frankreich und die Alpenl\u00e4nder. Nur in l\u00e4ndlichen Gegenden kannte man das Problem nach der Heu- und Strohernte als Erntekr\u00e4tze auch fr\u00fcher schon. Mittlerweile wandern diese Milben jedoch immer weiter nach Norden und verbreiten sich bereits in Gro\u00dfst\u00e4dten und gepflegten G\u00e4rten und Parks.<\/p>\n<p>Befall<\/p>\n<p>Die Milbenlarven setzen sich bevorzugt an d\u00fcnnh\u00e4utigen K\u00f6rperregionen ihrer Wirte fest. Als kleine Punkte \u2013 mit blo\u00dfem Auge kaum erkennbar \u2013 fallen sie meist erst dann auf, wenn es bereits zu sp\u00e4t ist. Typische Stellen am K\u00f6rper sind bei Hunden und Katzen der Zwischenzehenbereich an den Pfoten, die Arm- und Schenkelbeugen, der Nasenr\u00fccken, die Augenb\u00f6gen, der Ohrrand und die Ohrfalte, der Lidrand, der Anus und die Vulva. Beim Eindringen in den Geh\u00f6rgang k\u00f6nnen Symptome einer Ohrentz\u00fcndung entstehen.<\/p>\n<p>Beim Pferd sind der Kopf, die Stirn und besonders der Nasenr\u00fccken befallen. Auch die Schenkelinnenseiten und die Ballen k\u00f6nnen betroffen sein.<\/p>\n<p>Krankheitssymptome<\/p>\n<p>Die Folgen des Befalls mit diesen Milbenlarven sind m\u00e4\u00dfiger bis unertr\u00e4glicher, anhaltender Juckreiz, hervorgerufen durch die winzigen Hautl\u00e4sionen und den in die verletzte Haut sezernierten Speichel. Es bilden sich Erytheme (Hautr\u00f6tungen, Entz\u00fcndungen), Pusteln und Quaddeln. Bei frischem Befall entstehen orangerote Krusten an der Oberfl\u00e4che dieser kleinen Hautver\u00e4nderungen, an denen es auch zu Haarausfall kommen kann. Kratzen sich die Tiere aufgrund des andauernden Juckreizes, so kann dies zu bakteriellen Sekund\u00e4rinfektionen und Entz\u00fcndungen und bei Pferden z.B. zu Mauke f\u00fchren (bzw. Mauke verst\u00e4rken).<\/p>\n<p>Bei massiver Larvenbelastung k\u00f6nnen durch den Speichel der Milbenlarven hervorgerufene Allergien ein gro\u00dfes Problem darstellen. Gelegentliche Kr\u00e4mpfe und epileptiforme Anf\u00e4lle sind ebenfalls als Krankheitssymptome bekannt.<\/p>\n<p>Selbst nach Abfallen der Larven bleiben diese Symptome meist noch einige Tage bestehen.<\/p>\n<p>Diagnose<\/p>\n<p>Bei Haustieren ist der Milbenbefall gut diagnostizierbar, da sich immer eine Vielzahl von Larven an den genannten K\u00f6rperstellen versammelt. Die Larven sind entweder mikroskopisch nachweisbar oder sogar mit der Handlupe gut erkennbar.<\/p>\n<p>Die in unseren Breiten vorkommende Neotrombicula autumnalis ist kein Krankheits\u00fcbertr\u00e4ger wie z.B. bestimmte in Ost- und S\u00fcdasien verbreitete Milben-Arten. Dennoch k\u00f6nnen die hiesigen, offensichtlich im Vormarsch begriffenen Milbenlarven eine qualvolle Beeintr\u00e4chtigung des tierischen und menschlichen Befindens darstellen. Daher sind gezielte Ma\u00dfnahmen der Prophylaxe bzw. der Symptomlinderung angeraten.<\/p>\n<p>Therapie<\/p>\n<p>Das Entfernen der \u201aNester\u2019 durch Abkratzen mit dem Fingernagel ist eine Erste-Hilfe-Ma\u00dfnahme, die erneute Besiedelung durch Milbenlarven erfolgt jedoch recht schnell. Schulmedizinisch werden Grasmilben mit speziellen Insektiziden, sog. Akariziden (milbent\u00f6tenden Mitteln) bek\u00e4mpft. Allerdings scheinen die chemischen Mittel laut einer Studie der Universit\u00e4t Paderborn keinen Erfolg zu haben, stattdessen m\u00fcssen noch die Nebenwirkungen in Kauf genommen werden.<\/p>\n<p>Pflanzliche Mittel wie z.B. Neem\u00f6l sind dagegen durchaus wirksam und zudem nebenwirkungsfrei: Neem\u00f6l greift in den Hormonhaushalt der Milben ein und f\u00fchrt aus l\u00e4ngere Sicht zur Ausrottung der Tierchen am Wirt. (Achtung: F\u00fcr Katzen ist die Unsch\u00e4dlichkeit von Neem\u00f6l nach wie vor umstritten. Neem\u00f6l daher bei Katzen eher nicht anwenden, au\u00dfer in Produkten, die wieder ausgesp\u00fclt werden, z.B. Shampoos!)<\/p>\n<p>Der Einsatz von pflanzlichen Mitteln als Repellents (\u201aAbschreckungsmittel\u2019) zum Auftragen auf die Haut kann ebenfalls sehr hilfreich sein, so etwa Geraniol oder Kokos\u00f6l. Durch den hohen Gehalt an Laurins\u00e4ure soll Kokos\u00f6l einen mehrere Stunden anhaltenden, Insekten abwehrenden Effekt haben. Die Milben (und auch Zecken und Kriebelm\u00fccken) meiden die mit Geraniol oder Kokos\u00f6l bestrichenen K\u00f6rperpartien bzw. lassen sich schnell wieder abfallen. Geraniol hat dar\u00fcber hinaus eine insektizide Wirkung: Der die Milben \u00fcberziehende kriechende \u00d6lfilm verstopft das Tracheensystem (Atmungssystem) und f\u00fchrt zum Erstickungstod.<\/p>\n<p>Ein probates Mittel gegen Milben scheint auch Melkfett zu sein, das auf die betroffenen Hautstellen aufgetragen wird und die Milben erstickt. Die Hei\u00dfluft eines Haarf\u00f6ns wirkt offensichtlich recht effektiv \u2013 auch gut gegen Haarlinge beim Pferd. Sind die Milbenlarven 3 Sekunden lang 50\u00b0 C ausgesetzt, sterben sie.<\/p>\n<p>Quelle: Dr. Frauke Garbers &#8211; Internet: artgerecht-tier<\/p>\n","protected":false},"excerpt":{"rendered":"<p>Die Temperaturen erreichen derzeit kaum mehr als 16\u02daC \u2013 ideale Bedingungen f\u00fcr die Herbstgrasmilbe, auch unter Trivialnamen wie Grasmilbe, Erntemilbe, Stachelbeermilbe oder Herbstlaus bzw. Erdlaus bekannt. Fast alles Bezeichnungen, die sich auf die Jahreszeit beziehen: Die Larven dieser zu den sog. Laufmilben geh\u00f6renden Art werden im Herbst (Mitte Juli bis Ende Oktober), insbesondere an sonnigen, &hellip; <\/p>\n<p class=\"link-more\"><a href=\"https:\/\/pon-von-der-wuschelbande.de\/?page_id=313\" class=\"more-link\"><span class=\"screen-reader-text\">\u201eHerbstgrasmilben\u201c<\/span> weiterlesen<\/a><\/p>\n","protected":false},"author":1,"featured_media":908,"parent":24,"menu_order":3,"comment_status":"closed","ping_status":"closed","template":"","meta":{"footnotes":""},"class_list":["post-313","page","type-page","status-publish","has-post-thumbnail","hentry"],"yoast_head":"<!-- This site is optimized with the Yoast SEO plugin v24.4 - https:\/\/yoast.com\/wordpress\/plugins\/seo\/ -->\n<title>Herbstgrasmilben - PON von der Wuschelbande<\/title>\n<meta name=\"robots\" content=\"index, follow, max-snippet:-1, max-image-preview:large, max-video-preview:-1\" \/>\n<link rel=\"canonical\" href=\"https:\/\/pon-von-der-wuschelbande.de\/?page_id=313\" \/>\n<meta property=\"og:locale\" content=\"de_DE\" \/>\n<meta property=\"og:type\" content=\"article\" \/>\n<meta property=\"og:title\" content=\"Herbstgrasmilben - PON von der Wuschelbande\" \/>\n<meta property=\"og:description\" content=\"Die Temperaturen erreichen derzeit kaum mehr als 16\u02daC \u2013 ideale Bedingungen f\u00fcr die Herbstgrasmilbe, auch unter Trivialnamen wie Grasmilbe, Erntemilbe, Stachelbeermilbe oder Herbstlaus bzw. Erdlaus bekannt. Fast alles Bezeichnungen, die sich auf die Jahreszeit beziehen: Die Larven dieser zu den sog. Laufmilben geh\u00f6renden Art werden im Herbst (Mitte Juli bis Ende Oktober), insbesondere an sonnigen, &hellip; \u201eHerbstgrasmilben\u201c weiterlesen\" \/>\n<meta property=\"og:url\" content=\"https:\/\/pon-von-der-wuschelbande.de\/?page_id=313\" \/>\n<meta property=\"og:site_name\" content=\"PON von der Wuschelbande\" \/>\n<meta property=\"article:modified_time\" content=\"2021-04-28T06:35:02+00:00\" \/>\n<meta property=\"og:image\" content=\"https:\/\/pon-von-der-wuschelbande.de\/wp-content\/uploads\/2016\/06\/IMG_5392-1024x683.jpg\" \/>\n\t<meta property=\"og:image:width\" content=\"1024\" \/>\n\t<meta property=\"og:image:height\" content=\"683\" \/>\n\t<meta property=\"og:image:type\" content=\"image\/jpeg\" \/>\n<meta name=\"twitter:card\" content=\"summary_large_image\" \/>\n<meta name=\"twitter:label1\" content=\"Gesch\u00e4tzte Lesezeit\" \/>\n\t<meta name=\"twitter:data1\" content=\"5\u00a0Minuten\" \/>\n<script type=\"application\/ld+json\" class=\"yoast-schema-graph\">{\"@context\":\"https:\/\/schema.org\",\"@graph\":[{\"@type\":\"WebPage\",\"@id\":\"https:\/\/pon-von-der-wuschelbande.de\/?page_id=313\",\"url\":\"https:\/\/pon-von-der-wuschelbande.de\/?page_id=313\",\"name\":\"Herbstgrasmilben - PON von der Wuschelbande\",\"isPartOf\":{\"@id\":\"https:\/\/pon-von-der-wuschelbande.de\/#website\"},\"primaryImageOfPage\":{\"@id\":\"https:\/\/pon-von-der-wuschelbande.de\/?page_id=313#primaryimage\"},\"image\":{\"@id\":\"https:\/\/pon-von-der-wuschelbande.de\/?page_id=313#primaryimage\"},\"thumbnailUrl\":\"https:\/\/pon-von-der-wuschelbande.de\/wp-content\/uploads\/2016\/06\/IMG_5392.jpg\",\"datePublished\":\"2016-06-17T05:46:57+00:00\",\"dateModified\":\"2021-04-28T06:35:02+00:00\",\"breadcrumb\":{\"@id\":\"https:\/\/pon-von-der-wuschelbande.de\/?page_id=313#breadcrumb\"},\"inLanguage\":\"de\",\"potentialAction\":[{\"@type\":\"ReadAction\",\"target\":[\"https:\/\/pon-von-der-wuschelbande.de\/?page_id=313\"]}]},{\"@type\":\"ImageObject\",\"inLanguage\":\"de\",\"@id\":\"https:\/\/pon-von-der-wuschelbande.de\/?page_id=313#primaryimage\",\"url\":\"https:\/\/pon-von-der-wuschelbande.de\/wp-content\/uploads\/2016\/06\/IMG_5392.jpg\",\"contentUrl\":\"https:\/\/pon-von-der-wuschelbande.de\/wp-content\/uploads\/2016\/06\/IMG_5392.jpg\",\"width\":3888,\"height\":2592},{\"@type\":\"BreadcrumbList\",\"@id\":\"https:\/\/pon-von-der-wuschelbande.de\/?page_id=313#breadcrumb\",\"itemListElement\":[{\"@type\":\"ListItem\",\"position\":1,\"name\":\"Startseite\",\"item\":\"https:\/\/pon-von-der-wuschelbande.de\/\"},{\"@type\":\"ListItem\",\"position\":2,\"name\":\"Wissenswert\",\"item\":\"https:\/\/pon-von-der-wuschelbande.de\/?page_id=24\"},{\"@type\":\"ListItem\",\"position\":3,\"name\":\"Herbstgrasmilben\"}]},{\"@type\":\"WebSite\",\"@id\":\"https:\/\/pon-von-der-wuschelbande.de\/#website\",\"url\":\"https:\/\/pon-von-der-wuschelbande.de\/\",\"name\":\"PON von der Wuschelbande\",\"description\":\"PON Welpen Polski Owczarek Nizinny APH \/ VDH \/  FCI\",\"potentialAction\":[{\"@type\":\"SearchAction\",\"target\":{\"@type\":\"EntryPoint\",\"urlTemplate\":\"https:\/\/pon-von-der-wuschelbande.de\/?s={search_term_string}\"},\"query-input\":{\"@type\":\"PropertyValueSpecification\",\"valueRequired\":true,\"valueName\":\"search_term_string\"}}],\"inLanguage\":\"de\"}]}<\/script>\n<!-- \/ Yoast SEO plugin. -->","yoast_head_json":{"title":"Herbstgrasmilben - PON von der Wuschelbande","robots":{"index":"index","follow":"follow","max-snippet":"max-snippet:-1","max-image-preview":"max-image-preview:large","max-video-preview":"max-video-preview:-1"},"canonical":"https:\/\/pon-von-der-wuschelbande.de\/?page_id=313","og_locale":"de_DE","og_type":"article","og_title":"Herbstgrasmilben - PON von der Wuschelbande","og_description":"Die Temperaturen erreichen derzeit kaum mehr als 16\u02daC \u2013 ideale Bedingungen f\u00fcr die Herbstgrasmilbe, auch unter Trivialnamen wie Grasmilbe, Erntemilbe, Stachelbeermilbe oder Herbstlaus bzw. Erdlaus bekannt. Fast alles Bezeichnungen, die sich auf die Jahreszeit beziehen: Die Larven dieser zu den sog. Laufmilben geh\u00f6renden Art werden im Herbst (Mitte Juli bis Ende Oktober), insbesondere an sonnigen, &hellip; \u201eHerbstgrasmilben\u201c weiterlesen","og_url":"https:\/\/pon-von-der-wuschelbande.de\/?page_id=313","og_site_name":"PON von der Wuschelbande","article_modified_time":"2021-04-28T06:35:02+00:00","og_image":[{"width":1024,"height":683,"url":"https:\/\/pon-von-der-wuschelbande.de\/wp-content\/uploads\/2016\/06\/IMG_5392-1024x683.jpg","type":"image\/jpeg"}],"twitter_card":"summary_large_image","twitter_misc":{"Gesch\u00e4tzte Lesezeit":"5\u00a0Minuten"},"schema":{"@context":"https:\/\/schema.org","@graph":[{"@type":"WebPage","@id":"https:\/\/pon-von-der-wuschelbande.de\/?page_id=313","url":"https:\/\/pon-von-der-wuschelbande.de\/?page_id=313","name":"Herbstgrasmilben - PON von der Wuschelbande","isPartOf":{"@id":"https:\/\/pon-von-der-wuschelbande.de\/#website"},"primaryImageOfPage":{"@id":"https:\/\/pon-von-der-wuschelbande.de\/?page_id=313#primaryimage"},"image":{"@id":"https:\/\/pon-von-der-wuschelbande.de\/?page_id=313#primaryimage"},"thumbnailUrl":"https:\/\/pon-von-der-wuschelbande.de\/wp-content\/uploads\/2016\/06\/IMG_5392.jpg","datePublished":"2016-06-17T05:46:57+00:00","dateModified":"2021-04-28T06:35:02+00:00","breadcrumb":{"@id":"https:\/\/pon-von-der-wuschelbande.de\/?page_id=313#breadcrumb"},"inLanguage":"de","potentialAction":[{"@type":"ReadAction","target":["https:\/\/pon-von-der-wuschelbande.de\/?page_id=313"]}]},{"@type":"ImageObject","inLanguage":"de","@id":"https:\/\/pon-von-der-wuschelbande.de\/?page_id=313#primaryimage","url":"https:\/\/pon-von-der-wuschelbande.de\/wp-content\/uploads\/2016\/06\/IMG_5392.jpg","contentUrl":"https:\/\/pon-von-der-wuschelbande.de\/wp-content\/uploads\/2016\/06\/IMG_5392.jpg","width":3888,"height":2592},{"@type":"BreadcrumbList","@id":"https:\/\/pon-von-der-wuschelbande.de\/?page_id=313#breadcrumb","itemListElement":[{"@type":"ListItem","position":1,"name":"Startseite","item":"https:\/\/pon-von-der-wuschelbande.de\/"},{"@type":"ListItem","position":2,"name":"Wissenswert","item":"https:\/\/pon-von-der-wuschelbande.de\/?page_id=24"},{"@type":"ListItem","position":3,"name":"Herbstgrasmilben"}]},{"@type":"WebSite","@id":"https:\/\/pon-von-der-wuschelbande.de\/#website","url":"https:\/\/pon-von-der-wuschelbande.de\/","name":"PON von der Wuschelbande","description":"PON Welpen Polski Owczarek Nizinny APH \/ VDH \/  FCI","potentialAction":[{"@type":"SearchAction","target":{"@type":"EntryPoint","urlTemplate":"https:\/\/pon-von-der-wuschelbande.de\/?s={search_term_string}"},"query-input":{"@type":"PropertyValueSpecification","valueRequired":true,"valueName":"search_term_string"}}],"inLanguage":"de"}]}},"jetpack_sharing_enabled":true,"_links":{"self":[{"href":"https:\/\/pon-von-der-wuschelbande.de\/index.php?rest_route=\/wp\/v2\/pages\/313","targetHints":{"allow":["GET"]}}],"collection":[{"href":"https:\/\/pon-von-der-wuschelbande.de\/index.php?rest_route=\/wp\/v2\/pages"}],"about":[{"href":"https:\/\/pon-von-der-wuschelbande.de\/index.php?rest_route=\/wp\/v2\/types\/page"}],"author":[{"embeddable":true,"href":"https:\/\/pon-von-der-wuschelbande.de\/index.php?rest_route=\/wp\/v2\/users\/1"}],"replies":[{"embeddable":true,"href":"https:\/\/pon-von-der-wuschelbande.de\/index.php?rest_route=%2Fwp%2Fv2%2Fcomments&post=313"}],"version-history":[{"count":1,"href":"https:\/\/pon-von-der-wuschelbande.de\/index.php?rest_route=\/wp\/v2\/pages\/313\/revisions"}],"predecessor-version":[{"id":314,"href":"https:\/\/pon-von-der-wuschelbande.de\/index.php?rest_route=\/wp\/v2\/pages\/313\/revisions\/314"}],"up":[{"embeddable":true,"href":"https:\/\/pon-von-der-wuschelbande.de\/index.php?rest_route=\/wp\/v2\/pages\/24"}],"wp:featuredmedia":[{"embeddable":true,"href":"https:\/\/pon-von-der-wuschelbande.de\/index.php?rest_route=\/wp\/v2\/media\/908"}],"wp:attachment":[{"href":"https:\/\/pon-von-der-wuschelbande.de\/index.php?rest_route=%2Fwp%2Fv2%2Fmedia&parent=313"}],"curies":[{"name":"wp","href":"https:\/\/api.w.org\/{rel}","templated":true}]}}