{"id":311,"date":"2016-06-17T05:43:16","date_gmt":"2016-06-17T05:43:16","guid":{"rendered":"http:\/\/pon-von-der-wuschelbande.de\/?page_id=311"},"modified":"2021-08-12T09:38:25","modified_gmt":"2021-08-12T09:38:25","slug":"gift","status":"publish","type":"page","link":"https:\/\/pon-von-der-wuschelbande.de\/?page_id=311","title":{"rendered":"Gift f\u00fcr Hunde und Welpen"},"content":{"rendered":"<p>Vergiftungen k\u00f6nnen \u00fcberall entstehen, doch ist die Wahrscheinlichkeit f\u00fcr schwere Vergiftungen beim <strong>erwachsenen Hund eher gering.<\/strong> Die meisten Hunde wissen, was ihnen instinktiv gut tut! Es muss sich dann schon um eine hochgiftige Pflanze handeln. Denn noch immer gilt der Ausspruch von Paracelsus\u201c <strong>Erst die Dosis macht das Gift\u201c.<\/strong><\/p>\n<p>Meist kann eine Vergiftung beim erwachsenen Hund nur \u00fcbers Blutbild erkannt werden. Beim Welpen kommt es zur Reaktion mit Speicheln, Erbrechen, Apathie.<\/p>\n<p>Um eine gen\u00fcgend gro\u00dfe Menge einzunehmen, braucht es meist einige Zeit. Viel gef\u00e4hrlicher sind fast immer Pflanzen im eigenen Haus und Garten- besonders <strong>Welpen und Junghunde sind gef\u00e4hrdet.<\/strong> Sie rei\u00dfen gern mal einen Zweig aus dem Geb\u00fcsch oder buddeln in der Erde und graben dabei auch Wurzeln oder Blumenzwiebeln aus. Untersch\u00e4tz wird meist auch <strong>D\u00fcngemittel und Schneckenkorn im heimischen Garten, Hunde<\/strong> trinken gerne aus Blumenuntersetzern oder Gieskannen Wasser auch der Gartenteich wird gerne als Wasserquelle genutzt \u2013 <strong>hier sollte man auf Chemie im Garten g\u00e4nzlich<\/strong> verzichten.<\/p>\n<p>Ich m\u00f6chte hier nicht alle <strong>Giftpflanzen<\/strong> auff\u00fchren, die kann man im I-NET finden aber ein paar <strong>Lebensmittel und Chemikalien<\/strong> m\u00f6chte ich hier doch erw\u00e4hnen:<\/p>\n<p><strong>Orleander, Rhododendron, Buchs, Eibe, Hortensie, Goldregen, Engelstromphete und Efeu<\/strong> geh\u00f6ren zu den <strong>sehr giftigen Pflanzen f\u00fcr Welpen,<\/strong> hier reicht schon eine geringe Aufnahme der Pflanzenteile f\u00fcr eine Verfiftung.<\/p>\n<p>Denken Sie auch an Chemikalien im Garten, eine Welpengarten <strong>muss frei davon<\/strong> sein. Die Welpen und jungen Hunde nehmen \u00fcber die Luft, den Rasen beim Spiel noch gen\u00fcgend von diesen giftigen Substanzen auf, welche <strong>Krebserregend<\/strong> sind.<\/p>\n<p>Unkrautvernichter, D\u00fcngemittel, Schneckenkorn, Frostschutz, Trockenspiritus<\/p>\n<p><strong>Lebensmittel:<\/strong><\/p>\n<p>Avocado ( enth\u00e4lt Persin &#8211; extrem giftig f\u00fcr Hunde)<\/p>\n<p><strong>Zwiebel<\/strong> &#8211; <span class=\"ILfuVd\"><span class=\"hgKElc\">Rohe <b>Zwiebeln<\/b> und Knoblauch: Bereits eine mittelgro\u00dfe <b>Zwiebel<\/b> kann f\u00fcr einen mittelgro\u00dfen <b>Hund<\/b> t\u00f6dlich sein, denn die Schwefelverbindungen in der <b>Zwiebel<\/b> und im Knoblauch bewirken eine Zersetzung der roten Blutk\u00f6rperchen im Blut des Hundes (nennt sich H\u00e4molyse). Eine Folge kann sp\u00e4tere Leuk\u00e4mie sein.<\/span><\/span><\/p>\n<p>Mandeln, Schokolade, Kakao, Kaffee, Weintrauben, Rosinen und<\/p>\n<p><strong>Eiwei\u00df<\/strong> (<span class=\"ILfuVd NA6bn\"><span class=\"hgKElc\">Trotz des hohen N\u00e4hrstoffgehalts von H\u00fchnereiern sollte der Hund <b>nicht<\/b> mit rohen Eiern gef\u00fcttert werden. Im rohen Zustand enth\u00e4lt das Eiklar die Bestandteile Avidin und Trypsininhibitoren. Dabei handelt es sich um spezielle <b>Eiwei\u00dfe<\/b>, die die Verdauung beeintr\u00e4chtigen und so zu Mangelerscheinungen f\u00fchren k\u00f6nnen)<\/span><\/span><\/p>\n<p>&nbsp;<\/p>\n","protected":false},"excerpt":{"rendered":"<p>Vergiftungen k\u00f6nnen \u00fcberall entstehen, doch ist die Wahrscheinlichkeit f\u00fcr schwere Vergiftungen beim erwachsenen Hund eher gering. Die meisten Hunde wissen, was ihnen instinktiv gut tut! Es muss sich dann schon um eine hochgiftige Pflanze handeln. Denn noch immer gilt der Ausspruch von Paracelsus\u201c Erst die Dosis macht das Gift\u201c. Meist kann eine Vergiftung beim erwachsenen &hellip; <\/p>\n<p class=\"link-more\"><a href=\"https:\/\/pon-von-der-wuschelbande.de\/?page_id=311\" class=\"more-link\"><span class=\"screen-reader-text\">\u201eGift f\u00fcr Hunde und Welpen\u201c<\/span> weiterlesen<\/a><\/p>\n","protected":false},"author":1,"featured_media":909,"parent":24,"menu_order":2,"comment_status":"closed","ping_status":"closed","template":"","meta":{"footnotes":""},"class_list":["post-311","page","type-page","status-publish","has-post-thumbnail","hentry"],"yoast_head":"<!-- This site is optimized with the Yoast SEO plugin v24.4 - https:\/\/yoast.com\/wordpress\/plugins\/seo\/ -->\n<title>Gift f\u00fcr Hunde und Welpen - PON von der Wuschelbande<\/title>\n<meta name=\"robots\" content=\"index, follow, max-snippet:-1, max-image-preview:large, max-video-preview:-1\" \/>\n<link rel=\"canonical\" href=\"https:\/\/pon-von-der-wuschelbande.de\/?page_id=311\" \/>\n<meta property=\"og:locale\" content=\"de_DE\" \/>\n<meta property=\"og:type\" content=\"article\" \/>\n<meta property=\"og:title\" content=\"Gift f\u00fcr Hunde und Welpen - PON von der Wuschelbande\" \/>\n<meta property=\"og:description\" content=\"Vergiftungen k\u00f6nnen \u00fcberall entstehen, doch ist die Wahrscheinlichkeit f\u00fcr schwere Vergiftungen beim erwachsenen Hund eher gering. Die meisten Hunde wissen, was ihnen instinktiv gut tut! Es muss sich dann schon um eine hochgiftige Pflanze handeln. Denn noch immer gilt der Ausspruch von Paracelsus\u201c Erst die Dosis macht das Gift\u201c. Meist kann eine Vergiftung beim erwachsenen &hellip; \u201eGift f\u00fcr Hunde und Welpen\u201c weiterlesen\" \/>\n<meta property=\"og:url\" content=\"https:\/\/pon-von-der-wuschelbande.de\/?page_id=311\" \/>\n<meta property=\"og:site_name\" content=\"PON von der Wuschelbande\" \/>\n<meta property=\"article:modified_time\" content=\"2021-08-12T09:38:25+00:00\" \/>\n<meta property=\"og:image\" content=\"https:\/\/pon-von-der-wuschelbande.de\/wp-content\/uploads\/2016\/06\/IMG_5637-1024x683.jpg\" \/>\n\t<meta property=\"og:image:width\" content=\"1024\" \/>\n\t<meta property=\"og:image:height\" content=\"683\" \/>\n\t<meta property=\"og:image:type\" content=\"image\/jpeg\" \/>\n<meta name=\"twitter:card\" content=\"summary_large_image\" \/>\n<meta name=\"twitter:label1\" content=\"Gesch\u00e4tzte Lesezeit\" \/>\n\t<meta name=\"twitter:data1\" content=\"2\u00a0Minuten\" \/>\n<script type=\"application\/ld+json\" class=\"yoast-schema-graph\">{\"@context\":\"https:\/\/schema.org\",\"@graph\":[{\"@type\":\"WebPage\",\"@id\":\"https:\/\/pon-von-der-wuschelbande.de\/?page_id=311\",\"url\":\"https:\/\/pon-von-der-wuschelbande.de\/?page_id=311\",\"name\":\"Gift f\u00fcr Hunde und Welpen - PON von der Wuschelbande\",\"isPartOf\":{\"@id\":\"https:\/\/pon-von-der-wuschelbande.de\/#website\"},\"primaryImageOfPage\":{\"@id\":\"https:\/\/pon-von-der-wuschelbande.de\/?page_id=311#primaryimage\"},\"image\":{\"@id\":\"https:\/\/pon-von-der-wuschelbande.de\/?page_id=311#primaryimage\"},\"thumbnailUrl\":\"https:\/\/pon-von-der-wuschelbande.de\/wp-content\/uploads\/2016\/06\/IMG_5637.jpg\",\"datePublished\":\"2016-06-17T05:43:16+00:00\",\"dateModified\":\"2021-08-12T09:38:25+00:00\",\"breadcrumb\":{\"@id\":\"https:\/\/pon-von-der-wuschelbande.de\/?page_id=311#breadcrumb\"},\"inLanguage\":\"de\",\"potentialAction\":[{\"@type\":\"ReadAction\",\"target\":[\"https:\/\/pon-von-der-wuschelbande.de\/?page_id=311\"]}]},{\"@type\":\"ImageObject\",\"inLanguage\":\"de\",\"@id\":\"https:\/\/pon-von-der-wuschelbande.de\/?page_id=311#primaryimage\",\"url\":\"https:\/\/pon-von-der-wuschelbande.de\/wp-content\/uploads\/2016\/06\/IMG_5637.jpg\",\"contentUrl\":\"https:\/\/pon-von-der-wuschelbande.de\/wp-content\/uploads\/2016\/06\/IMG_5637.jpg\",\"width\":3888,\"height\":2592},{\"@type\":\"BreadcrumbList\",\"@id\":\"https:\/\/pon-von-der-wuschelbande.de\/?page_id=311#breadcrumb\",\"itemListElement\":[{\"@type\":\"ListItem\",\"position\":1,\"name\":\"Startseite\",\"item\":\"https:\/\/pon-von-der-wuschelbande.de\/\"},{\"@type\":\"ListItem\",\"position\":2,\"name\":\"Wissenswert\",\"item\":\"https:\/\/pon-von-der-wuschelbande.de\/?page_id=24\"},{\"@type\":\"ListItem\",\"position\":3,\"name\":\"Gift f\u00fcr Hunde und Welpen\"}]},{\"@type\":\"WebSite\",\"@id\":\"https:\/\/pon-von-der-wuschelbande.de\/#website\",\"url\":\"https:\/\/pon-von-der-wuschelbande.de\/\",\"name\":\"PON von der Wuschelbande\",\"description\":\"PON Welpen Polski Owczarek Nizinny APH \/ VDH \/  FCI\",\"potentialAction\":[{\"@type\":\"SearchAction\",\"target\":{\"@type\":\"EntryPoint\",\"urlTemplate\":\"https:\/\/pon-von-der-wuschelbande.de\/?s={search_term_string}\"},\"query-input\":{\"@type\":\"PropertyValueSpecification\",\"valueRequired\":true,\"valueName\":\"search_term_string\"}}],\"inLanguage\":\"de\"}]}<\/script>\n<!-- \/ Yoast SEO plugin. -->","yoast_head_json":{"title":"Gift f\u00fcr Hunde und Welpen - PON von der Wuschelbande","robots":{"index":"index","follow":"follow","max-snippet":"max-snippet:-1","max-image-preview":"max-image-preview:large","max-video-preview":"max-video-preview:-1"},"canonical":"https:\/\/pon-von-der-wuschelbande.de\/?page_id=311","og_locale":"de_DE","og_type":"article","og_title":"Gift f\u00fcr Hunde und Welpen - PON von der Wuschelbande","og_description":"Vergiftungen k\u00f6nnen \u00fcberall entstehen, doch ist die Wahrscheinlichkeit f\u00fcr schwere Vergiftungen beim erwachsenen Hund eher gering. Die meisten Hunde wissen, was ihnen instinktiv gut tut! Es muss sich dann schon um eine hochgiftige Pflanze handeln. Denn noch immer gilt der Ausspruch von Paracelsus\u201c Erst die Dosis macht das Gift\u201c. Meist kann eine Vergiftung beim erwachsenen &hellip; \u201eGift f\u00fcr Hunde und Welpen\u201c weiterlesen","og_url":"https:\/\/pon-von-der-wuschelbande.de\/?page_id=311","og_site_name":"PON von der Wuschelbande","article_modified_time":"2021-08-12T09:38:25+00:00","og_image":[{"width":1024,"height":683,"url":"https:\/\/pon-von-der-wuschelbande.de\/wp-content\/uploads\/2016\/06\/IMG_5637-1024x683.jpg","type":"image\/jpeg"}],"twitter_card":"summary_large_image","twitter_misc":{"Gesch\u00e4tzte Lesezeit":"2\u00a0Minuten"},"schema":{"@context":"https:\/\/schema.org","@graph":[{"@type":"WebPage","@id":"https:\/\/pon-von-der-wuschelbande.de\/?page_id=311","url":"https:\/\/pon-von-der-wuschelbande.de\/?page_id=311","name":"Gift f\u00fcr Hunde und Welpen - PON von der Wuschelbande","isPartOf":{"@id":"https:\/\/pon-von-der-wuschelbande.de\/#website"},"primaryImageOfPage":{"@id":"https:\/\/pon-von-der-wuschelbande.de\/?page_id=311#primaryimage"},"image":{"@id":"https:\/\/pon-von-der-wuschelbande.de\/?page_id=311#primaryimage"},"thumbnailUrl":"https:\/\/pon-von-der-wuschelbande.de\/wp-content\/uploads\/2016\/06\/IMG_5637.jpg","datePublished":"2016-06-17T05:43:16+00:00","dateModified":"2021-08-12T09:38:25+00:00","breadcrumb":{"@id":"https:\/\/pon-von-der-wuschelbande.de\/?page_id=311#breadcrumb"},"inLanguage":"de","potentialAction":[{"@type":"ReadAction","target":["https:\/\/pon-von-der-wuschelbande.de\/?page_id=311"]}]},{"@type":"ImageObject","inLanguage":"de","@id":"https:\/\/pon-von-der-wuschelbande.de\/?page_id=311#primaryimage","url":"https:\/\/pon-von-der-wuschelbande.de\/wp-content\/uploads\/2016\/06\/IMG_5637.jpg","contentUrl":"https:\/\/pon-von-der-wuschelbande.de\/wp-content\/uploads\/2016\/06\/IMG_5637.jpg","width":3888,"height":2592},{"@type":"BreadcrumbList","@id":"https:\/\/pon-von-der-wuschelbande.de\/?page_id=311#breadcrumb","itemListElement":[{"@type":"ListItem","position":1,"name":"Startseite","item":"https:\/\/pon-von-der-wuschelbande.de\/"},{"@type":"ListItem","position":2,"name":"Wissenswert","item":"https:\/\/pon-von-der-wuschelbande.de\/?page_id=24"},{"@type":"ListItem","position":3,"name":"Gift f\u00fcr Hunde und Welpen"}]},{"@type":"WebSite","@id":"https:\/\/pon-von-der-wuschelbande.de\/#website","url":"https:\/\/pon-von-der-wuschelbande.de\/","name":"PON von der Wuschelbande","description":"PON Welpen Polski Owczarek Nizinny APH \/ VDH \/  FCI","potentialAction":[{"@type":"SearchAction","target":{"@type":"EntryPoint","urlTemplate":"https:\/\/pon-von-der-wuschelbande.de\/?s={search_term_string}"},"query-input":{"@type":"PropertyValueSpecification","valueRequired":true,"valueName":"search_term_string"}}],"inLanguage":"de"}]}},"jetpack_sharing_enabled":true,"_links":{"self":[{"href":"https:\/\/pon-von-der-wuschelbande.de\/index.php?rest_route=\/wp\/v2\/pages\/311","targetHints":{"allow":["GET"]}}],"collection":[{"href":"https:\/\/pon-von-der-wuschelbande.de\/index.php?rest_route=\/wp\/v2\/pages"}],"about":[{"href":"https:\/\/pon-von-der-wuschelbande.de\/index.php?rest_route=\/wp\/v2\/types\/page"}],"author":[{"embeddable":true,"href":"https:\/\/pon-von-der-wuschelbande.de\/index.php?rest_route=\/wp\/v2\/users\/1"}],"replies":[{"embeddable":true,"href":"https:\/\/pon-von-der-wuschelbande.de\/index.php?rest_route=%2Fwp%2Fv2%2Fcomments&post=311"}],"version-history":[{"count":9,"href":"https:\/\/pon-von-der-wuschelbande.de\/index.php?rest_route=\/wp\/v2\/pages\/311\/revisions"}],"predecessor-version":[{"id":976,"href":"https:\/\/pon-von-der-wuschelbande.de\/index.php?rest_route=\/wp\/v2\/pages\/311\/revisions\/976"}],"up":[{"embeddable":true,"href":"https:\/\/pon-von-der-wuschelbande.de\/index.php?rest_route=\/wp\/v2\/pages\/24"}],"wp:featuredmedia":[{"embeddable":true,"href":"https:\/\/pon-von-der-wuschelbande.de\/index.php?rest_route=\/wp\/v2\/media\/909"}],"wp:attachment":[{"href":"https:\/\/pon-von-der-wuschelbande.de\/index.php?rest_route=%2Fwp%2Fv2%2Fmedia&parent=311"}],"curies":[{"name":"wp","href":"https:\/\/api.w.org\/{rel}","templated":true}]}}