{"id":22,"date":"2016-02-29T09:49:31","date_gmt":"2016-02-29T09:49:31","guid":{"rendered":"http:\/\/pon-von-der-wuschelbande.de\/?page_id=22"},"modified":"2025-02-02T08:37:42","modified_gmt":"2025-02-02T08:37:42","slug":"wuerfe","status":"publish","type":"page","link":"https:\/\/pon-von-der-wuschelbande.de\/?page_id=22","title":{"rendered":"W\u00fcrfe 2004 &#8211; 2014"},"content":{"rendered":"<p>Unser Zwingername\u00a0 und die Zugeh\u00f6rigkeit zum Klub haben sich im Jahr <strong>2015<\/strong> ge\u00e4ndert. Unsere zuk\u00fcnftigen Welpen werden mit APH\/VDH\/FCI Papieren und wie schon fr\u00fcher, nur in liebevolle H\u00e4nde abgegeben. Seit 2015 ist unser neuer Zwingername &#8220;von der Wuschelbande&#8221; international gesch\u00fctzt.<\/p>\n<p>&nbsp;<\/p>\n<p>Unsere fr\u00fcheren W\u00fcrfe mit dem Zwingernamen &#8220;Pon vom Hohen Stein&#8221; von 2003 bis 2014 mit unseren 3 M\u00e4dels Bonny, Amy und Fortuna-Czara:<\/p>\n<p><strong><a href=\"http:\/\/pon-von-der-wuschelbande.de\/?page_id=348\">A &#8211; Wurf<\/a> <\/strong>1\/3 vom 23.02.2004<br \/>\n<em>Bonny vom Trappenberg + Balou vom Krombacher Eck<\/em><br \/>\n<strong><a href=\"http:\/\/pon-von-der-wuschelbande.de\/?page_id=352\">B &#8211; Wurf<\/a><\/strong> 1\/2 vom 26.04.2006<br \/>\n<em>Bonny vom Trappenberg + Campino vom Krombacher Eck<\/em><br \/>\n<strong><a href=\"http:\/\/pon-von-der-wuschelbande.de\/?page_id=356\">C &#8211; Wurf<\/a><\/strong> 2\/3 vom 03.04.2008<br \/>\n<em>Amy vom Hohen Stein + Gustl vom R\u00f6hrensteig<\/em><br \/>\n<strong><a href=\"http:\/\/pon-von-der-wuschelbande.de\/?page_id=360\">D &#8211; Wurf<\/a><\/strong> 2\/4 vom 27.06.2009<br \/>\n<em>Fortuna Czara z Gwiazda Sirius + Boomer vom Hohen Stein<\/em><br \/>\n<strong><a href=\"http:\/\/pon-von-der-wuschelbande.de\/?page_id=363\">E &#8211; Wurf<\/a> <\/strong>2\/3 vom 14.07.2009<br \/>\n<em>Amy vom Hohen Stein + Griszu vom M\u00fchlenberg<\/em><br \/>\n<strong><a href=\"http:\/\/pon-von-der-wuschelbande.de\/?page_id=366\">F &#8211; Wurf<\/a> <\/strong>3\/2 vom 28.09.2010<br \/>\n<em>Fortuna Czara z Gwiazda Sirius + Narew Sylena<\/em><br \/>\n<strong><a href=\"http:\/\/pon-von-der-wuschelbande.de\/?page_id=371\">G -Wurf<\/a> <\/strong>1\/5 vom 17.06. 2011<br \/>\n<em>Amy vom Hohen Stein + Dziedzic z Gwiazda Sirius<\/em><br \/>\n<strong><a href=\"http:\/\/pon-von-der-wuschelbande.de\/?page_id=373\">H &#8211; Wurf<\/a><\/strong> 3\/2 vom 02.02.2012<br \/>\n<em>Fortuna Czara z Gwiazda Sirius + Docent Gajpon<\/em><br \/>\n<strong><a href=\"http:\/\/pon-von-der-wuschelbande.de\/?page_id=375\">I &#8211; Wurf <\/a><\/strong>1\/0 vom 21.01.2014<br \/>\n<em>Fortuna Czara z Gwiazda Sirius + Garu Oscar z Norblinskiej Doliny<\/em><\/p>\n<p>&nbsp;<\/p>\n<p>&nbsp;<\/p>\n","protected":false},"excerpt":{"rendered":"<p>Unser Zwingername\u00a0 und die Zugeh\u00f6rigkeit zum Klub haben sich im Jahr 2015 ge\u00e4ndert. Unsere zuk\u00fcnftigen Welpen werden mit APH\/VDH\/FCI Papieren und wie schon fr\u00fcher, nur in liebevolle H\u00e4nde abgegeben. Seit 2015 ist unser neuer Zwingername &#8220;von der Wuschelbande&#8221; international gesch\u00fctzt. &nbsp; Unsere fr\u00fcheren W\u00fcrfe mit dem Zwingernamen &#8220;Pon vom Hohen Stein&#8221; von 2003 bis 2014 &hellip; <\/p>\n<p class=\"link-more\"><a href=\"https:\/\/pon-von-der-wuschelbande.de\/?page_id=22\" class=\"more-link\"><span class=\"screen-reader-text\">\u201eW\u00fcrfe 2004 &#8211; 2014\u201c<\/span> weiterlesen<\/a><\/p>\n","protected":false},"author":1,"featured_media":900,"parent":0,"menu_order":0,"comment_status":"closed","ping_status":"closed","template":"","meta":{"footnotes":""},"class_list":["post-22","page","type-page","status-publish","has-post-thumbnail","hentry"],"yoast_head":"<!-- This site is optimized with the Yoast SEO plugin v24.4 - https:\/\/yoast.com\/wordpress\/plugins\/seo\/ -->\n<title>W\u00fcrfe 2004 - 2014 - PON von der Wuschelbande<\/title>\n<meta name=\"robots\" content=\"index, follow, max-snippet:-1, max-image-preview:large, max-video-preview:-1\" \/>\n<link rel=\"canonical\" href=\"https:\/\/pon-von-der-wuschelbande.de\/?page_id=22\" \/>\n<meta property=\"og:locale\" content=\"de_DE\" \/>\n<meta property=\"og:type\" content=\"article\" \/>\n<meta property=\"og:title\" content=\"W\u00fcrfe 2004 - 2014 - PON von der Wuschelbande\" \/>\n<meta property=\"og:description\" content=\"Unser Zwingername\u00a0 und die Zugeh\u00f6rigkeit zum Klub haben sich im Jahr 2015 ge\u00e4ndert. Unsere zuk\u00fcnftigen Welpen werden mit APH\/VDH\/FCI Papieren und wie schon fr\u00fcher, nur in liebevolle H\u00e4nde abgegeben. Seit 2015 ist unser neuer Zwingername &#8220;von der Wuschelbande&#8221; international gesch\u00fctzt. &nbsp; Unsere fr\u00fcheren W\u00fcrfe mit dem Zwingernamen &#8220;Pon vom Hohen Stein&#8221; von 2003 bis 2014 &hellip; \u201eW\u00fcrfe 2004 &#8211; 2014\u201c weiterlesen\" \/>\n<meta property=\"og:url\" content=\"https:\/\/pon-von-der-wuschelbande.de\/?page_id=22\" \/>\n<meta property=\"og:site_name\" content=\"PON von der Wuschelbande\" \/>\n<meta property=\"article:modified_time\" content=\"2025-02-02T08:37:42+00:00\" \/>\n<meta property=\"og:image\" content=\"https:\/\/pon-von-der-wuschelbande.de\/wp-content\/uploads\/2016\/02\/IMG_0772-1024x683.jpg\" \/>\n\t<meta property=\"og:image:width\" content=\"1024\" \/>\n\t<meta property=\"og:image:height\" content=\"683\" \/>\n\t<meta property=\"og:image:type\" content=\"image\/jpeg\" \/>\n<meta name=\"twitter:card\" content=\"summary_large_image\" \/>\n<meta name=\"twitter:label1\" content=\"Gesch\u00e4tzte Lesezeit\" \/>\n\t<meta name=\"twitter:data1\" content=\"1\u00a0Minute\" \/>\n<script type=\"application\/ld+json\" class=\"yoast-schema-graph\">{\"@context\":\"https:\/\/schema.org\",\"@graph\":[{\"@type\":\"WebPage\",\"@id\":\"https:\/\/pon-von-der-wuschelbande.de\/?page_id=22\",\"url\":\"https:\/\/pon-von-der-wuschelbande.de\/?page_id=22\",\"name\":\"W\u00fcrfe 2004 - 2014 - PON von der Wuschelbande\",\"isPartOf\":{\"@id\":\"https:\/\/pon-von-der-wuschelbande.de\/#website\"},\"primaryImageOfPage\":{\"@id\":\"https:\/\/pon-von-der-wuschelbande.de\/?page_id=22#primaryimage\"},\"image\":{\"@id\":\"https:\/\/pon-von-der-wuschelbande.de\/?page_id=22#primaryimage\"},\"thumbnailUrl\":\"https:\/\/pon-von-der-wuschelbande.de\/wp-content\/uploads\/2016\/02\/IMG_0772.jpg\",\"datePublished\":\"2016-02-29T09:49:31+00:00\",\"dateModified\":\"2025-02-02T08:37:42+00:00\",\"breadcrumb\":{\"@id\":\"https:\/\/pon-von-der-wuschelbande.de\/?page_id=22#breadcrumb\"},\"inLanguage\":\"de\",\"potentialAction\":[{\"@type\":\"ReadAction\",\"target\":[\"https:\/\/pon-von-der-wuschelbande.de\/?page_id=22\"]}]},{\"@type\":\"ImageObject\",\"inLanguage\":\"de\",\"@id\":\"https:\/\/pon-von-der-wuschelbande.de\/?page_id=22#primaryimage\",\"url\":\"https:\/\/pon-von-der-wuschelbande.de\/wp-content\/uploads\/2016\/02\/IMG_0772.jpg\",\"contentUrl\":\"https:\/\/pon-von-der-wuschelbande.de\/wp-content\/uploads\/2016\/02\/IMG_0772.jpg\",\"width\":3888,\"height\":2592},{\"@type\":\"BreadcrumbList\",\"@id\":\"https:\/\/pon-von-der-wuschelbande.de\/?page_id=22#breadcrumb\",\"itemListElement\":[{\"@type\":\"ListItem\",\"position\":1,\"name\":\"Startseite\",\"item\":\"https:\/\/pon-von-der-wuschelbande.de\/\"},{\"@type\":\"ListItem\",\"position\":2,\"name\":\"W\u00fcrfe 2004 &#8211; 2014\"}]},{\"@type\":\"WebSite\",\"@id\":\"https:\/\/pon-von-der-wuschelbande.de\/#website\",\"url\":\"https:\/\/pon-von-der-wuschelbande.de\/\",\"name\":\"PON von der Wuschelbande\",\"description\":\"PON Welpen Polski Owczarek Nizinny APH \/ VDH \/  FCI\",\"potentialAction\":[{\"@type\":\"SearchAction\",\"target\":{\"@type\":\"EntryPoint\",\"urlTemplate\":\"https:\/\/pon-von-der-wuschelbande.de\/?s={search_term_string}\"},\"query-input\":{\"@type\":\"PropertyValueSpecification\",\"valueRequired\":true,\"valueName\":\"search_term_string\"}}],\"inLanguage\":\"de\"}]}<\/script>\n<!-- \/ Yoast SEO plugin. -->","yoast_head_json":{"title":"W\u00fcrfe 2004 - 2014 - PON von der Wuschelbande","robots":{"index":"index","follow":"follow","max-snippet":"max-snippet:-1","max-image-preview":"max-image-preview:large","max-video-preview":"max-video-preview:-1"},"canonical":"https:\/\/pon-von-der-wuschelbande.de\/?page_id=22","og_locale":"de_DE","og_type":"article","og_title":"W\u00fcrfe 2004 - 2014 - PON von der Wuschelbande","og_description":"Unser Zwingername\u00a0 und die Zugeh\u00f6rigkeit zum Klub haben sich im Jahr 2015 ge\u00e4ndert. Unsere zuk\u00fcnftigen Welpen werden mit APH\/VDH\/FCI Papieren und wie schon fr\u00fcher, nur in liebevolle H\u00e4nde abgegeben. Seit 2015 ist unser neuer Zwingername &#8220;von der Wuschelbande&#8221; international gesch\u00fctzt. &nbsp; Unsere fr\u00fcheren W\u00fcrfe mit dem Zwingernamen &#8220;Pon vom Hohen Stein&#8221; von 2003 bis 2014 &hellip; \u201eW\u00fcrfe 2004 &#8211; 2014\u201c weiterlesen","og_url":"https:\/\/pon-von-der-wuschelbande.de\/?page_id=22","og_site_name":"PON von der Wuschelbande","article_modified_time":"2025-02-02T08:37:42+00:00","og_image":[{"width":1024,"height":683,"url":"https:\/\/pon-von-der-wuschelbande.de\/wp-content\/uploads\/2016\/02\/IMG_0772-1024x683.jpg","type":"image\/jpeg"}],"twitter_card":"summary_large_image","twitter_misc":{"Gesch\u00e4tzte Lesezeit":"1\u00a0Minute"},"schema":{"@context":"https:\/\/schema.org","@graph":[{"@type":"WebPage","@id":"https:\/\/pon-von-der-wuschelbande.de\/?page_id=22","url":"https:\/\/pon-von-der-wuschelbande.de\/?page_id=22","name":"W\u00fcrfe 2004 - 2014 - PON von der Wuschelbande","isPartOf":{"@id":"https:\/\/pon-von-der-wuschelbande.de\/#website"},"primaryImageOfPage":{"@id":"https:\/\/pon-von-der-wuschelbande.de\/?page_id=22#primaryimage"},"image":{"@id":"https:\/\/pon-von-der-wuschelbande.de\/?page_id=22#primaryimage"},"thumbnailUrl":"https:\/\/pon-von-der-wuschelbande.de\/wp-content\/uploads\/2016\/02\/IMG_0772.jpg","datePublished":"2016-02-29T09:49:31+00:00","dateModified":"2025-02-02T08:37:42+00:00","breadcrumb":{"@id":"https:\/\/pon-von-der-wuschelbande.de\/?page_id=22#breadcrumb"},"inLanguage":"de","potentialAction":[{"@type":"ReadAction","target":["https:\/\/pon-von-der-wuschelbande.de\/?page_id=22"]}]},{"@type":"ImageObject","inLanguage":"de","@id":"https:\/\/pon-von-der-wuschelbande.de\/?page_id=22#primaryimage","url":"https:\/\/pon-von-der-wuschelbande.de\/wp-content\/uploads\/2016\/02\/IMG_0772.jpg","contentUrl":"https:\/\/pon-von-der-wuschelbande.de\/wp-content\/uploads\/2016\/02\/IMG_0772.jpg","width":3888,"height":2592},{"@type":"BreadcrumbList","@id":"https:\/\/pon-von-der-wuschelbande.de\/?page_id=22#breadcrumb","itemListElement":[{"@type":"ListItem","position":1,"name":"Startseite","item":"https:\/\/pon-von-der-wuschelbande.de\/"},{"@type":"ListItem","position":2,"name":"W\u00fcrfe 2004 &#8211; 2014"}]},{"@type":"WebSite","@id":"https:\/\/pon-von-der-wuschelbande.de\/#website","url":"https:\/\/pon-von-der-wuschelbande.de\/","name":"PON von der Wuschelbande","description":"PON Welpen Polski Owczarek Nizinny APH \/ VDH \/  FCI","potentialAction":[{"@type":"SearchAction","target":{"@type":"EntryPoint","urlTemplate":"https:\/\/pon-von-der-wuschelbande.de\/?s={search_term_string}"},"query-input":{"@type":"PropertyValueSpecification","valueRequired":true,"valueName":"search_term_string"}}],"inLanguage":"de"}]}},"jetpack_sharing_enabled":true,"_links":{"self":[{"href":"https:\/\/pon-von-der-wuschelbande.de\/index.php?rest_route=\/wp\/v2\/pages\/22","targetHints":{"allow":["GET"]}}],"collection":[{"href":"https:\/\/pon-von-der-wuschelbande.de\/index.php?rest_route=\/wp\/v2\/pages"}],"about":[{"href":"https:\/\/pon-von-der-wuschelbande.de\/index.php?rest_route=\/wp\/v2\/types\/page"}],"author":[{"embeddable":true,"href":"https:\/\/pon-von-der-wuschelbande.de\/index.php?rest_route=\/wp\/v2\/users\/1"}],"replies":[{"embeddable":true,"href":"https:\/\/pon-von-der-wuschelbande.de\/index.php?rest_route=%2Fwp%2Fv2%2Fcomments&post=22"}],"version-history":[{"count":30,"href":"https:\/\/pon-von-der-wuschelbande.de\/index.php?rest_route=\/wp\/v2\/pages\/22\/revisions"}],"predecessor-version":[{"id":1439,"href":"https:\/\/pon-von-der-wuschelbande.de\/index.php?rest_route=\/wp\/v2\/pages\/22\/revisions\/1439"}],"wp:featuredmedia":[{"embeddable":true,"href":"https:\/\/pon-von-der-wuschelbande.de\/index.php?rest_route=\/wp\/v2\/media\/900"}],"wp:attachment":[{"href":"https:\/\/pon-von-der-wuschelbande.de\/index.php?rest_route=%2Fwp%2Fv2%2Fmedia&parent=22"}],"curies":[{"name":"wp","href":"https:\/\/api.w.org\/{rel}","templated":true}]}}