{"id":1897,"date":"2026-05-12T09:01:19","date_gmt":"2026-05-12T09:01:19","guid":{"rendered":"https:\/\/pon-von-der-wuschelbande.de\/?page_id=1897"},"modified":"2026-05-12T11:01:22","modified_gmt":"2026-05-12T11:01:22","slug":"b-wurf","status":"publish","type":"page","link":"https:\/\/pon-von-der-wuschelbande.de\/?page_id=1897","title":{"rendered":"B &#8211; Wurf"},"content":{"rendered":"\n<p><\/p>\n\n\n\n<p>Unsere Vorbereitungen zur Wurfplanung f\u00fcr den Sommer 2026 sind nun abgeschlossen, wir erwarten unseren <strong>Beautiful B &#8211; Wurf  <\/strong>in etwa Mitte Juli.<\/p>\n\n\n\n<h2 class=\"wp-block-heading\">Die Eltern von unserem lang geplanten Beautiful Wurf sind:<\/h2>\n\n\n\n<p>Unsere <strong>Betty <\/strong>PON von Sankt Wippertus und <strong>Upior<\/strong> Unchainend von der Preu\u00dfengarde<\/p>\n\n\n\n<p>Der Inzuchtkoeffizient dieser Verpaarung ist mit 0,00 % au\u00dfergew\u00f6hnlich niedrig und f\u00fcr die Rasse kaum noch fremder m\u00f6glich \u2013 genetisch also eine sehr interessante und wertvolle Kombination.<\/p>\n\n\n\n<p>Beide Elterntiere \u00fcberzeugen durch ihr ausgeglichenes, menschenbezogenes Wesen: Upior ist t\u00e4glich als staatlich gepr\u00fcfter und zertifizierter Therapiebegleithund im Einsatz, w\u00e4hrend Betty mit ihrer freundlichen und ruhigen Art regelm\u00e4\u00dfig als Besuchshund im Altenheim arbeitet.<\/p>\n\n\n\n<p>Beide Elterntiere wurden von einem CC-Kardiologen (Curriculum Cardiologicum) untersucht und erhielten beste Gesundheitsergebnisse. Auch die Welpen werden im Alter von 8 Wochen einem CC-Kardiologen vorgestellt und umfassend kardiologisch untersucht.<\/p>\n\n\n\n<p>Aus dieser au\u00dfergew\u00f6hnlichen Verpaarung wird eine wundersch\u00f6ne Farbvielfalt erwartet: Es k\u00f6nnen sowohl schwarze als auch braune sowie schwarz-wei\u00dfe und braun-wei\u00dfe Welpen fallen \u2013 jeder einzelne mit ganz besonderem Charme.<\/p>\n\n\n\n<p><\/p>\n","protected":false},"excerpt":{"rendered":"<p>Unsere Vorbereitungen zur Wurfplanung f\u00fcr den Sommer 2026 sind nun abgeschlossen, wir erwarten unseren Beautiful B &#8211; Wurf in etwa Mitte Juli. Die Eltern von unserem lang geplanten Beautiful Wurf sind: Unsere Betty PON von Sankt Wippertus und Upior Unchainend von der Preu\u00dfengarde Der Inzuchtkoeffizient dieser Verpaarung ist mit 0,00 % au\u00dfergew\u00f6hnlich niedrig und f\u00fcr &hellip; <\/p>\n<p class=\"link-more\"><a href=\"https:\/\/pon-von-der-wuschelbande.de\/?page_id=1897\" class=\"more-link\"><span class=\"screen-reader-text\">\u201eB &#8211; Wurf\u201c<\/span> weiterlesen<\/a><\/p>\n","protected":false},"author":1,"featured_media":1918,"parent":0,"menu_order":0,"comment_status":"closed","ping_status":"closed","template":"","meta":{"footnotes":""},"class_list":["post-1897","page","type-page","status-publish","has-post-thumbnail","hentry"],"yoast_head":"<!-- This site is optimized with the Yoast SEO plugin v24.4 - https:\/\/yoast.com\/wordpress\/plugins\/seo\/ -->\n<title>B - Wurf - PON von der Wuschelbande<\/title>\n<meta name=\"description\" content=\"Unsere PON Welpen von der Wuschelbande werden im Juli 2026 erwartet\" \/>\n<meta name=\"robots\" content=\"index, follow, max-snippet:-1, max-image-preview:large, max-video-preview:-1\" \/>\n<link rel=\"canonical\" href=\"https:\/\/pon-von-der-wuschelbande.de\/?page_id=1897\" \/>\n<meta property=\"og:locale\" content=\"de_DE\" \/>\n<meta property=\"og:type\" content=\"article\" \/>\n<meta property=\"og:title\" content=\"B - Wurf - PON von der Wuschelbande\" \/>\n<meta property=\"og:description\" content=\"Unsere PON Welpen von der Wuschelbande werden im Juli 2026 erwartet\" \/>\n<meta property=\"og:url\" content=\"https:\/\/pon-von-der-wuschelbande.de\/?page_id=1897\" \/>\n<meta property=\"og:site_name\" content=\"PON von der Wuschelbande\" \/>\n<meta property=\"article:modified_time\" content=\"2026-05-12T11:01:22+00:00\" \/>\n<meta property=\"og:image\" content=\"https:\/\/pon-von-der-wuschelbande.de\/wp-content\/uploads\/2026\/05\/ChatGPT-Image-12.-Mai-2026-12_38_48.png\" \/>\n\t<meta property=\"og:image:width\" content=\"1445\" \/>\n\t<meta property=\"og:image:height\" content=\"1088\" \/>\n\t<meta property=\"og:image:type\" content=\"image\/png\" \/>\n<meta name=\"twitter:card\" content=\"summary_large_image\" \/>\n<meta name=\"twitter:label1\" content=\"Gesch\u00e4tzte Lesezeit\" \/>\n\t<meta name=\"twitter:data1\" content=\"2\u00a0Minuten\" \/>\n<script type=\"application\/ld+json\" class=\"yoast-schema-graph\">{\"@context\":\"https:\/\/schema.org\",\"@graph\":[{\"@type\":\"WebPage\",\"@id\":\"https:\/\/pon-von-der-wuschelbande.de\/?page_id=1897\",\"url\":\"https:\/\/pon-von-der-wuschelbande.de\/?page_id=1897\",\"name\":\"B - Wurf - PON von der Wuschelbande\",\"isPartOf\":{\"@id\":\"https:\/\/pon-von-der-wuschelbande.de\/#website\"},\"primaryImageOfPage\":{\"@id\":\"https:\/\/pon-von-der-wuschelbande.de\/?page_id=1897#primaryimage\"},\"image\":{\"@id\":\"https:\/\/pon-von-der-wuschelbande.de\/?page_id=1897#primaryimage\"},\"thumbnailUrl\":\"https:\/\/pon-von-der-wuschelbande.de\/wp-content\/uploads\/2026\/05\/ChatGPT-Image-12.-Mai-2026-12_38_48.png\",\"datePublished\":\"2026-05-12T09:01:19+00:00\",\"dateModified\":\"2026-05-12T11:01:22+00:00\",\"description\":\"Unsere PON Welpen von der Wuschelbande werden im Juli 2026 erwartet\",\"breadcrumb\":{\"@id\":\"https:\/\/pon-von-der-wuschelbande.de\/?page_id=1897#breadcrumb\"},\"inLanguage\":\"de\",\"potentialAction\":[{\"@type\":\"ReadAction\",\"target\":[\"https:\/\/pon-von-der-wuschelbande.de\/?page_id=1897\"]}]},{\"@type\":\"ImageObject\",\"inLanguage\":\"de\",\"@id\":\"https:\/\/pon-von-der-wuschelbande.de\/?page_id=1897#primaryimage\",\"url\":\"https:\/\/pon-von-der-wuschelbande.de\/wp-content\/uploads\/2026\/05\/ChatGPT-Image-12.-Mai-2026-12_38_48.png\",\"contentUrl\":\"https:\/\/pon-von-der-wuschelbande.de\/wp-content\/uploads\/2026\/05\/ChatGPT-Image-12.-Mai-2026-12_38_48.png\",\"width\":1445,\"height\":1088},{\"@type\":\"BreadcrumbList\",\"@id\":\"https:\/\/pon-von-der-wuschelbande.de\/?page_id=1897#breadcrumb\",\"itemListElement\":[{\"@type\":\"ListItem\",\"position\":1,\"name\":\"Startseite\",\"item\":\"https:\/\/pon-von-der-wuschelbande.de\/\"},{\"@type\":\"ListItem\",\"position\":2,\"name\":\"B &#8211; Wurf\"}]},{\"@type\":\"WebSite\",\"@id\":\"https:\/\/pon-von-der-wuschelbande.de\/#website\",\"url\":\"https:\/\/pon-von-der-wuschelbande.de\/\",\"name\":\"PON von der Wuschelbande\",\"description\":\"PON Welpen Polski Owczarek Nizinny APH \/ VDH \/  FCI\",\"potentialAction\":[{\"@type\":\"SearchAction\",\"target\":{\"@type\":\"EntryPoint\",\"urlTemplate\":\"https:\/\/pon-von-der-wuschelbande.de\/?s={search_term_string}\"},\"query-input\":{\"@type\":\"PropertyValueSpecification\",\"valueRequired\":true,\"valueName\":\"search_term_string\"}}],\"inLanguage\":\"de\"}]}<\/script>\n<!-- \/ Yoast SEO plugin. -->","yoast_head_json":{"title":"B - Wurf - PON von der Wuschelbande","description":"Unsere PON Welpen von der Wuschelbande werden im Juli 2026 erwartet","robots":{"index":"index","follow":"follow","max-snippet":"max-snippet:-1","max-image-preview":"max-image-preview:large","max-video-preview":"max-video-preview:-1"},"canonical":"https:\/\/pon-von-der-wuschelbande.de\/?page_id=1897","og_locale":"de_DE","og_type":"article","og_title":"B - Wurf - PON von der Wuschelbande","og_description":"Unsere PON Welpen von der Wuschelbande werden im Juli 2026 erwartet","og_url":"https:\/\/pon-von-der-wuschelbande.de\/?page_id=1897","og_site_name":"PON von der Wuschelbande","article_modified_time":"2026-05-12T11:01:22+00:00","og_image":[{"width":1445,"height":1088,"url":"https:\/\/pon-von-der-wuschelbande.de\/wp-content\/uploads\/2026\/05\/ChatGPT-Image-12.-Mai-2026-12_38_48.png","type":"image\/png"}],"twitter_card":"summary_large_image","twitter_misc":{"Gesch\u00e4tzte Lesezeit":"2\u00a0Minuten"},"schema":{"@context":"https:\/\/schema.org","@graph":[{"@type":"WebPage","@id":"https:\/\/pon-von-der-wuschelbande.de\/?page_id=1897","url":"https:\/\/pon-von-der-wuschelbande.de\/?page_id=1897","name":"B - Wurf - PON von der Wuschelbande","isPartOf":{"@id":"https:\/\/pon-von-der-wuschelbande.de\/#website"},"primaryImageOfPage":{"@id":"https:\/\/pon-von-der-wuschelbande.de\/?page_id=1897#primaryimage"},"image":{"@id":"https:\/\/pon-von-der-wuschelbande.de\/?page_id=1897#primaryimage"},"thumbnailUrl":"https:\/\/pon-von-der-wuschelbande.de\/wp-content\/uploads\/2026\/05\/ChatGPT-Image-12.-Mai-2026-12_38_48.png","datePublished":"2026-05-12T09:01:19+00:00","dateModified":"2026-05-12T11:01:22+00:00","description":"Unsere PON Welpen von der Wuschelbande werden im Juli 2026 erwartet","breadcrumb":{"@id":"https:\/\/pon-von-der-wuschelbande.de\/?page_id=1897#breadcrumb"},"inLanguage":"de","potentialAction":[{"@type":"ReadAction","target":["https:\/\/pon-von-der-wuschelbande.de\/?page_id=1897"]}]},{"@type":"ImageObject","inLanguage":"de","@id":"https:\/\/pon-von-der-wuschelbande.de\/?page_id=1897#primaryimage","url":"https:\/\/pon-von-der-wuschelbande.de\/wp-content\/uploads\/2026\/05\/ChatGPT-Image-12.-Mai-2026-12_38_48.png","contentUrl":"https:\/\/pon-von-der-wuschelbande.de\/wp-content\/uploads\/2026\/05\/ChatGPT-Image-12.-Mai-2026-12_38_48.png","width":1445,"height":1088},{"@type":"BreadcrumbList","@id":"https:\/\/pon-von-der-wuschelbande.de\/?page_id=1897#breadcrumb","itemListElement":[{"@type":"ListItem","position":1,"name":"Startseite","item":"https:\/\/pon-von-der-wuschelbande.de\/"},{"@type":"ListItem","position":2,"name":"B &#8211; Wurf"}]},{"@type":"WebSite","@id":"https:\/\/pon-von-der-wuschelbande.de\/#website","url":"https:\/\/pon-von-der-wuschelbande.de\/","name":"PON von der Wuschelbande","description":"PON Welpen Polski Owczarek Nizinny APH \/ VDH \/  FCI","potentialAction":[{"@type":"SearchAction","target":{"@type":"EntryPoint","urlTemplate":"https:\/\/pon-von-der-wuschelbande.de\/?s={search_term_string}"},"query-input":{"@type":"PropertyValueSpecification","valueRequired":true,"valueName":"search_term_string"}}],"inLanguage":"de"}]}},"jetpack_sharing_enabled":true,"_links":{"self":[{"href":"https:\/\/pon-von-der-wuschelbande.de\/index.php?rest_route=\/wp\/v2\/pages\/1897","targetHints":{"allow":["GET"]}}],"collection":[{"href":"https:\/\/pon-von-der-wuschelbande.de\/index.php?rest_route=\/wp\/v2\/pages"}],"about":[{"href":"https:\/\/pon-von-der-wuschelbande.de\/index.php?rest_route=\/wp\/v2\/types\/page"}],"author":[{"embeddable":true,"href":"https:\/\/pon-von-der-wuschelbande.de\/index.php?rest_route=\/wp\/v2\/users\/1"}],"replies":[{"embeddable":true,"href":"https:\/\/pon-von-der-wuschelbande.de\/index.php?rest_route=%2Fwp%2Fv2%2Fcomments&post=1897"}],"version-history":[{"count":12,"href":"https:\/\/pon-von-der-wuschelbande.de\/index.php?rest_route=\/wp\/v2\/pages\/1897\/revisions"}],"predecessor-version":[{"id":1922,"href":"https:\/\/pon-von-der-wuschelbande.de\/index.php?rest_route=\/wp\/v2\/pages\/1897\/revisions\/1922"}],"wp:featuredmedia":[{"embeddable":true,"href":"https:\/\/pon-von-der-wuschelbande.de\/index.php?rest_route=\/wp\/v2\/media\/1918"}],"wp:attachment":[{"href":"https:\/\/pon-von-der-wuschelbande.de\/index.php?rest_route=%2Fwp%2Fv2%2Fmedia&parent=1897"}],"curies":[{"name":"wp","href":"https:\/\/api.w.org\/{rel}","templated":true}]}}