{"id":1809,"date":"2025-04-28T05:56:23","date_gmt":"2025-04-28T05:56:23","guid":{"rendered":"https:\/\/pon-von-der-wuschelbande.de\/?page_id=1809"},"modified":"2025-04-28T06:08:07","modified_gmt":"2025-04-28T06:08:07","slug":"hueftqualitaet","status":"publish","type":"page","link":"https:\/\/pon-von-der-wuschelbande.de\/?page_id=1809","title":{"rendered":"HD &amp; H\u00fcftqualit\u00e4t"},"content":{"rendered":"\n<p>Was ist der Unterschied zwischen HD und HQ und warum sagt die H\u00fcftqualit\u00e4t viel mehr aus?<\/p>\n\n\n\n<p>Ein Artikel und die Erkl\u00e4rung findet man hier: <\/p>\n\n\n\n<p><a href=\"https:\/\/dogbase.tdb.de\/tg\/web2\/public_html\/publikation\/hqcbp.pdf\">HQ ein Ma\u00df f\u00fcr H\u00fcftqualit\u00e4t von Dr. Reiner Beuing, Uni Gie\u00dfen<\/a><\/p>\n\n\n\n<h2 class=\"wp-block-heading\">Es l\u00e4sst sich HQ somit wie folgt zusammenfassen:<\/h2>\n\n\n\n<p> HQ dient zur Verbesserung dessen, was Gutachter HD nennen.<\/p>\n\n\n\n<p> Ein technisch ermittelter Wert mit hoher Objektivit\u00e4t und Reproduzierbarkeit.<\/p>\n\n\n\n<p> HQ ist bestimmt durch die Form der Gelenke und <strong>nicht durch sekund\u00e4re<br>Sch\u00e4den.<\/strong><\/p>\n\n\n\n<p> Die Messungen werden hinsichtlich der Vererbung gewertet.<\/p>\n\n\n\n<p> HQ ist eine relative Zahl: 1,0 entspricht den bestgemessenen H\u00fcften, 0,80<br>entspr\u00e4che z.B. 80%iger H\u00fcftqualit\u00e4t. Die Skala ist jedoch nach oben offen.<\/p>\n","protected":false},"excerpt":{"rendered":"<p>Was ist der Unterschied zwischen HD und HQ und warum sagt die H\u00fcftqualit\u00e4t viel mehr aus? Ein Artikel und die Erkl\u00e4rung findet man hier: HQ ein Ma\u00df f\u00fcr H\u00fcftqualit\u00e4t von Dr. Reiner Beuing, Uni Gie\u00dfen Es l\u00e4sst sich HQ somit wie folgt zusammenfassen: HQ dient zur Verbesserung dessen, was Gutachter HD nennen. Ein technisch ermittelter &hellip; <\/p>\n<p class=\"link-more\"><a href=\"https:\/\/pon-von-der-wuschelbande.de\/?page_id=1809\" class=\"more-link\"><span class=\"screen-reader-text\">\u201eHD &amp; H\u00fcftqualit\u00e4t\u201c<\/span> weiterlesen<\/a><\/p>\n","protected":false},"author":1,"featured_media":0,"parent":0,"menu_order":0,"comment_status":"closed","ping_status":"closed","template":"","meta":{"footnotes":""},"class_list":["post-1809","page","type-page","status-publish","hentry"],"yoast_head":"<!-- This site is optimized with the Yoast SEO plugin v24.4 - https:\/\/yoast.com\/wordpress\/plugins\/seo\/ -->\n<title>HD &amp; H\u00fcftqualit\u00e4t - PON von der Wuschelbande<\/title>\n<meta name=\"robots\" content=\"index, follow, max-snippet:-1, max-image-preview:large, max-video-preview:-1\" \/>\n<link rel=\"canonical\" href=\"https:\/\/pon-von-der-wuschelbande.de\/?page_id=1809\" \/>\n<meta property=\"og:locale\" content=\"de_DE\" \/>\n<meta property=\"og:type\" content=\"article\" \/>\n<meta property=\"og:title\" content=\"HD &amp; H\u00fcftqualit\u00e4t - PON von der Wuschelbande\" \/>\n<meta property=\"og:description\" content=\"Was ist der Unterschied zwischen HD und HQ und warum sagt die H\u00fcftqualit\u00e4t viel mehr aus? Ein Artikel und die Erkl\u00e4rung findet man hier: HQ ein Ma\u00df f\u00fcr H\u00fcftqualit\u00e4t von Dr. Reiner Beuing, Uni Gie\u00dfen Es l\u00e4sst sich HQ somit wie folgt zusammenfassen: HQ dient zur Verbesserung dessen, was Gutachter HD nennen. Ein technisch ermittelter &hellip; \u201eHD &amp; H\u00fcftqualit\u00e4t\u201c weiterlesen\" \/>\n<meta property=\"og:url\" content=\"https:\/\/pon-von-der-wuschelbande.de\/?page_id=1809\" \/>\n<meta property=\"og:site_name\" content=\"PON von der Wuschelbande\" \/>\n<meta property=\"article:modified_time\" content=\"2025-04-28T06:08:07+00:00\" \/>\n<meta name=\"twitter:card\" content=\"summary_large_image\" \/>\n<meta name=\"twitter:label1\" content=\"Gesch\u00e4tzte Lesezeit\" \/>\n\t<meta name=\"twitter:data1\" content=\"1\u00a0Minute\" \/>\n<script type=\"application\/ld+json\" class=\"yoast-schema-graph\">{\"@context\":\"https:\/\/schema.org\",\"@graph\":[{\"@type\":\"WebPage\",\"@id\":\"https:\/\/pon-von-der-wuschelbande.de\/?page_id=1809\",\"url\":\"https:\/\/pon-von-der-wuschelbande.de\/?page_id=1809\",\"name\":\"HD &amp; H\u00fcftqualit\u00e4t - PON von der Wuschelbande\",\"isPartOf\":{\"@id\":\"https:\/\/pon-von-der-wuschelbande.de\/#website\"},\"datePublished\":\"2025-04-28T05:56:23+00:00\",\"dateModified\":\"2025-04-28T06:08:07+00:00\",\"breadcrumb\":{\"@id\":\"https:\/\/pon-von-der-wuschelbande.de\/?page_id=1809#breadcrumb\"},\"inLanguage\":\"de\",\"potentialAction\":[{\"@type\":\"ReadAction\",\"target\":[\"https:\/\/pon-von-der-wuschelbande.de\/?page_id=1809\"]}]},{\"@type\":\"BreadcrumbList\",\"@id\":\"https:\/\/pon-von-der-wuschelbande.de\/?page_id=1809#breadcrumb\",\"itemListElement\":[{\"@type\":\"ListItem\",\"position\":1,\"name\":\"Startseite\",\"item\":\"https:\/\/pon-von-der-wuschelbande.de\/\"},{\"@type\":\"ListItem\",\"position\":2,\"name\":\"HD &amp; H\u00fcftqualit\u00e4t\"}]},{\"@type\":\"WebSite\",\"@id\":\"https:\/\/pon-von-der-wuschelbande.de\/#website\",\"url\":\"https:\/\/pon-von-der-wuschelbande.de\/\",\"name\":\"PON von der Wuschelbande\",\"description\":\"PON Welpen Polski Owczarek Nizinny APH \/ VDH \/  FCI\",\"potentialAction\":[{\"@type\":\"SearchAction\",\"target\":{\"@type\":\"EntryPoint\",\"urlTemplate\":\"https:\/\/pon-von-der-wuschelbande.de\/?s={search_term_string}\"},\"query-input\":{\"@type\":\"PropertyValueSpecification\",\"valueRequired\":true,\"valueName\":\"search_term_string\"}}],\"inLanguage\":\"de\"}]}<\/script>\n<!-- \/ Yoast SEO plugin. -->","yoast_head_json":{"title":"HD &amp; H\u00fcftqualit\u00e4t - PON von der Wuschelbande","robots":{"index":"index","follow":"follow","max-snippet":"max-snippet:-1","max-image-preview":"max-image-preview:large","max-video-preview":"max-video-preview:-1"},"canonical":"https:\/\/pon-von-der-wuschelbande.de\/?page_id=1809","og_locale":"de_DE","og_type":"article","og_title":"HD &amp; H\u00fcftqualit\u00e4t - PON von der Wuschelbande","og_description":"Was ist der Unterschied zwischen HD und HQ und warum sagt die H\u00fcftqualit\u00e4t viel mehr aus? Ein Artikel und die Erkl\u00e4rung findet man hier: HQ ein Ma\u00df f\u00fcr H\u00fcftqualit\u00e4t von Dr. Reiner Beuing, Uni Gie\u00dfen Es l\u00e4sst sich HQ somit wie folgt zusammenfassen: HQ dient zur Verbesserung dessen, was Gutachter HD nennen. Ein technisch ermittelter &hellip; \u201eHD &amp; H\u00fcftqualit\u00e4t\u201c weiterlesen","og_url":"https:\/\/pon-von-der-wuschelbande.de\/?page_id=1809","og_site_name":"PON von der Wuschelbande","article_modified_time":"2025-04-28T06:08:07+00:00","twitter_card":"summary_large_image","twitter_misc":{"Gesch\u00e4tzte Lesezeit":"1\u00a0Minute"},"schema":{"@context":"https:\/\/schema.org","@graph":[{"@type":"WebPage","@id":"https:\/\/pon-von-der-wuschelbande.de\/?page_id=1809","url":"https:\/\/pon-von-der-wuschelbande.de\/?page_id=1809","name":"HD &amp; H\u00fcftqualit\u00e4t - PON von der Wuschelbande","isPartOf":{"@id":"https:\/\/pon-von-der-wuschelbande.de\/#website"},"datePublished":"2025-04-28T05:56:23+00:00","dateModified":"2025-04-28T06:08:07+00:00","breadcrumb":{"@id":"https:\/\/pon-von-der-wuschelbande.de\/?page_id=1809#breadcrumb"},"inLanguage":"de","potentialAction":[{"@type":"ReadAction","target":["https:\/\/pon-von-der-wuschelbande.de\/?page_id=1809"]}]},{"@type":"BreadcrumbList","@id":"https:\/\/pon-von-der-wuschelbande.de\/?page_id=1809#breadcrumb","itemListElement":[{"@type":"ListItem","position":1,"name":"Startseite","item":"https:\/\/pon-von-der-wuschelbande.de\/"},{"@type":"ListItem","position":2,"name":"HD &amp; H\u00fcftqualit\u00e4t"}]},{"@type":"WebSite","@id":"https:\/\/pon-von-der-wuschelbande.de\/#website","url":"https:\/\/pon-von-der-wuschelbande.de\/","name":"PON von der Wuschelbande","description":"PON Welpen Polski Owczarek Nizinny APH \/ VDH \/  FCI","potentialAction":[{"@type":"SearchAction","target":{"@type":"EntryPoint","urlTemplate":"https:\/\/pon-von-der-wuschelbande.de\/?s={search_term_string}"},"query-input":{"@type":"PropertyValueSpecification","valueRequired":true,"valueName":"search_term_string"}}],"inLanguage":"de"}]}},"jetpack_sharing_enabled":true,"_links":{"self":[{"href":"https:\/\/pon-von-der-wuschelbande.de\/index.php?rest_route=\/wp\/v2\/pages\/1809","targetHints":{"allow":["GET"]}}],"collection":[{"href":"https:\/\/pon-von-der-wuschelbande.de\/index.php?rest_route=\/wp\/v2\/pages"}],"about":[{"href":"https:\/\/pon-von-der-wuschelbande.de\/index.php?rest_route=\/wp\/v2\/types\/page"}],"author":[{"embeddable":true,"href":"https:\/\/pon-von-der-wuschelbande.de\/index.php?rest_route=\/wp\/v2\/users\/1"}],"replies":[{"embeddable":true,"href":"https:\/\/pon-von-der-wuschelbande.de\/index.php?rest_route=%2Fwp%2Fv2%2Fcomments&post=1809"}],"version-history":[{"count":3,"href":"https:\/\/pon-von-der-wuschelbande.de\/index.php?rest_route=\/wp\/v2\/pages\/1809\/revisions"}],"predecessor-version":[{"id":1814,"href":"https:\/\/pon-von-der-wuschelbande.de\/index.php?rest_route=\/wp\/v2\/pages\/1809\/revisions\/1814"}],"wp:attachment":[{"href":"https:\/\/pon-von-der-wuschelbande.de\/index.php?rest_route=%2Fwp%2Fv2%2Fmedia&parent=1809"}],"curies":[{"name":"wp","href":"https:\/\/api.w.org\/{rel}","templated":true}]}}