{"id":1276,"date":"2023-11-12T05:07:23","date_gmt":"2023-11-12T05:07:23","guid":{"rendered":"http:\/\/pon-von-der-wuschelbande.de\/?page_id=1276"},"modified":"2024-01-09T08:32:17","modified_gmt":"2024-01-09T08:32:17","slug":"iwanka-von-der-widderburg","status":"publish","type":"page","link":"https:\/\/pon-von-der-wuschelbande.de\/?page_id=1276","title":{"rendered":"Iwanka von der Widderburg"},"content":{"rendered":"<p>&nbsp;<\/p>\n<p>Iwanka von der Widderburg VDH\/APH alias <strong>Leila<\/strong>, geb. am 11.02.2012 lebt nicht bei uns, sie wurde von meinem Sohn und meiner Schwiegertochter im Jahr 2013 als Notpon aufgenommen.<\/p>\n<p>Als &#8211; PON in Not- wurde, die damals gerade mal 1,5 j\u00e4hrige H\u00fcndin vorgestellt. Ganz spontan aber sehr gut \u00fcberlegt, dieser Jungh\u00fcndin schnell zu helfen, entschied sich mein Sohn und meine Schwiegertochter die H\u00fcndin zu adoptieren und im Allg\u00e4u bei den alten Besitzern abzuholen. Leila war knapp 30 Kilo schwer &#8211; also stark \u00fcbergewichtig und kannte ganz und gar nichts, au\u00dfer den gro\u00dfen Garten, viele Fleischknochen und viele B\u00e4lle.<\/p>\n<p>Schon eine normale und kleine Runde gassi gehen war eine Herausforderung, Menschen und Kinder gingen gar nicht, das hatte sie alles nicht kennen gelernt.<\/p>\n<p>Lena schaffte es mit t\u00e4glicher und konsequenter Arbeit aus Leila eine Sporth\u00fcndin zu machen, und das Gewicht auf ein Normalgewicht zu reduzieren.<\/p>\n<p>Es folgte die <strong>VDH Begleithundepr\u00fcfung im BPSV Hof<\/strong> und einige gute Jahre im VDH THS &#8211; Hundesport mit Vierkampfturnieren bis das \u201eAus\u201c durch einen zugezogenen Kreuzbandriss kam.<\/p>\n<p>&nbsp;<\/p>\n<p>Vater: Gray vom Kleinen Hirten, Mutter: Yamaine von der Widderburg<\/p>\n<p>&nbsp;<\/p>\n<div id='gallery-1' class='gallery galleryid-1276 gallery-columns-3 gallery-size-thumbnail'><figure class='gallery-item'>\n\t\t\t<div class='gallery-icon landscape'>\n\t\t\t\t<img loading=\"lazy\" decoding=\"async\" width=\"150\" height=\"150\" src=\"https:\/\/pon-von-der-wuschelbande.de\/wp-content\/uploads\/2023\/03\/DSC00864-150x150.jpg\" class=\"attachment-thumbnail size-thumbnail\" alt=\"\" srcset=\"https:\/\/pon-von-der-wuschelbande.de\/wp-content\/uploads\/2023\/03\/DSC00864-150x150.jpg 150w, https:\/\/pon-von-der-wuschelbande.de\/wp-content\/uploads\/2023\/03\/DSC00864-100x100.jpg 100w\" sizes=\"auto, 100vw\" \/>\n\t\t\t<\/div><\/figure><figure class='gallery-item'>\n\t\t\t<div class='gallery-icon landscape'>\n\t\t\t\t<img loading=\"lazy\" decoding=\"async\" width=\"150\" height=\"150\" src=\"https:\/\/pon-von-der-wuschelbande.de\/wp-content\/uploads\/2016\/06\/Leila-18-150x150.jpg\" class=\"attachment-thumbnail size-thumbnail\" alt=\"\" srcset=\"https:\/\/pon-von-der-wuschelbande.de\/wp-content\/uploads\/2016\/06\/Leila-18-150x150.jpg 150w, https:\/\/pon-von-der-wuschelbande.de\/wp-content\/uploads\/2016\/06\/Leila-18-100x100.jpg 100w\" sizes=\"auto, 100vw\" \/>\n\t\t\t<\/div><\/figure><figure class='gallery-item'>\n\t\t\t<div class='gallery-icon landscape'>\n\t\t\t\t<img loading=\"lazy\" decoding=\"async\" width=\"150\" height=\"150\" src=\"https:\/\/pon-von-der-wuschelbande.de\/wp-content\/uploads\/2016\/02\/Leila-neu-2-150x150.jpg\" class=\"attachment-thumbnail size-thumbnail\" alt=\"\" srcset=\"https:\/\/pon-von-der-wuschelbande.de\/wp-content\/uploads\/2016\/02\/Leila-neu-2-150x150.jpg 150w, https:\/\/pon-von-der-wuschelbande.de\/wp-content\/uploads\/2016\/02\/Leila-neu-2-100x100.jpg 100w\" sizes=\"auto, 100vw\" \/>\n\t\t\t<\/div><\/figure><figure class='gallery-item'>\n\t\t\t<div class='gallery-icon landscape'>\n\t\t\t\t<img loading=\"lazy\" decoding=\"async\" width=\"150\" height=\"150\" src=\"https:\/\/pon-von-der-wuschelbande.de\/wp-content\/uploads\/2016\/02\/Leila-01-150x150.jpg\" class=\"attachment-thumbnail size-thumbnail\" alt=\"\" srcset=\"https:\/\/pon-von-der-wuschelbande.de\/wp-content\/uploads\/2016\/02\/Leila-01-150x150.jpg 150w, https:\/\/pon-von-der-wuschelbande.de\/wp-content\/uploads\/2016\/02\/Leila-01-100x100.jpg 100w\" sizes=\"auto, 100vw\" \/>\n\t\t\t<\/div><\/figure><figure class='gallery-item'>\n\t\t\t<div class='gallery-icon landscape'>\n\t\t\t\t<img loading=\"lazy\" decoding=\"async\" width=\"150\" height=\"150\" src=\"https:\/\/pon-von-der-wuschelbande.de\/wp-content\/uploads\/2016\/02\/Leila-01-1-150x150.jpg\" class=\"attachment-thumbnail size-thumbnail\" alt=\"\" srcset=\"https:\/\/pon-von-der-wuschelbande.de\/wp-content\/uploads\/2016\/02\/Leila-01-1-150x150.jpg 150w, https:\/\/pon-von-der-wuschelbande.de\/wp-content\/uploads\/2016\/02\/Leila-01-1-100x100.jpg 100w\" sizes=\"auto, 100vw\" \/>\n\t\t\t<\/div><\/figure><figure class='gallery-item'>\n\t\t\t<div class='gallery-icon landscape'>\n\t\t\t\t<img loading=\"lazy\" decoding=\"async\" width=\"150\" height=\"150\" src=\"https:\/\/pon-von-der-wuschelbande.de\/wp-content\/uploads\/2016\/02\/Leila-07-150x150.jpg\" class=\"attachment-thumbnail size-thumbnail\" alt=\"\" srcset=\"https:\/\/pon-von-der-wuschelbande.de\/wp-content\/uploads\/2016\/02\/Leila-07-150x150.jpg 150w, https:\/\/pon-von-der-wuschelbande.de\/wp-content\/uploads\/2016\/02\/Leila-07-100x100.jpg 100w\" sizes=\"auto, 100vw\" \/>\n\t\t\t<\/div><\/figure><figure class='gallery-item'>\n\t\t\t<div class='gallery-icon landscape'>\n\t\t\t\t<img loading=\"lazy\" decoding=\"async\" width=\"150\" height=\"150\" src=\"https:\/\/pon-von-der-wuschelbande.de\/wp-content\/uploads\/2016\/06\/Leila-neu-2-150x150.jpg\" class=\"attachment-thumbnail size-thumbnail\" alt=\"\" sizes=\"auto, 100vw\" \/>\n\t\t\t<\/div><\/figure><figure class='gallery-item'>\n\t\t\t<div class='gallery-icon landscape'>\n\t\t\t\t<img loading=\"lazy\" decoding=\"async\" width=\"150\" height=\"150\" src=\"https:\/\/pon-von-der-wuschelbande.de\/wp-content\/uploads\/2016\/06\/Leila-neu-150x150.jpg\" class=\"attachment-thumbnail size-thumbnail\" alt=\"\" sizes=\"auto, 100vw\" \/>\n\t\t\t<\/div><\/figure><figure class='gallery-item'>\n\t\t\t<div class='gallery-icon landscape'>\n\t\t\t\t<img loading=\"lazy\" decoding=\"async\" width=\"150\" height=\"150\" src=\"https:\/\/pon-von-der-wuschelbande.de\/wp-content\/uploads\/2016\/02\/Leila-12-150x150.jpg\" class=\"attachment-thumbnail size-thumbnail\" alt=\"\" sizes=\"auto, 100vw\" \/>\n\t\t\t<\/div><\/figure><figure class='gallery-item'>\n\t\t\t<div class='gallery-icon portrait'>\n\t\t\t\t<img loading=\"lazy\" decoding=\"async\" width=\"150\" height=\"150\" src=\"https:\/\/pon-von-der-wuschelbande.de\/wp-content\/uploads\/2016\/02\/201_leila-150x150.jpg\" class=\"attachment-thumbnail size-thumbnail\" alt=\"\" sizes=\"auto, 100vw\" \/>\n\t\t\t<\/div><\/figure><figure class='gallery-item'>\n\t\t\t<div class='gallery-icon landscape'>\n\t\t\t\t<img loading=\"lazy\" decoding=\"async\" width=\"150\" height=\"150\" src=\"https:\/\/pon-von-der-wuschelbande.de\/wp-content\/uploads\/2016\/02\/201_leila_2-150x150.jpg\" class=\"attachment-thumbnail size-thumbnail\" alt=\"\" sizes=\"auto, 100vw\" \/>\n\t\t\t<\/div><\/figure><figure class='gallery-item'>\n\t\t\t<div class='gallery-icon portrait'>\n\t\t\t\t<img loading=\"lazy\" decoding=\"async\" width=\"150\" height=\"150\" src=\"https:\/\/pon-von-der-wuschelbande.de\/wp-content\/uploads\/2016\/02\/20140501_143542-1-150x150.jpg\" class=\"attachment-thumbnail size-thumbnail\" alt=\"\" sizes=\"auto, 100vw\" \/>\n\t\t\t<\/div><\/figure><figure class='gallery-item'>\n\t\t\t<div class='gallery-icon landscape'>\n\t\t\t\t<img loading=\"lazy\" decoding=\"async\" width=\"150\" height=\"150\" src=\"https:\/\/pon-von-der-wuschelbande.de\/wp-content\/uploads\/2023\/11\/IMG_3447-150x150.jpg\" class=\"attachment-thumbnail size-thumbnail\" alt=\"\" srcset=\"https:\/\/pon-von-der-wuschelbande.de\/wp-content\/uploads\/2023\/11\/IMG_3447-150x150.jpg 150w, https:\/\/pon-von-der-wuschelbande.de\/wp-content\/uploads\/2023\/11\/IMG_3447-100x100.jpg 100w\" sizes=\"auto, 100vw\" \/>\n\t\t\t<\/div><\/figure><figure class='gallery-item'>\n\t\t\t<div class='gallery-icon landscape'>\n\t\t\t\t<img loading=\"lazy\" decoding=\"async\" width=\"150\" height=\"150\" src=\"https:\/\/pon-von-der-wuschelbande.de\/wp-content\/uploads\/2023\/11\/IMG_3448-150x150.jpg\" class=\"attachment-thumbnail size-thumbnail\" alt=\"\" srcset=\"https:\/\/pon-von-der-wuschelbande.de\/wp-content\/uploads\/2023\/11\/IMG_3448-150x150.jpg 150w, https:\/\/pon-von-der-wuschelbande.de\/wp-content\/uploads\/2023\/11\/IMG_3448-100x100.jpg 100w\" sizes=\"auto, 100vw\" \/>\n\t\t\t<\/div><\/figure><figure class='gallery-item'>\n\t\t\t<div class='gallery-icon landscape'>\n\t\t\t\t<img loading=\"lazy\" decoding=\"async\" width=\"150\" height=\"150\" src=\"https:\/\/pon-von-der-wuschelbande.de\/wp-content\/uploads\/2023\/11\/IMG_3449-150x150.jpg\" class=\"attachment-thumbnail size-thumbnail\" alt=\"\" srcset=\"https:\/\/pon-von-der-wuschelbande.de\/wp-content\/uploads\/2023\/11\/IMG_3449-150x150.jpg 150w, https:\/\/pon-von-der-wuschelbande.de\/wp-content\/uploads\/2023\/11\/IMG_3449-100x100.jpg 100w\" sizes=\"auto, 100vw\" \/>\n\t\t\t<\/div><\/figure><figure class='gallery-item'>\n\t\t\t<div class='gallery-icon landscape'>\n\t\t\t\t<img loading=\"lazy\" decoding=\"async\" width=\"150\" height=\"150\" src=\"https:\/\/pon-von-der-wuschelbande.de\/wp-content\/uploads\/2023\/11\/IMG_3450-150x150.jpg\" class=\"attachment-thumbnail size-thumbnail\" alt=\"\" srcset=\"https:\/\/pon-von-der-wuschelbande.de\/wp-content\/uploads\/2023\/11\/IMG_3450-150x150.jpg 150w, https:\/\/pon-von-der-wuschelbande.de\/wp-content\/uploads\/2023\/11\/IMG_3450-100x100.jpg 100w\" sizes=\"auto, 100vw\" \/>\n\t\t\t<\/div><\/figure><figure class='gallery-item'>\n\t\t\t<div class='gallery-icon landscape'>\n\t\t\t\t<img loading=\"lazy\" decoding=\"async\" width=\"150\" height=\"150\" src=\"https:\/\/pon-von-der-wuschelbande.de\/wp-content\/uploads\/2023\/11\/IMG_3451-150x150.jpg\" class=\"attachment-thumbnail size-thumbnail\" alt=\"\" srcset=\"https:\/\/pon-von-der-wuschelbande.de\/wp-content\/uploads\/2023\/11\/IMG_3451-150x150.jpg 150w, https:\/\/pon-von-der-wuschelbande.de\/wp-content\/uploads\/2023\/11\/IMG_3451-100x100.jpg 100w\" sizes=\"auto, 100vw\" \/>\n\t\t\t<\/div><\/figure><figure class='gallery-item'>\n\t\t\t<div class='gallery-icon landscape'>\n\t\t\t\t<img loading=\"lazy\" decoding=\"async\" width=\"150\" height=\"150\" src=\"https:\/\/pon-von-der-wuschelbande.de\/wp-content\/uploads\/2023\/11\/IMG_3452-150x150.jpg\" class=\"attachment-thumbnail size-thumbnail\" alt=\"\" srcset=\"https:\/\/pon-von-der-wuschelbande.de\/wp-content\/uploads\/2023\/11\/IMG_3452-150x150.jpg 150w, https:\/\/pon-von-der-wuschelbande.de\/wp-content\/uploads\/2023\/11\/IMG_3452-100x100.jpg 100w\" sizes=\"auto, 100vw\" \/>\n\t\t\t<\/div><\/figure>\n\t\t<\/div>\n\n","protected":false},"excerpt":{"rendered":"<p>&nbsp; Iwanka von der Widderburg VDH\/APH alias Leila, geb. am 11.02.2012 lebt nicht bei uns, sie wurde von meinem Sohn und meiner Schwiegertochter im Jahr 2013 als Notpon aufgenommen. Als &#8211; PON in Not- wurde, die damals gerade mal 1,5 j\u00e4hrige H\u00fcndin vorgestellt. Ganz spontan aber sehr gut \u00fcberlegt, dieser Jungh\u00fcndin schnell zu helfen, entschied &hellip; <\/p>\n<p class=\"link-more\"><a href=\"https:\/\/pon-von-der-wuschelbande.de\/?page_id=1276\" class=\"more-link\"><span class=\"screen-reader-text\">\u201eIwanka von der Widderburg\u201c<\/span> weiterlesen<\/a><\/p>\n","protected":false},"author":1,"featured_media":913,"parent":10,"menu_order":0,"comment_status":"closed","ping_status":"closed","template":"","meta":{"footnotes":""},"class_list":["post-1276","page","type-page","status-publish","has-post-thumbnail","hentry"],"yoast_head":"<!-- This site is optimized with the Yoast SEO plugin v24.4 - https:\/\/yoast.com\/wordpress\/plugins\/seo\/ -->\n<title>Iwanka von der Widderburg - PON von der Wuschelbande<\/title>\n<meta name=\"robots\" content=\"index, follow, max-snippet:-1, max-image-preview:large, max-video-preview:-1\" \/>\n<link rel=\"canonical\" href=\"https:\/\/pon-von-der-wuschelbande.de\/?page_id=1276\" \/>\n<meta property=\"og:locale\" content=\"de_DE\" \/>\n<meta property=\"og:type\" content=\"article\" \/>\n<meta property=\"og:title\" content=\"Iwanka von der Widderburg - PON von der Wuschelbande\" \/>\n<meta property=\"og:description\" content=\"&nbsp; Iwanka von der Widderburg VDH\/APH alias Leila, geb. am 11.02.2012 lebt nicht bei uns, sie wurde von meinem Sohn und meiner Schwiegertochter im Jahr 2013 als Notpon aufgenommen. Als &#8211; PON in Not- wurde, die damals gerade mal 1,5 j\u00e4hrige H\u00fcndin vorgestellt. Ganz spontan aber sehr gut \u00fcberlegt, dieser Jungh\u00fcndin schnell zu helfen, entschied &hellip; \u201eIwanka von der Widderburg\u201c weiterlesen\" \/>\n<meta property=\"og:url\" content=\"https:\/\/pon-von-der-wuschelbande.de\/?page_id=1276\" \/>\n<meta property=\"og:site_name\" content=\"PON von der Wuschelbande\" \/>\n<meta property=\"article:modified_time\" content=\"2024-01-09T08:32:17+00:00\" \/>\n<meta property=\"og:image\" content=\"https:\/\/pon-von-der-wuschelbande.de\/wp-content\/uploads\/2016\/02\/Leila-01-1024x681.jpg\" \/>\n\t<meta property=\"og:image:width\" content=\"1024\" \/>\n\t<meta property=\"og:image:height\" content=\"681\" \/>\n\t<meta property=\"og:image:type\" content=\"image\/jpeg\" \/>\n<meta name=\"twitter:card\" content=\"summary_large_image\" \/>\n<meta name=\"twitter:label1\" content=\"Gesch\u00e4tzte Lesezeit\" \/>\n\t<meta name=\"twitter:data1\" content=\"1\u00a0Minute\" \/>\n<script type=\"application\/ld+json\" class=\"yoast-schema-graph\">{\"@context\":\"https:\/\/schema.org\",\"@graph\":[{\"@type\":\"WebPage\",\"@id\":\"https:\/\/pon-von-der-wuschelbande.de\/?page_id=1276\",\"url\":\"https:\/\/pon-von-der-wuschelbande.de\/?page_id=1276\",\"name\":\"Iwanka von der Widderburg - PON von der Wuschelbande\",\"isPartOf\":{\"@id\":\"https:\/\/pon-von-der-wuschelbande.de\/#website\"},\"primaryImageOfPage\":{\"@id\":\"https:\/\/pon-von-der-wuschelbande.de\/?page_id=1276#primaryimage\"},\"image\":{\"@id\":\"https:\/\/pon-von-der-wuschelbande.de\/?page_id=1276#primaryimage\"},\"thumbnailUrl\":\"https:\/\/pon-von-der-wuschelbande.de\/wp-content\/uploads\/2016\/02\/Leila-01.jpg\",\"datePublished\":\"2023-11-12T05:07:23+00:00\",\"dateModified\":\"2024-01-09T08:32:17+00:00\",\"breadcrumb\":{\"@id\":\"https:\/\/pon-von-der-wuschelbande.de\/?page_id=1276#breadcrumb\"},\"inLanguage\":\"de\",\"potentialAction\":[{\"@type\":\"ReadAction\",\"target\":[\"https:\/\/pon-von-der-wuschelbande.de\/?page_id=1276\"]}]},{\"@type\":\"ImageObject\",\"inLanguage\":\"de\",\"@id\":\"https:\/\/pon-von-der-wuschelbande.de\/?page_id=1276#primaryimage\",\"url\":\"https:\/\/pon-von-der-wuschelbande.de\/wp-content\/uploads\/2016\/02\/Leila-01.jpg\",\"contentUrl\":\"https:\/\/pon-von-der-wuschelbande.de\/wp-content\/uploads\/2016\/02\/Leila-01.jpg\",\"width\":4256,\"height\":2832},{\"@type\":\"BreadcrumbList\",\"@id\":\"https:\/\/pon-von-der-wuschelbande.de\/?page_id=1276#breadcrumb\",\"itemListElement\":[{\"@type\":\"ListItem\",\"position\":1,\"name\":\"Startseite\",\"item\":\"https:\/\/pon-von-der-wuschelbande.de\/\"},{\"@type\":\"ListItem\",\"position\":2,\"name\":\"Unsere PON\",\"item\":\"https:\/\/pon-von-der-wuschelbande.de\/?page_id=10\"},{\"@type\":\"ListItem\",\"position\":3,\"name\":\"Iwanka von der Widderburg\"}]},{\"@type\":\"WebSite\",\"@id\":\"https:\/\/pon-von-der-wuschelbande.de\/#website\",\"url\":\"https:\/\/pon-von-der-wuschelbande.de\/\",\"name\":\"PON von der Wuschelbande\",\"description\":\"PON Welpen Polski Owczarek Nizinny APH \/ VDH \/  FCI\",\"potentialAction\":[{\"@type\":\"SearchAction\",\"target\":{\"@type\":\"EntryPoint\",\"urlTemplate\":\"https:\/\/pon-von-der-wuschelbande.de\/?s={search_term_string}\"},\"query-input\":{\"@type\":\"PropertyValueSpecification\",\"valueRequired\":true,\"valueName\":\"search_term_string\"}}],\"inLanguage\":\"de\"}]}<\/script>\n<!-- \/ Yoast SEO plugin. -->","yoast_head_json":{"title":"Iwanka von der Widderburg - PON von der Wuschelbande","robots":{"index":"index","follow":"follow","max-snippet":"max-snippet:-1","max-image-preview":"max-image-preview:large","max-video-preview":"max-video-preview:-1"},"canonical":"https:\/\/pon-von-der-wuschelbande.de\/?page_id=1276","og_locale":"de_DE","og_type":"article","og_title":"Iwanka von der Widderburg - PON von der Wuschelbande","og_description":"&nbsp; Iwanka von der Widderburg VDH\/APH alias Leila, geb. am 11.02.2012 lebt nicht bei uns, sie wurde von meinem Sohn und meiner Schwiegertochter im Jahr 2013 als Notpon aufgenommen. Als &#8211; PON in Not- wurde, die damals gerade mal 1,5 j\u00e4hrige H\u00fcndin vorgestellt. Ganz spontan aber sehr gut \u00fcberlegt, dieser Jungh\u00fcndin schnell zu helfen, entschied &hellip; \u201eIwanka von der Widderburg\u201c weiterlesen","og_url":"https:\/\/pon-von-der-wuschelbande.de\/?page_id=1276","og_site_name":"PON von der Wuschelbande","article_modified_time":"2024-01-09T08:32:17+00:00","og_image":[{"width":1024,"height":681,"url":"https:\/\/pon-von-der-wuschelbande.de\/wp-content\/uploads\/2016\/02\/Leila-01-1024x681.jpg","type":"image\/jpeg"}],"twitter_card":"summary_large_image","twitter_misc":{"Gesch\u00e4tzte Lesezeit":"1\u00a0Minute"},"schema":{"@context":"https:\/\/schema.org","@graph":[{"@type":"WebPage","@id":"https:\/\/pon-von-der-wuschelbande.de\/?page_id=1276","url":"https:\/\/pon-von-der-wuschelbande.de\/?page_id=1276","name":"Iwanka von der Widderburg - PON von der Wuschelbande","isPartOf":{"@id":"https:\/\/pon-von-der-wuschelbande.de\/#website"},"primaryImageOfPage":{"@id":"https:\/\/pon-von-der-wuschelbande.de\/?page_id=1276#primaryimage"},"image":{"@id":"https:\/\/pon-von-der-wuschelbande.de\/?page_id=1276#primaryimage"},"thumbnailUrl":"https:\/\/pon-von-der-wuschelbande.de\/wp-content\/uploads\/2016\/02\/Leila-01.jpg","datePublished":"2023-11-12T05:07:23+00:00","dateModified":"2024-01-09T08:32:17+00:00","breadcrumb":{"@id":"https:\/\/pon-von-der-wuschelbande.de\/?page_id=1276#breadcrumb"},"inLanguage":"de","potentialAction":[{"@type":"ReadAction","target":["https:\/\/pon-von-der-wuschelbande.de\/?page_id=1276"]}]},{"@type":"ImageObject","inLanguage":"de","@id":"https:\/\/pon-von-der-wuschelbande.de\/?page_id=1276#primaryimage","url":"https:\/\/pon-von-der-wuschelbande.de\/wp-content\/uploads\/2016\/02\/Leila-01.jpg","contentUrl":"https:\/\/pon-von-der-wuschelbande.de\/wp-content\/uploads\/2016\/02\/Leila-01.jpg","width":4256,"height":2832},{"@type":"BreadcrumbList","@id":"https:\/\/pon-von-der-wuschelbande.de\/?page_id=1276#breadcrumb","itemListElement":[{"@type":"ListItem","position":1,"name":"Startseite","item":"https:\/\/pon-von-der-wuschelbande.de\/"},{"@type":"ListItem","position":2,"name":"Unsere PON","item":"https:\/\/pon-von-der-wuschelbande.de\/?page_id=10"},{"@type":"ListItem","position":3,"name":"Iwanka von der Widderburg"}]},{"@type":"WebSite","@id":"https:\/\/pon-von-der-wuschelbande.de\/#website","url":"https:\/\/pon-von-der-wuschelbande.de\/","name":"PON von der Wuschelbande","description":"PON Welpen Polski Owczarek Nizinny APH \/ VDH \/  FCI","potentialAction":[{"@type":"SearchAction","target":{"@type":"EntryPoint","urlTemplate":"https:\/\/pon-von-der-wuschelbande.de\/?s={search_term_string}"},"query-input":{"@type":"PropertyValueSpecification","valueRequired":true,"valueName":"search_term_string"}}],"inLanguage":"de"}]}},"jetpack_sharing_enabled":true,"_links":{"self":[{"href":"https:\/\/pon-von-der-wuschelbande.de\/index.php?rest_route=\/wp\/v2\/pages\/1276","targetHints":{"allow":["GET"]}}],"collection":[{"href":"https:\/\/pon-von-der-wuschelbande.de\/index.php?rest_route=\/wp\/v2\/pages"}],"about":[{"href":"https:\/\/pon-von-der-wuschelbande.de\/index.php?rest_route=\/wp\/v2\/types\/page"}],"author":[{"embeddable":true,"href":"https:\/\/pon-von-der-wuschelbande.de\/index.php?rest_route=\/wp\/v2\/users\/1"}],"replies":[{"embeddable":true,"href":"https:\/\/pon-von-der-wuschelbande.de\/index.php?rest_route=%2Fwp%2Fv2%2Fcomments&post=1276"}],"version-history":[{"count":12,"href":"https:\/\/pon-von-der-wuschelbande.de\/index.php?rest_route=\/wp\/v2\/pages\/1276\/revisions"}],"predecessor-version":[{"id":1320,"href":"https:\/\/pon-von-der-wuschelbande.de\/index.php?rest_route=\/wp\/v2\/pages\/1276\/revisions\/1320"}],"up":[{"embeddable":true,"href":"https:\/\/pon-von-der-wuschelbande.de\/index.php?rest_route=\/wp\/v2\/pages\/10"}],"wp:featuredmedia":[{"embeddable":true,"href":"https:\/\/pon-von-der-wuschelbande.de\/index.php?rest_route=\/wp\/v2\/media\/913"}],"wp:attachment":[{"href":"https:\/\/pon-von-der-wuschelbande.de\/index.php?rest_route=%2Fwp%2Fv2%2Fmedia&parent=1276"}],"curies":[{"name":"wp","href":"https:\/\/api.w.org\/{rel}","templated":true}]}}