{"id":116,"date":"2016-03-02T09:11:53","date_gmt":"2016-03-02T09:11:53","guid":{"rendered":"http:\/\/pon-von-der-wuschelbande.de\/?page_id=116"},"modified":"2025-02-11T07:31:32","modified_gmt":"2025-02-11T07:31:32","slug":"amy-pon","status":"publish","type":"page","link":"https:\/\/pon-von-der-wuschelbande.de\/?page_id=116","title":{"rendered":"Amy PON vom Hohen Stein"},"content":{"rendered":"<p><img loading=\"lazy\" decoding=\"async\" class=\"alignnone size-full wp-image-138\" src=\"http:\/\/pon-von-der-wuschelbande.de\/wp-content\/uploads\/2016\/02\/amy_collage.jpg\" alt=\"amy_collage\" width=\"2600\" height=\"2075\" srcset=\"https:\/\/pon-von-der-wuschelbande.de\/wp-content\/uploads\/2016\/02\/amy_collage.jpg 2600w, https:\/\/pon-von-der-wuschelbande.de\/wp-content\/uploads\/2016\/02\/amy_collage-300x239.jpg 300w, https:\/\/pon-von-der-wuschelbande.de\/wp-content\/uploads\/2016\/02\/amy_collage-768x613.jpg 768w, https:\/\/pon-von-der-wuschelbande.de\/wp-content\/uploads\/2016\/02\/amy_collage-1024x817.jpg 1024w, https:\/\/pon-von-der-wuschelbande.de\/wp-content\/uploads\/2016\/02\/amy_collage-1200x958.jpg 1200w\" sizes=\"auto, (max-width: 706px) 89vw, (max-width: 767px) 82vw, 740px\" \/><\/p>\n<p><strong>23.02.2004 &#8211; 24.03.2020<\/strong><\/p>\n<p>Unser kleines Powerpaket <strong>Amy, Emma oder P\u00fcppi <\/strong>genannt begleitete uns<strong> 16 Jahre, 1 Monat und 1 Tag!<\/strong><\/p>\n<p>Aemy-PON vom Hohen Stein &#8211; gew. 23.02.2004, schwarz\/wei\u00df, Herzuntersuchung o.b.B, SH: 42 cm.<\/p>\n<p>Sie war <strong>die erstgeborene<\/strong> aus unserem <a href=\"http:\/\/pon-von-der-wuschelbande.de\/?page_id=348\">A-Wurf <\/a>von unserer<a href=\"http:\/\/pon-von-der-wuschelbande.de\/?page_id=118\"> Bonny vom Trappenberg.<\/a><\/p>\n<p>Unsere kleine <strong>P\u00fcppi<\/strong> und Sportlerin, war f\u00fcr jeglichen Hundesport zu haben. Unsere Schafe h\u00fcten, war f\u00fcr sie das Gr\u00f6\u00dfte. Sie hatte 3 W\u00fcrfe, den <strong>C, E und G-Wurf<\/strong> &#8211; sie war eine tolle Zuchth\u00fcndin und liebevolle Hundemama. Sie ging nie ohne Futtertasche auser Haus &#8211; immer musste sie etwas tragen. Ihr typisches PON Lachen war einzigartig. Im Handumdrehen hat sie alles gelernt auch wenn ihr Dickkopf gro\u00df war. Fremden und Kinder gegen\u00fcber war sie &#8211; wie auch ihre Mama &#8211; immer offen und freundlich, allerdings liebte sie nicht unbedingt andere Hunde an ihrer Seite. All die Jahre war Amy Chefin in unserem Rudel, wie gut das alle j\u00fcngeren M\u00e4dels dies akzeptierten, so gab es nie Probleme.<\/p>\n<p>Wir vermissen sie sehr!<\/p>\n<p>&nbsp;<\/p>\n<p>&nbsp;<\/p>\n<p><strong>Vater: Balou vom Krombacher Eck, Mutter: Bonny vom Trappenberg<\/strong><\/p>\n","protected":false},"excerpt":{"rendered":"<p>23.02.2004 &#8211; 24.03.2020 Unser kleines Powerpaket Amy, Emma oder P\u00fcppi genannt begleitete uns 16 Jahre, 1 Monat und 1 Tag! Aemy-PON vom Hohen Stein &#8211; gew. 23.02.2004, schwarz\/wei\u00df, Herzuntersuchung o.b.B, SH: 42 cm. Sie war die erstgeborene aus unserem A-Wurf von unserer Bonny vom Trappenberg. Unsere kleine P\u00fcppi und Sportlerin, war f\u00fcr jeglichen Hundesport zu &hellip; <\/p>\n<p class=\"link-more\"><a href=\"https:\/\/pon-von-der-wuschelbande.de\/?page_id=116\" class=\"more-link\"><span class=\"screen-reader-text\">\u201eAmy PON vom Hohen Stein\u201c<\/span> weiterlesen<\/a><\/p>\n","protected":false},"author":1,"featured_media":1466,"parent":10,"menu_order":4,"comment_status":"closed","ping_status":"closed","template":"","meta":{"footnotes":""},"class_list":["post-116","page","type-page","status-publish","has-post-thumbnail","hentry"],"yoast_head":"<!-- This site is optimized with the Yoast SEO plugin v24.4 - https:\/\/yoast.com\/wordpress\/plugins\/seo\/ -->\n<title>Amy PON vom Hohen Stein - PON von der Wuschelbande<\/title>\n<meta name=\"robots\" content=\"index, follow, max-snippet:-1, max-image-preview:large, max-video-preview:-1\" \/>\n<link rel=\"canonical\" href=\"https:\/\/pon-von-der-wuschelbande.de\/?page_id=116\" \/>\n<meta property=\"og:locale\" content=\"de_DE\" \/>\n<meta property=\"og:type\" content=\"article\" \/>\n<meta property=\"og:title\" content=\"Amy PON vom Hohen Stein - PON von der Wuschelbande\" \/>\n<meta property=\"og:description\" content=\"23.02.2004 &#8211; 24.03.2020 Unser kleines Powerpaket Amy, Emma oder P\u00fcppi genannt begleitete uns 16 Jahre, 1 Monat und 1 Tag! Aemy-PON vom Hohen Stein &#8211; gew. 23.02.2004, schwarz\/wei\u00df, Herzuntersuchung o.b.B, SH: 42 cm. Sie war die erstgeborene aus unserem A-Wurf von unserer Bonny vom Trappenberg. Unsere kleine P\u00fcppi und Sportlerin, war f\u00fcr jeglichen Hundesport zu &hellip; \u201eAmy PON vom Hohen Stein\u201c weiterlesen\" \/>\n<meta property=\"og:url\" content=\"https:\/\/pon-von-der-wuschelbande.de\/?page_id=116\" \/>\n<meta property=\"og:site_name\" content=\"PON von der Wuschelbande\" \/>\n<meta property=\"article:modified_time\" content=\"2025-02-11T07:31:32+00:00\" \/>\n<meta property=\"og:image\" content=\"https:\/\/pon-von-der-wuschelbande.de\/wp-content\/uploads\/2025\/02\/Amy-39-scaled.jpg\" \/>\n\t<meta property=\"og:image:width\" content=\"2560\" \/>\n\t<meta property=\"og:image:height\" content=\"1691\" \/>\n\t<meta property=\"og:image:type\" content=\"image\/jpeg\" \/>\n<meta name=\"twitter:card\" content=\"summary_large_image\" \/>\n<meta name=\"twitter:label1\" content=\"Gesch\u00e4tzte Lesezeit\" \/>\n\t<meta name=\"twitter:data1\" content=\"1\u00a0Minute\" \/>\n<script type=\"application\/ld+json\" class=\"yoast-schema-graph\">{\"@context\":\"https:\/\/schema.org\",\"@graph\":[{\"@type\":\"WebPage\",\"@id\":\"https:\/\/pon-von-der-wuschelbande.de\/?page_id=116\",\"url\":\"https:\/\/pon-von-der-wuschelbande.de\/?page_id=116\",\"name\":\"Amy PON vom Hohen Stein - PON von der Wuschelbande\",\"isPartOf\":{\"@id\":\"https:\/\/pon-von-der-wuschelbande.de\/#website\"},\"primaryImageOfPage\":{\"@id\":\"https:\/\/pon-von-der-wuschelbande.de\/?page_id=116#primaryimage\"},\"image\":{\"@id\":\"https:\/\/pon-von-der-wuschelbande.de\/?page_id=116#primaryimage\"},\"thumbnailUrl\":\"https:\/\/pon-von-der-wuschelbande.de\/wp-content\/uploads\/2025\/02\/Amy-39-scaled.jpg\",\"datePublished\":\"2016-03-02T09:11:53+00:00\",\"dateModified\":\"2025-02-11T07:31:32+00:00\",\"breadcrumb\":{\"@id\":\"https:\/\/pon-von-der-wuschelbande.de\/?page_id=116#breadcrumb\"},\"inLanguage\":\"de\",\"potentialAction\":[{\"@type\":\"ReadAction\",\"target\":[\"https:\/\/pon-von-der-wuschelbande.de\/?page_id=116\"]}]},{\"@type\":\"ImageObject\",\"inLanguage\":\"de\",\"@id\":\"https:\/\/pon-von-der-wuschelbande.de\/?page_id=116#primaryimage\",\"url\":\"https:\/\/pon-von-der-wuschelbande.de\/wp-content\/uploads\/2025\/02\/Amy-39-scaled.jpg\",\"contentUrl\":\"https:\/\/pon-von-der-wuschelbande.de\/wp-content\/uploads\/2025\/02\/Amy-39-scaled.jpg\",\"width\":2560,\"height\":1691},{\"@type\":\"BreadcrumbList\",\"@id\":\"https:\/\/pon-von-der-wuschelbande.de\/?page_id=116#breadcrumb\",\"itemListElement\":[{\"@type\":\"ListItem\",\"position\":1,\"name\":\"Startseite\",\"item\":\"https:\/\/pon-von-der-wuschelbande.de\/\"},{\"@type\":\"ListItem\",\"position\":2,\"name\":\"Unsere PON\",\"item\":\"https:\/\/pon-von-der-wuschelbande.de\/?page_id=10\"},{\"@type\":\"ListItem\",\"position\":3,\"name\":\"Amy PON vom Hohen Stein\"}]},{\"@type\":\"WebSite\",\"@id\":\"https:\/\/pon-von-der-wuschelbande.de\/#website\",\"url\":\"https:\/\/pon-von-der-wuschelbande.de\/\",\"name\":\"PON von der Wuschelbande\",\"description\":\"PON Welpen Polski Owczarek Nizinny APH \/ VDH \/  FCI\",\"potentialAction\":[{\"@type\":\"SearchAction\",\"target\":{\"@type\":\"EntryPoint\",\"urlTemplate\":\"https:\/\/pon-von-der-wuschelbande.de\/?s={search_term_string}\"},\"query-input\":{\"@type\":\"PropertyValueSpecification\",\"valueRequired\":true,\"valueName\":\"search_term_string\"}}],\"inLanguage\":\"de\"}]}<\/script>\n<!-- \/ Yoast SEO plugin. -->","yoast_head_json":{"title":"Amy PON vom Hohen Stein - PON von der Wuschelbande","robots":{"index":"index","follow":"follow","max-snippet":"max-snippet:-1","max-image-preview":"max-image-preview:large","max-video-preview":"max-video-preview:-1"},"canonical":"https:\/\/pon-von-der-wuschelbande.de\/?page_id=116","og_locale":"de_DE","og_type":"article","og_title":"Amy PON vom Hohen Stein - PON von der Wuschelbande","og_description":"23.02.2004 &#8211; 24.03.2020 Unser kleines Powerpaket Amy, Emma oder P\u00fcppi genannt begleitete uns 16 Jahre, 1 Monat und 1 Tag! Aemy-PON vom Hohen Stein &#8211; gew. 23.02.2004, schwarz\/wei\u00df, Herzuntersuchung o.b.B, SH: 42 cm. Sie war die erstgeborene aus unserem A-Wurf von unserer Bonny vom Trappenberg. Unsere kleine P\u00fcppi und Sportlerin, war f\u00fcr jeglichen Hundesport zu &hellip; \u201eAmy PON vom Hohen Stein\u201c weiterlesen","og_url":"https:\/\/pon-von-der-wuschelbande.de\/?page_id=116","og_site_name":"PON von der Wuschelbande","article_modified_time":"2025-02-11T07:31:32+00:00","og_image":[{"width":2560,"height":1691,"url":"https:\/\/pon-von-der-wuschelbande.de\/wp-content\/uploads\/2025\/02\/Amy-39-scaled.jpg","type":"image\/jpeg"}],"twitter_card":"summary_large_image","twitter_misc":{"Gesch\u00e4tzte Lesezeit":"1\u00a0Minute"},"schema":{"@context":"https:\/\/schema.org","@graph":[{"@type":"WebPage","@id":"https:\/\/pon-von-der-wuschelbande.de\/?page_id=116","url":"https:\/\/pon-von-der-wuschelbande.de\/?page_id=116","name":"Amy PON vom Hohen Stein - PON von der Wuschelbande","isPartOf":{"@id":"https:\/\/pon-von-der-wuschelbande.de\/#website"},"primaryImageOfPage":{"@id":"https:\/\/pon-von-der-wuschelbande.de\/?page_id=116#primaryimage"},"image":{"@id":"https:\/\/pon-von-der-wuschelbande.de\/?page_id=116#primaryimage"},"thumbnailUrl":"https:\/\/pon-von-der-wuschelbande.de\/wp-content\/uploads\/2025\/02\/Amy-39-scaled.jpg","datePublished":"2016-03-02T09:11:53+00:00","dateModified":"2025-02-11T07:31:32+00:00","breadcrumb":{"@id":"https:\/\/pon-von-der-wuschelbande.de\/?page_id=116#breadcrumb"},"inLanguage":"de","potentialAction":[{"@type":"ReadAction","target":["https:\/\/pon-von-der-wuschelbande.de\/?page_id=116"]}]},{"@type":"ImageObject","inLanguage":"de","@id":"https:\/\/pon-von-der-wuschelbande.de\/?page_id=116#primaryimage","url":"https:\/\/pon-von-der-wuschelbande.de\/wp-content\/uploads\/2025\/02\/Amy-39-scaled.jpg","contentUrl":"https:\/\/pon-von-der-wuschelbande.de\/wp-content\/uploads\/2025\/02\/Amy-39-scaled.jpg","width":2560,"height":1691},{"@type":"BreadcrumbList","@id":"https:\/\/pon-von-der-wuschelbande.de\/?page_id=116#breadcrumb","itemListElement":[{"@type":"ListItem","position":1,"name":"Startseite","item":"https:\/\/pon-von-der-wuschelbande.de\/"},{"@type":"ListItem","position":2,"name":"Unsere PON","item":"https:\/\/pon-von-der-wuschelbande.de\/?page_id=10"},{"@type":"ListItem","position":3,"name":"Amy PON vom Hohen Stein"}]},{"@type":"WebSite","@id":"https:\/\/pon-von-der-wuschelbande.de\/#website","url":"https:\/\/pon-von-der-wuschelbande.de\/","name":"PON von der Wuschelbande","description":"PON Welpen Polski Owczarek Nizinny APH \/ VDH \/  FCI","potentialAction":[{"@type":"SearchAction","target":{"@type":"EntryPoint","urlTemplate":"https:\/\/pon-von-der-wuschelbande.de\/?s={search_term_string}"},"query-input":{"@type":"PropertyValueSpecification","valueRequired":true,"valueName":"search_term_string"}}],"inLanguage":"de"}]}},"jetpack_sharing_enabled":true,"_links":{"self":[{"href":"https:\/\/pon-von-der-wuschelbande.de\/index.php?rest_route=\/wp\/v2\/pages\/116","targetHints":{"allow":["GET"]}}],"collection":[{"href":"https:\/\/pon-von-der-wuschelbande.de\/index.php?rest_route=\/wp\/v2\/pages"}],"about":[{"href":"https:\/\/pon-von-der-wuschelbande.de\/index.php?rest_route=\/wp\/v2\/types\/page"}],"author":[{"embeddable":true,"href":"https:\/\/pon-von-der-wuschelbande.de\/index.php?rest_route=\/wp\/v2\/users\/1"}],"replies":[{"embeddable":true,"href":"https:\/\/pon-von-der-wuschelbande.de\/index.php?rest_route=%2Fwp%2Fv2%2Fcomments&post=116"}],"version-history":[{"count":19,"href":"https:\/\/pon-von-der-wuschelbande.de\/index.php?rest_route=\/wp\/v2\/pages\/116\/revisions"}],"predecessor-version":[{"id":1159,"href":"https:\/\/pon-von-der-wuschelbande.de\/index.php?rest_route=\/wp\/v2\/pages\/116\/revisions\/1159"}],"up":[{"embeddable":true,"href":"https:\/\/pon-von-der-wuschelbande.de\/index.php?rest_route=\/wp\/v2\/pages\/10"}],"wp:featuredmedia":[{"embeddable":true,"href":"https:\/\/pon-von-der-wuschelbande.de\/index.php?rest_route=\/wp\/v2\/media\/1466"}],"wp:attachment":[{"href":"https:\/\/pon-von-der-wuschelbande.de\/index.php?rest_route=%2Fwp%2Fv2%2Fmedia&parent=116"}],"curies":[{"name":"wp","href":"https:\/\/api.w.org\/{rel}","templated":true}]}}